{"id":4366,"date":"2022-12-02T13:43:39","date_gmt":"2022-12-02T11:43:39","guid":{"rendered":"https:\/\/operapaskaret.se\/?page_id=4366"},"modified":"2026-02-20T14:44:17","modified_gmt":"2026-02-20T12:44:17","slug":"your-visit","status":"publish","type":"page","link":"https:\/\/operapaskaret.se\/en\/your-visit\/","title":{"rendered":"Your visit"},"content":{"rendered":"<p>[et_pb_section fb_built=&#8221;1&#8243; _builder_version=&#8221;4.22.2&#8243; _module_preset=&#8221;default&#8221; background_color=&#8221;#ECECEC&#8221; locked=&#8221;off&#8221; global_colors_info=&#8221;{}&#8221;][et_pb_row column_structure=&#8221;1_2,1_2&#8243; _builder_version=&#8221;4.19.5&#8243; _module_preset=&#8221;default&#8221; global_colors_info=&#8221;{}&#8221;][et_pb_column type=&#8221;1_2&#8243; _builder_version=&#8221;4.19.5&#8243; _module_preset=&#8221;default&#8221; global_colors_info=&#8221;{}&#8221;][et_pb_code _builder_version=&#8221;4.19.5&#8243; _module_preset=&#8221;default&#8221; global_colors_info=&#8221;{}&#8221;]<iframe src=\"https:\/\/www.google.com\/maps\/embed?pb=!1m18!1m12!1m3!1d4101851.2346439!2d12.167705125319955!3d59.86811977848545!2m3!1f0!2f0!3f0!3m2!1i1024!2i768!4f13.1!3m3!1m2!1s0x465da83cc8cd8e83%3A0xb0a966d29bce784a!2zT3BlcmEgcMOlIFNrw6RyZXQ!5e0!3m2!1ssv!2sse!4v1676034867579!5m2!1ssv!2sse\" width=\"600\" height=\"450\" style=\"border:0;\" allowfullscreen=\"\" loading=\"lazy\" referrerpolicy=\"no-referrer-when-downgrade\"><\/iframe>[\/et_pb_code][\/et_pb_column][et_pb_column type=&#8221;1_2&#8243; _builder_version=&#8221;4.19.5&#8243; _module_preset=&#8221;default&#8221; global_colors_info=&#8221;{}&#8221;][et_pb_text _builder_version=&#8221;4.22.2&#8243; _module_preset=&#8221;default&#8221; global_colors_info=&#8221;{}&#8221;]<\/p>\n<h2>How to get here \u2013 by car, bus or train<\/h2>\n<p>You will find Opera p\u00e5 Sk\u00e4ret in the heart of the Bergslagen region, midway between Stockholm and Oslo and <strong>a convenient drive <\/strong>from many towns and cities in central Sweden (see map).<\/p>\n<p><strong>Package tours by bus, <\/strong>with or without an overnight stay, are arranged by many travel agencies around Sweden.<\/p>\n<p><strong>The Opera Train from Stockholm <\/strong>offers a unique all-day experience including travel, food and opera.<\/p>\n<p><strong>The<\/strong> <strong>Opera<\/strong> <strong>Bus <\/strong>takes you to Sk\u00e4ret round trip on the same day. The bus operates different routes in Sweden. The ticket is not included in a package but is purchased separately.<\/p>\n<p>&nbsp;<\/p>\n<p>[\/et_pb_text][\/et_pb_column][\/et_pb_row][\/et_pb_section][et_pb_section fb_built=&#8221;1&#8243; _builder_version=&#8221;4.20.4&#8243; _module_preset=&#8221;default&#8221; background_color=&#8221;RGBA(255,255,255,0)&#8221; locked=&#8221;off&#8221; global_colors_info=&#8221;{}&#8221;][et_pb_row column_structure=&#8221;1_2,1_2&#8243; _builder_version=&#8221;4.19.5&#8243; _module_preset=&#8221;default&#8221; global_colors_info=&#8221;{}&#8221;][et_pb_column type=&#8221;1_2&#8243; _builder_version=&#8221;4.19.5&#8243; _module_preset=&#8221;default&#8221; global_colors_info=&#8221;{}&#8221;][et_pb_image src=&#8221;https:\/\/operapaskaret.se\/wp-content\/uploads\/2023\/04\/vasselhyttan_buss-1024&#215;768.jpg&#8221; title_text=&#8221;vasselhyttan_buss&#8221; _builder_version=&#8221;4.25.2&#8243; _module_preset=&#8221;default&#8221; global_colors_info=&#8221;{}&#8221;][\/et_pb_image][\/et_pb_column][et_pb_column type=&#8221;1_2&#8243; _builder_version=&#8221;4.19.5&#8243; _module_preset=&#8221;default&#8221; global_colors_info=&#8221;{}&#8221;][et_pb_text _builder_version=&#8221;4.22.2&#8243; _module_preset=&#8221;default&#8221; global_colors_info=&#8221;{}&#8221;]<\/p>\n<h3>Package trips by bus<\/h3>\n<p>Many travel agencies in central Sweden arrange travel packages for\u00a0 bus tours to Opera p\u00e5 Sk\u00e4ret.<\/p>\n<p>Some of these are multi-day trips including an overnight stay and additional attractions, although most are single-day trips with Opera p\u00e5 Sk\u00e4ret as the principal destination.<\/p>\n<p>A link will connect you to a list of departure locations and travel dates, with direct links to the relevant organizers\u2019 websites, once they are announced.<\/p>\n<p>[\/et_pb_text][et_pb_button button_url=&#8221;\/en\/package-trips\/&#8221; button_text=&#8221;Package trips&#8221; button_alignment=&#8221;center&#8221; _builder_version=&#8221;4.22.2&#8243; _module_preset=&#8221;default&#8221; global_colors_info=&#8221;{}&#8221;][\/et_pb_button][\/et_pb_column][\/et_pb_row][et_pb_row column_structure=&#8221;1_2,1_2&#8243; _builder_version=&#8221;4.19.5&#8243; _module_preset=&#8221;default&#8221; locked=&#8221;off&#8221; global_colors_info=&#8221;{}&#8221;][et_pb_column type=&#8221;1_2&#8243; _builder_version=&#8221;4.19.5&#8243; _module_preset=&#8221;default&#8221; global_colors_info=&#8221;{}&#8221;][et_pb_image src=&#8221;https:\/\/operapaskaret.se\/wp-content\/uploads\/2024\/05\/Operabuss_vastanhede_nortic_1920x1080-1024&#215;576.jpg&#8221; title_text=&#8221;Operabuss_vastanhede_nortic_1920x1080&#8243; _builder_version=&#8221;4.27.0&#8243; _module_preset=&#8221;default&#8221; global_colors_info=&#8221;{}&#8221;][\/et_pb_image][\/et_pb_column][et_pb_column type=&#8221;1_2&#8243; _builder_version=&#8221;4.19.5&#8243; _module_preset=&#8221;default&#8221; global_colors_info=&#8221;{}&#8221;][et_pb_text _builder_version=&#8221;4.25.2&#8243; _module_preset=&#8221;default&#8221; global_colors_info=&#8221;{}&#8221;]<\/p>\n<h3>Take the Opera Bus to and from Sk\u00e4ret \u2013 all in one day<\/h3>\n<p>The Opera Bus operates four different bus routes and stops at several different stops along the way. With the Opera bus you travel comfortably and worry-free. Instead, you can relax on the bus and enjoy thoughts of the experience ahead or \u2013 if you&#8217;re on your way home \u2013 what you have just experienced.<\/p>\n<p>[\/et_pb_text][et_pb_button button_url=&#8221;\/en\/operabus\/&#8221; button_text=&#8221;Opera Bus&#8221; button_alignment=&#8221;center&#8221; disabled_on=&#8221;off|off|off&#8221; _builder_version=&#8221;4.25.2&#8243; _module_preset=&#8221;default&#8221; global_colors_info=&#8221;{}&#8221;][\/et_pb_button][\/et_pb_column][\/et_pb_row][\/et_pb_section][et_pb_section fb_built=&#8221;1&#8243; _builder_version=&#8221;4.20.4&#8243; _module_preset=&#8221;default&#8221; background_color=&#8221;#ECECEC&#8221; custom_padding=&#8221;0px|||||&#8221; locked=&#8221;off&#8221; global_colors_info=&#8221;{}&#8221;][et_pb_row column_structure=&#8221;1_2,1_2&#8243; _builder_version=&#8221;4.19.5&#8243; _module_preset=&#8221;default&#8221; global_colors_info=&#8221;{}&#8221;][et_pb_column type=&#8221;1_2&#8243; _builder_version=&#8221;4.19.5&#8243; _module_preset=&#8221;default&#8221; global_colors_info=&#8221;{}&#8221;][et_pb_image src=&#8221;https:\/\/operapaskaret.se\/wp-content\/uploads\/2023\/03\/OPS_operatag_2015_ombord_restaurangen_01_lo.jpeg&#8221; title_text=&#8221;OPS_operatag_2015_ombord_restaurangen_01_lo&#8221; _builder_version=&#8221;4.20.2&#8243; _module_preset=&#8221;default&#8221; global_colors_info=&#8221;{}&#8221;][\/et_pb_image][\/et_pb_column][et_pb_column type=&#8221;1_2&#8243; _builder_version=&#8221;4.19.5&#8243; _module_preset=&#8221;default&#8221; global_colors_info=&#8221;{}&#8221;][et_pb_text _builder_version=&#8221;4.22.2&#8243; _module_preset=&#8221;default&#8221; global_colors_info=&#8221;{}&#8221;]<\/p>\n<h3>The Opera Train from Stockholm to Sk\u00e4ret<\/h3>\n<p>For many years, vintage train tours have departed from Stockholm Central Station destined directly for Opera p\u00e5 Sk\u00e4ret, the world\u2019s only opera house with its own train platform (as far as we know).<\/p>\n<p>This offers a fascinating cultural and rural experience in the form of a train journey through bucolic, summertime Sweden, enjoyable meals in the train\u2019s classic restaurant cars, topped off by opera of the highest standard.<\/p>\n<p>The opera house in the old sawmill environment on the shore of Lake Ljusnaren completes the experience.<\/p>\n<p>&nbsp;<\/p>\n<p>[\/et_pb_text][et_pb_button button_url=&#8221;\/en\/the-opera-train\/&#8221; button_text=&#8221;All about the Opera train&#8221; button_alignment=&#8221;center&#8221; _builder_version=&#8221;4.22.2&#8243; _module_preset=&#8221;default&#8221; global_colors_info=&#8221;{}&#8221;][\/et_pb_button][\/et_pb_column][\/et_pb_row][\/et_pb_section][et_pb_section fb_built=&#8221;1&#8243; module_id=&#8221;boende&#8221; _builder_version=&#8221;4.20.2&#8243; _module_preset=&#8221;default&#8221; background_color=&#8221;RGBA(255,255,255,0)&#8221; locked=&#8221;off&#8221; global_colors_info=&#8221;{}&#8221;][et_pb_row column_structure=&#8221;1_2,1_2&#8243; _builder_version=&#8221;4.19.5&#8243; _module_preset=&#8221;default&#8221; global_colors_info=&#8221;{}&#8221;][et_pb_column type=&#8221;1_2&#8243; _builder_version=&#8221;4.19.5&#8243; _module_preset=&#8221;default&#8221; global_colors_info=&#8221;{}&#8221;][et_pb_image src=&#8221;https:\/\/operapaskaret.se\/wp-content\/uploads\/2023\/04\/Clarion-rum.png&#8221; title_text=&#8221;Clarion rum&#8221; _builder_version=&#8221;4.20.4&#8243; _module_preset=&#8221;default&#8221; global_colors_info=&#8221;{}&#8221;][\/et_pb_image][\/et_pb_column][et_pb_column type=&#8221;1_2&#8243; _builder_version=&#8221;4.19.5&#8243; _module_preset=&#8221;default&#8221; global_colors_info=&#8221;{}&#8221;][et_pb_text _builder_version=&#8221;4.27.0&#8243; _module_preset=&#8221;default&#8221; custom_padding=&#8221;0px|||||&#8221; global_colors_info=&#8221;{}&#8221;]<\/p>\n<h3>Accomodation- Where to stay<\/h3>\n<p>\u2022 If you are looking for accommodation for your Opera p\u00e5 Sk\u00e4ret visit, we have hotel-partners in several different locations, so if you are travelling by car, you can find accommodation nearby.<\/p>\n<p>\u2022 You can also reach our hotel- partners by train or our transfer bus.<\/p>\n<p>\u2022 Many of our hotel-partners have various special offers for Opera p\u00e5 Sk\u00e4ret\u2019s guests. They will all be listed here in conjunction with the ticket release for next summer.<\/p>\n<p>[\/et_pb_text][et_pb_button button_url=&#8221;https:\/\/operapaskaret.se\/en\/accommodation\/&#8221; button_text=&#8221;Accomodation partners&#8221; button_alignment=&#8221;center&#8221; disabled_on=&#8221;off|off|off&#8221; _builder_version=&#8221;4.22.2&#8243; _module_preset=&#8221;default&#8221; global_colors_info=&#8221;{}&#8221;][\/et_pb_button][\/et_pb_column][\/et_pb_row][\/et_pb_section][et_pb_section fb_built=&#8221;1&#8243; disabled_on=&#8221;off|off|off&#8221; _builder_version=&#8221;4.22.2&#8243; _module_preset=&#8221;default&#8221; background_color=&#8221;#ECECEC&#8221; locked=&#8221;off&#8221; global_colors_info=&#8221;{}&#8221;][et_pb_row column_structure=&#8221;1_2,1_2&#8243; _builder_version=&#8221;4.19.5&#8243; _module_preset=&#8221;default&#8221; global_colors_info=&#8221;{}&#8221;][et_pb_column type=&#8221;1_2&#8243; _builder_version=&#8221;4.19.5&#8243; _module_preset=&#8221;default&#8221; global_colors_info=&#8221;{}&#8221;][et_pb_image src=&#8221;https:\/\/operapaskaret.se\/wp-content\/uploads\/2023\/02\/shutterstock_152965781_lo.jpeg&#8221; title_text=&#8221;Catering,Services,Background,With,Snacks,And,Glasses,Of,Wine,On&#8221; _builder_version=&#8221;4.19.5&#8243; _module_preset=&#8221;default&#8221; global_colors_info=&#8221;{}&#8221;][\/et_pb_image][\/et_pb_column][et_pb_column type=&#8221;1_2&#8243; _builder_version=&#8221;4.19.5&#8243; _module_preset=&#8221;default&#8221; global_colors_info=&#8221;{}&#8221;][et_pb_text _builder_version=&#8221;4.27.0&#8243; _module_preset=&#8221;default&#8221; global_colors_info=&#8221;{}&#8221;]<\/p>\n<h3>Enhance your visit with good food and drink<\/h3>\n<p><span>Make your visit to Opera p\u00e5 Sk\u00e4ret a complete experience. While the opera performance naturally takes centre stage during a visit to Sk\u00e4ret, there\u2019s so much more to it. Take the opportunity to enjoy food and drinks and \u2013 last but not least \u2013 the outstanding environment.<\/span><\/p>\n<p>[\/et_pb_text][\/et_pb_column][\/et_pb_row][\/et_pb_section][et_pb_section fb_built=&#8221;1&#8243; disabled_on=&#8221;off|off|off&#8221; _builder_version=&#8221;4.22.2&#8243; _module_preset=&#8221;default&#8221; background_color=&#8221;RGBA(255,255,255,0)&#8221; locked=&#8221;off&#8221; global_colors_info=&#8221;{}&#8221;][et_pb_row column_structure=&#8221;1_2,1_2&#8243; _builder_version=&#8221;4.19.5&#8243; _module_preset=&#8221;default&#8221; global_colors_info=&#8221;{}&#8221;][et_pb_column type=&#8221;1_2&#8243; _builder_version=&#8221;4.19.5&#8243; _module_preset=&#8221;default&#8221; global_colors_info=&#8221;{}&#8221;][et_pb_image src=&#8221;https:\/\/operapaskaret.se\/wp-content\/uploads\/2023\/02\/operabutik_111.png&#8221; title_text=&#8221;operabutik_111&#8243; _builder_version=&#8221;4.19.5&#8243; _module_preset=&#8221;default&#8221; global_colors_info=&#8221;{}&#8221;][\/et_pb_image][\/et_pb_column][et_pb_column type=&#8221;1_2&#8243; _builder_version=&#8221;4.19.5&#8243; _module_preset=&#8221;default&#8221; global_colors_info=&#8221;{}&#8221;][et_pb_text _builder_version=&#8221;4.27.0&#8243; _module_preset=&#8221;default&#8221; global_colors_info=&#8221;{}&#8221;]<\/p>\n<h3>Find handicraft and souvenir bargains<\/h3>\n<p>The Opera p\u00e5 Sk\u00e4ret Shop offers a varied range of handicrafts and delicacies from the northern Bergslagen region, including souvenirs, posters, literature and music \u2013 and much more.<\/p>\n<p>The Shop is located immediately adjacent to the interval refreshments area, alongside the entrance to the opera house.<\/p>\n<p>It is open before and after performances, as well as during intervals.<\/p>\n<p>[\/et_pb_text][\/et_pb_column][\/et_pb_row][\/et_pb_section][et_pb_section fb_built=&#8221;1&#8243; _builder_version=&#8221;4.27.5&#8243; _module_preset=&#8221;default&#8221; hover_enabled=&#8221;0&#8243; global_colors_info=&#8221;{}&#8221; sticky_enabled=&#8221;0&#8243; locked=&#8221;off&#8221; background_color=&#8221;#ECECEC&#8221;][et_pb_row column_structure=&#8221;1_2,1_2&#8243; _builder_version=&#8221;4.19.5&#8243; _module_preset=&#8221;default&#8221; global_colors_info=&#8221;{}&#8221;][et_pb_column type=&#8221;1_2&#8243; _builder_version=&#8221;4.19.5&#8243; _module_preset=&#8221;default&#8221; global_colors_info=&#8221;{}&#8221;][et_pb_image src=&#8221;https:\/\/operapaskaret.se\/wp-content\/uploads\/2026\/02\/bergslagen.jpg&#8221; title_text=&#8221;bergslagen&#8221; _builder_version=&#8221;4.27.5&#8243; _module_preset=&#8221;default&#8221; hover_enabled=&#8221;0&#8243; global_colors_info=&#8221;{}&#8221; sticky_enabled=&#8221;0&#8243;][\/et_pb_image][\/et_pb_column][et_pb_column type=&#8221;1_2&#8243; _builder_version=&#8221;4.19.5&#8243; _module_preset=&#8221;default&#8221; global_colors_info=&#8221;{}&#8221;][et_pb_text _builder_version=&#8221;4.27.5&#8243; _module_preset=&#8221;default&#8221; hover_enabled=&#8221;0&#8243; global_colors_info=&#8221;{}&#8221; sticky_enabled=&#8221;0&#8243;]<\/p>\n<h3>Tourist Information<\/h3>\n<p>Via the links below, you will find official tourist information about accommodation, dining, and experiences in Bergslagen \u2014 all gathered to make it easy to plan your visit.<\/p>\n<ul>\n<li><a href=\"https:\/\/visitkopparberg.se\/\">visitkopparberg.se<\/a><\/li>\n<li><a href=\"https:\/\/www.bergslagen.se\/\" target=\"_blank\" rel=\"noopener\">bergslagen.se<\/a><\/li>\n<\/ul>\n<p>[\/et_pb_text][\/et_pb_column][\/et_pb_row][\/et_pb_section][et_pb_section fb_built=&#8221;1&#8243; theme_builder_area=&#8221;post_content&#8221; _builder_version=&#8221;4.27.5&#8243; _module_preset=&#8221;default&#8221;][\/et_pb_section]<\/p>\n","protected":false},"excerpt":{"rendered":"<p>How to get here \u2013 by car, bus or train You will find Opera p\u00e5 Sk\u00e4ret in the heart of the Bergslagen region, midway between Stockholm and Oslo and a convenient drive from many towns and cities in central Sweden (see map). Package tours by bus, with or without an overnight stay, are arranged by [&hellip;]<\/p>\n","protected":false},"author":1,"featured_media":2099,"parent":0,"menu_order":0,"comment_status":"closed","ping_status":"closed","template":"","meta":{"_et_pb_use_builder":"on","_et_pb_old_content":"","_et_gb_content_width":"","inline_featured_image":false,"footnotes":""},"class_list":["post-4366","page","type-page","status-publish","has-post-thumbnail","hentry"],"yoast_head":"<!-- This site is optimized with the Yoast SEO plugin v27.5 - https:\/\/yoast.com\/product\/yoast-seo-wordpress\/ -->\n<title>Your visit - Opera p\u00e5 Sk\u00e4ret<\/title>\n<meta name=\"robots\" content=\"index, follow, max-snippet:-1, max-image-preview:large, max-video-preview:-1\" \/>\n<link rel=\"canonical\" href=\"https:\/\/operapaskaret.se\/en\/your-visit\/\" \/>\n<meta property=\"og:locale\" content=\"en_US\" \/>\n<meta property=\"og:type\" content=\"article\" \/>\n<meta property=\"og:title\" content=\"Your visit - Opera p\u00e5 Sk\u00e4ret\" \/>\n<meta property=\"og:description\" content=\"How to get here \u2013 by car, bus or train You will find Opera p\u00e5 Sk\u00e4ret in the heart of the Bergslagen region, midway between Stockholm and Oslo and a convenient drive from many towns and cities in central Sweden (see map). Package tours by bus, with or without an overnight stay, are arranged by [&hellip;]\" \/>\n<meta property=\"og:url\" content=\"https:\/\/operapaskaret.se\/en\/your-visit\/\" \/>\n<meta property=\"og:site_name\" content=\"Opera p\u00e5 Sk\u00e4ret\" \/>\n<meta property=\"article:publisher\" content=\"https:\/\/www.facebook.com\/operapaskaret\" \/>\n<meta property=\"article:modified_time\" content=\"2026-02-20T12:44:17+00:00\" \/>\n<meta property=\"og:image\" content=\"https:\/\/operapaskaret.se\/wp-content\/uploads\/2023\/03\/OPS_huset_vattnet.jpg\" \/>\n\t<meta property=\"og:image:width\" content=\"1920\" \/>\n\t<meta property=\"og:image:height\" content=\"1080\" \/>\n\t<meta property=\"og:image:type\" content=\"image\/jpeg\" \/>\n<meta name=\"twitter:card\" content=\"summary_large_image\" \/>\n<script type=\"application\/ld+json\" class=\"yoast-schema-graph\">{\"@context\":\"https:\\\/\\\/schema.org\",\"@graph\":[{\"@type\":\"WebPage\",\"@id\":\"https:\\\/\\\/operapaskaret.se\\\/en\\\/your-visit\\\/\",\"url\":\"https:\\\/\\\/operapaskaret.se\\\/en\\\/your-visit\\\/\",\"name\":\"Your visit - Opera p\u00e5 Sk\u00e4ret\",\"isPartOf\":{\"@id\":\"https:\\\/\\\/operapaskaret.se\\\/#website\"},\"primaryImageOfPage\":{\"@id\":\"https:\\\/\\\/operapaskaret.se\\\/en\\\/your-visit\\\/#primaryimage\"},\"image\":{\"@id\":\"https:\\\/\\\/operapaskaret.se\\\/en\\\/your-visit\\\/#primaryimage\"},\"thumbnailUrl\":\"https:\\\/\\\/operapaskaret.se\\\/wp-content\\\/uploads\\\/2023\\\/03\\\/OPS_huset_vattnet.jpg\",\"datePublished\":\"2022-12-02T11:43:39+00:00\",\"dateModified\":\"2026-02-20T12:44:17+00:00\",\"breadcrumb\":{\"@id\":\"https:\\\/\\\/operapaskaret.se\\\/en\\\/your-visit\\\/#breadcrumb\"},\"inLanguage\":\"en-US\",\"potentialAction\":[{\"@type\":\"ReadAction\",\"target\":[\"https:\\\/\\\/operapaskaret.se\\\/en\\\/your-visit\\\/\"]}]},{\"@type\":\"ImageObject\",\"inLanguage\":\"en-US\",\"@id\":\"https:\\\/\\\/operapaskaret.se\\\/en\\\/your-visit\\\/#primaryimage\",\"url\":\"https:\\\/\\\/operapaskaret.se\\\/wp-content\\\/uploads\\\/2023\\\/03\\\/OPS_huset_vattnet.jpg\",\"contentUrl\":\"https:\\\/\\\/operapaskaret.se\\\/wp-content\\\/uploads\\\/2023\\\/03\\\/OPS_huset_vattnet.jpg\",\"width\":1920,\"height\":1080},{\"@type\":\"BreadcrumbList\",\"@id\":\"https:\\\/\\\/operapaskaret.se\\\/en\\\/your-visit\\\/#breadcrumb\",\"itemListElement\":[{\"@type\":\"ListItem\",\"position\":1,\"name\":\"Hem\",\"item\":\"https:\\\/\\\/operapaskaret.se\\\/en\\\/\"},{\"@type\":\"ListItem\",\"position\":2,\"name\":\"Your visit\"}]},{\"@type\":\"WebSite\",\"@id\":\"https:\\\/\\\/operapaskaret.se\\\/#website\",\"url\":\"https:\\\/\\\/operapaskaret.se\\\/\",\"name\":\"Opera p\u00e5 Sk\u00e4ret\",\"description\":\"The Opera Festival in the heart of Sweden\",\"publisher\":{\"@id\":\"https:\\\/\\\/operapaskaret.se\\\/#organization\"},\"potentialAction\":[{\"@type\":\"SearchAction\",\"target\":{\"@type\":\"EntryPoint\",\"urlTemplate\":\"https:\\\/\\\/operapaskaret.se\\\/?s={search_term_string}\"},\"query-input\":{\"@type\":\"PropertyValueSpecification\",\"valueRequired\":true,\"valueName\":\"search_term_string\"}}],\"inLanguage\":\"en-US\"},{\"@type\":\"Organization\",\"@id\":\"https:\\\/\\\/operapaskaret.se\\\/#organization\",\"name\":\"Opera p\u00e5 Sk\u00e4ret\",\"url\":\"https:\\\/\\\/operapaskaret.se\\\/\",\"logo\":{\"@type\":\"ImageObject\",\"inLanguage\":\"en-US\",\"@id\":\"https:\\\/\\\/operapaskaret.se\\\/#\\\/schema\\\/logo\\\/image\\\/\",\"url\":\"https:\\\/\\\/operapaskaret.se\\\/wp-content\\\/uploads\\\/2023\\\/01\\\/OPS_Logo_2023_b.svg\",\"contentUrl\":\"https:\\\/\\\/operapaskaret.se\\\/wp-content\\\/uploads\\\/2023\\\/01\\\/OPS_Logo_2023_b.svg\",\"width\":\"1024\",\"height\":\"1024\",\"caption\":\"Opera p\u00e5 Sk\u00e4ret\"},\"image\":{\"@id\":\"https:\\\/\\\/operapaskaret.se\\\/#\\\/schema\\\/logo\\\/image\\\/\"},\"sameAs\":[\"https:\\\/\\\/www.facebook.com\\\/operapaskaret\",\"https:\\\/\\\/www.instagram.com\\\/operapaskaret\\\/\"]}]}<\/script>\n<!-- \/ Yoast SEO plugin. -->","yoast_head_json":{"title":"Your visit - Opera p\u00e5 Sk\u00e4ret","robots":{"index":"index","follow":"follow","max-snippet":"max-snippet:-1","max-image-preview":"max-image-preview:large","max-video-preview":"max-video-preview:-1"},"canonical":"https:\/\/operapaskaret.se\/en\/your-visit\/","og_locale":"en_US","og_type":"article","og_title":"Your visit - Opera p\u00e5 Sk\u00e4ret","og_description":"How to get here \u2013 by car, bus or train You will find Opera p\u00e5 Sk\u00e4ret in the heart of the Bergslagen region, midway between Stockholm and Oslo and a convenient drive from many towns and cities in central Sweden (see map). Package tours by bus, with or without an overnight stay, are arranged by [&hellip;]","og_url":"https:\/\/operapaskaret.se\/en\/your-visit\/","og_site_name":"Opera p\u00e5 Sk\u00e4ret","article_publisher":"https:\/\/www.facebook.com\/operapaskaret","article_modified_time":"2026-02-20T12:44:17+00:00","og_image":[{"width":1920,"height":1080,"url":"https:\/\/operapaskaret.se\/wp-content\/uploads\/2023\/03\/OPS_huset_vattnet.jpg","type":"image\/jpeg"}],"twitter_card":"summary_large_image","schema":{"@context":"https:\/\/schema.org","@graph":[{"@type":"WebPage","@id":"https:\/\/operapaskaret.se\/en\/your-visit\/","url":"https:\/\/operapaskaret.se\/en\/your-visit\/","name":"Your visit - Opera p\u00e5 Sk\u00e4ret","isPartOf":{"@id":"https:\/\/operapaskaret.se\/#website"},"primaryImageOfPage":{"@id":"https:\/\/operapaskaret.se\/en\/your-visit\/#primaryimage"},"image":{"@id":"https:\/\/operapaskaret.se\/en\/your-visit\/#primaryimage"},"thumbnailUrl":"https:\/\/operapaskaret.se\/wp-content\/uploads\/2023\/03\/OPS_huset_vattnet.jpg","datePublished":"2022-12-02T11:43:39+00:00","dateModified":"2026-02-20T12:44:17+00:00","breadcrumb":{"@id":"https:\/\/operapaskaret.se\/en\/your-visit\/#breadcrumb"},"inLanguage":"en-US","potentialAction":[{"@type":"ReadAction","target":["https:\/\/operapaskaret.se\/en\/your-visit\/"]}]},{"@type":"ImageObject","inLanguage":"en-US","@id":"https:\/\/operapaskaret.se\/en\/your-visit\/#primaryimage","url":"https:\/\/operapaskaret.se\/wp-content\/uploads\/2023\/03\/OPS_huset_vattnet.jpg","contentUrl":"https:\/\/operapaskaret.se\/wp-content\/uploads\/2023\/03\/OPS_huset_vattnet.jpg","width":1920,"height":1080},{"@type":"BreadcrumbList","@id":"https:\/\/operapaskaret.se\/en\/your-visit\/#breadcrumb","itemListElement":[{"@type":"ListItem","position":1,"name":"Hem","item":"https:\/\/operapaskaret.se\/en\/"},{"@type":"ListItem","position":2,"name":"Your visit"}]},{"@type":"WebSite","@id":"https:\/\/operapaskaret.se\/#website","url":"https:\/\/operapaskaret.se\/","name":"Opera p\u00e5 Sk\u00e4ret","description":"The Opera Festival in the heart of Sweden","publisher":{"@id":"https:\/\/operapaskaret.se\/#organization"},"potentialAction":[{"@type":"SearchAction","target":{"@type":"EntryPoint","urlTemplate":"https:\/\/operapaskaret.se\/?s={search_term_string}"},"query-input":{"@type":"PropertyValueSpecification","valueRequired":true,"valueName":"search_term_string"}}],"inLanguage":"en-US"},{"@type":"Organization","@id":"https:\/\/operapaskaret.se\/#organization","name":"Opera p\u00e5 Sk\u00e4ret","url":"https:\/\/operapaskaret.se\/","logo":{"@type":"ImageObject","inLanguage":"en-US","@id":"https:\/\/operapaskaret.se\/#\/schema\/logo\/image\/","url":"https:\/\/operapaskaret.se\/wp-content\/uploads\/2023\/01\/OPS_Logo_2023_b.svg","contentUrl":"https:\/\/operapaskaret.se\/wp-content\/uploads\/2023\/01\/OPS_Logo_2023_b.svg","width":"1024","height":"1024","caption":"Opera p\u00e5 Sk\u00e4ret"},"image":{"@id":"https:\/\/operapaskaret.se\/#\/schema\/logo\/image\/"},"sameAs":["https:\/\/www.facebook.com\/operapaskaret","https:\/\/www.instagram.com\/operapaskaret\/"]}]}},"_links":{"self":[{"href":"https:\/\/operapaskaret.se\/en\/wp-json\/wp\/v2\/pages\/4366","targetHints":{"allow":["GET"]}}],"collection":[{"href":"https:\/\/operapaskaret.se\/en\/wp-json\/wp\/v2\/pages"}],"about":[{"href":"https:\/\/operapaskaret.se\/en\/wp-json\/wp\/v2\/types\/page"}],"author":[{"embeddable":true,"href":"https:\/\/operapaskaret.se\/en\/wp-json\/wp\/v2\/users\/1"}],"replies":[{"embeddable":true,"href":"https:\/\/operapaskaret.se\/en\/wp-json\/wp\/v2\/comments?post=4366"}],"version-history":[{"count":19,"href":"https:\/\/operapaskaret.se\/en\/wp-json\/wp\/v2\/pages\/4366\/revisions"}],"predecessor-version":[{"id":11560,"href":"https:\/\/operapaskaret.se\/en\/wp-json\/wp\/v2\/pages\/4366\/revisions\/11560"}],"wp:featuredmedia":[{"embeddable":true,"href":"https:\/\/operapaskaret.se\/en\/wp-json\/wp\/v2\/media\/2099"}],"wp:attachment":[{"href":"https:\/\/operapaskaret.se\/en\/wp-json\/wp\/v2\/media?parent=4366"}],"curies":[{"name":"wp","href":"https:\/\/api.w.org\/{rel}","templated":true}]}}