{"id":4407,"date":"2023-03-28T08:03:16","date_gmt":"2023-03-28T06:03:16","guid":{"rendered":"https:\/\/operapaskaret.se\/?page_id=4407"},"modified":"2025-11-11T13:30:47","modified_gmt":"2025-11-11T11:30:47","slug":"the-opera-train","status":"publish","type":"page","link":"https:\/\/operapaskaret.se\/en\/the-opera-train\/","title":{"rendered":"The opera train"},"content":{"rendered":"<p>[et_pb_section fb_built=&#8221;1&#8243; _builder_version=&#8221;4.22.2&#8243; _module_preset=&#8221;default&#8221; background_color=&#8221;#B1B1B1&#8243; background_image=&#8221;https:\/\/operapaskaret.se\/wp-content\/uploads\/2023\/03\/OPS_operatag_2015_ombord_restaurangen_01_lo.jpeg&#8221; background_position=&#8221;bottom_left&#8221; background_blend=&#8221;multiply&#8221; height=&#8221;670px&#8221; height_tablet=&#8221;670px&#8221; height_phone=&#8221;540px&#8221; height_last_edited=&#8221;on|phone&#8221; locked=&#8221;off&#8221; global_colors_info=&#8221;{}&#8221;][et_pb_row _builder_version=&#8221;4.19.5&#8243; _module_preset=&#8221;default&#8221; global_colors_info=&#8221;{}&#8221;][et_pb_column type=&#8221;4_4&#8243; _builder_version=&#8221;4.19.5&#8243; _module_preset=&#8221;default&#8221; global_colors_info=&#8221;{}&#8221;][et_pb_divider show_divider=&#8221;off&#8221; disabled_on=&#8221;off|off|off&#8221; _builder_version=&#8221;4.22.2&#8243; _module_preset=&#8221;default&#8221; height=&#8221;120px&#8221; global_colors_info=&#8221;{}&#8221;][\/et_pb_divider][et_pb_text _builder_version=&#8221;4.22.2&#8243; _module_preset=&#8221;default&#8221; header_text_align=&#8221;right&#8221; background_layout=&#8221;dark&#8221; max_width=&#8221;500px&#8221; max_width_tablet=&#8221;525px&#8221; max_width_phone=&#8221;525px&#8221; max_width_last_edited=&#8221;on|phone&#8221; module_alignment=&#8221;right&#8221; header_text_align_tablet=&#8221;right&#8221; header_text_align_phone=&#8221;center&#8221; header_text_align_last_edited=&#8221;on|phone&#8221; global_colors_info=&#8221;{}&#8221;]<\/p>\n<h1>The Opera Train to Sk\u00e4ret \u2013 a unique summertime tradition<\/h1>\n<p>[\/et_pb_text][\/et_pb_column][\/et_pb_row][\/et_pb_section][et_pb_section fb_built=&#8221;1&#8243; _builder_version=&#8221;4.19.5&#8243; _module_preset=&#8221;default&#8221; custom_padding=&#8221;0px|||||&#8221; global_colors_info=&#8221;{}&#8221;][et_pb_row column_structure=&#8221;3_5,2_5&#8243; _builder_version=&#8221;4.27.4&#8243; _module_preset=&#8221;default&#8221; min_height=&#8221;169px&#8221; custom_padding=&#8221;61px||48px|||&#8221; global_colors_info=&#8221;{}&#8221;][et_pb_column type=&#8221;3_5&#8243; _builder_version=&#8221;4.19.5&#8243; _module_preset=&#8221;default&#8221; global_colors_info=&#8221;{}&#8221;][et_pb_text _builder_version=&#8221;4.27.4&#8243; _module_preset=&#8221;default&#8221; global_colors_info=&#8221;{}&#8221;]<\/p>\n<div class=\"vc-row-wrapper vc_custom_1546961929566\" data-parallax_sense=\"30\">\n<div class=\"wpb_row row\">\n<div class=\"twelve columns vc-column-extra-class-64219831923a4\" data-parallax_sense=\"30\">\n<div class=\"wpb_wrapper\">\n<div class=\"wpb_text_column wpb_content_element  vc_custom_1669373620446\">\n<div class=\"wpb_wrapper\">\n<h4>Train package including opera ticket, travel, and meals<\/h4>\n<p>For many years now, trips have been made with vintage trains from Stockholm Central directly to Opera p\u00e5 Sk\u00e4ret. Here, at Bergslagsbanan, Opera p\u00e5 Sk\u00e4ret has its very own platform, just a couple of minute\u2019s walk from the opera house itself.<\/p>\n<p>It&#8217;s a fascinating cultural and nature experience with a train journey through Summer Sweden in first-class vintage carriages, enjoyable meals in classic restaurant carriages from the thirties, and opera art at the highest level in an old sawmill environment.<\/p>\n<p><strong>The train package includes:<\/strong><\/p>\n<ul>\n<li>Round trip from Stockholm C to Sk\u00e4ret<\/li>\n<li>Two-course lunch<\/li>\n<li>Three-course dinner<\/li>\n<li>Opera ticket<\/li>\n<\/ul>\n<p>When purchasing a ticket for the train package, you should not buy an opera ticket separately, as it is included in the package. <a href=\"https:\/\/operapaskaret.se\/en\/tickets\/\">Buy ticket here<\/a><\/p>\n<div class=\"flex-shrink-0 flex flex-col relative items-end\">\n<div class=\"pt-0\">\n<div class=\"gizmo-bot-avatar flex h-8 w-8 items-center justify-center overflow-hidden rounded-full\">\n<div class=\"relative p-1 rounded-sm flex items-center justify-center bg-token-main-surface-primary text-token-text-primary h-8 w-8\">\n<p><span style=\"font-size: 20px;\">Closer to the departure date, SK\u00c5J (Stockholm&#8217;s Cultural Society for Steam and Railway) will provide the exact departure time for the train as well as more information about the journey.<\/span><\/p>\n<\/div>\n<\/div>\n<\/div>\n<\/div>\n<p style=\"font-weight: 400;\"><span><strong><\/strong><\/span><\/p>\n<p style=\"font-weight: 400;\"><span><strong>Are you traveling with the Opera Train and are interested in buying tickets for the opera introduction?<\/strong><br \/><\/span><\/p>\n<p style=\"font-weight: 400;\"><span>We advise against pre-purchasing tickets for the introduction as the train arrives sometime between 14.00-14.30 and the introduction starts at 14.15. If the train arrives earlier than 14.15, tickets can be purchased at the ticket office.<\/span><\/p>\n<\/div>\n<\/div>\n<\/div>\n<\/div>\n<\/div>\n<\/div>\n<p>[\/et_pb_text][et_pb_button button_url=&#8221;https:\/\/operapaskaret.se\/en\/tickets\/&#8221; button_text=&#8221;Learn more about prices and departure dates&#8221; _builder_version=&#8221;4.27.4&#8243; _module_preset=&#8221;default&#8221; custom_button=&#8221;on&#8221; button_text_size=&#8221;14px&#8221; button_text_color=&#8221;#ECECEC&#8221; button_bg_color=&#8221;#1C1C1C&#8221; button_border_color=&#8221;#1C1C1C&#8221; hover_enabled=&#8221;0&#8243; global_colors_info=&#8221;{}&#8221; button_bg_enable_color=&#8221;on&#8221; sticky_enabled=&#8221;0&#8243;][\/et_pb_button][et_pb_button button_text=&#8221;See preliminary departure times for 2026&#8243; _builder_version=&#8221;4.27.4&#8243; _module_preset=&#8221;default&#8221; hover_enabled=&#8221;0&#8243; sticky_enabled=&#8221;0&#8243; button_url=&#8221;https:\/\/operapaskaret.se\/en\/tagtider-2026\/?et_fb=1&#038;PageSpeed=off&#8221; url_new_window=&#8221;on&#8221; custom_button=&#8221;on&#8221; button_text_size=&#8221;14px&#8221; button_border_radius=&#8221;5px&#8221;][\/et_pb_button][et_pb_text _builder_version=&#8221;4.27.0&#8243; _module_preset=&#8221;default&#8221; global_colors_info=&#8221;{}&#8221;]<\/p>\n<div class=\"vc-row-wrapper vc_custom_1546961929566\" data-parallax_sense=\"30\">\n<div class=\"wpb_row row\">\n<div class=\"twelve columns vc-column-extra-class-64219831923a4\" data-parallax_sense=\"30\">\n<div class=\"wpb_wrapper\">\n<div class=\"wpb_text_column wpb_content_element  vc_custom_1669373620446\">\n<div class=\"wpb_wrapper\">\n<div class=\"vc-row-wrapper vc_custom_1546961929566\" data-parallax_sense=\"30\">\n<div class=\"wpb_row row\">\n<div class=\"twelve columns vc-column-extra-class-64219831923a4\" data-parallax_sense=\"30\">\n<div class=\"wpb_wrapper\">\n<div class=\"wpb_text_column wpb_content_element  vc_custom_1669373620446\">\n<div class=\"wpb_wrapper\">\n<p>The opera train is a collaboration between Opera p\u00e5 Sk\u00e4ret and <a href=\"http:\/\/www.skaj.se\/\">SK\u00c5J<\/a> (Stockholm\u2019s Cultural Society for Steam and Railway).<\/p>\n<\/div>\n<\/div>\n<\/div>\n<\/div>\n<\/div>\n<\/div>\n<\/div>\n<\/div>\n<\/div>\n<\/div>\n<\/div>\n<\/div>\n<p>[\/et_pb_text][\/et_pb_column][et_pb_column type=&#8221;2_5&#8243; _builder_version=&#8221;4.19.5&#8243; _module_preset=&#8221;default&#8221; global_colors_info=&#8221;{}&#8221;][et_pb_gallery gallery_ids=&#8221;2223,2221,2232,2230&#8243; fullwidth=&#8221;on&#8221; _builder_version=&#8221;4.20.2&#8243; _module_preset=&#8221;default&#8221; background_layout=&#8221;dark&#8221; global_colors_info=&#8221;{}&#8221;][\/et_pb_gallery][et_pb_image src=&#8221;https:\/\/operapaskaret.se\/wp-content\/uploads\/2023\/03\/operatag_exterior_2.jpeg&#8221; title_text=&#8221;operat\u00e5g_exteri\u00f6r_2&#8243; _builder_version=&#8221;4.20.2&#8243; _module_preset=&#8221;default&#8221; global_colors_info=&#8221;{}&#8221;][\/et_pb_image][\/et_pb_column][\/et_pb_row][et_pb_row _builder_version=&#8221;4.22.2&#8243; _module_preset=&#8221;default&#8221; custom_padding=&#8221;0px|||||&#8221; global_colors_info=&#8221;{}&#8221;][et_pb_column type=&#8221;4_4&#8243; _builder_version=&#8221;4.22.2&#8243; _module_preset=&#8221;default&#8221; global_colors_info=&#8221;{}&#8221;][et_pb_video src=&#8221;https:\/\/youtu.be\/T5d3c7XedBo?feature=shared&#8221; _builder_version=&#8221;4.22.2&#8243; _module_preset=&#8221;default&#8221; global_colors_info=&#8221;{}&#8221;][\/et_pb_video][\/et_pb_column][\/et_pb_row][\/et_pb_section]<\/p>\n","protected":false},"excerpt":{"rendered":"<p>The Opera Train to Sk\u00e4ret \u2013 a unique summertime tradition Train package including opera ticket, travel, and meals For many years now, trips have been made with vintage trains from Stockholm Central directly to Opera p\u00e5 Sk\u00e4ret. Here, at Bergslagsbanan, Opera p\u00e5 Sk\u00e4ret has its very own platform, just a couple of minute\u2019s walk from [&hellip;]<\/p>\n","protected":false},"author":1,"featured_media":0,"parent":0,"menu_order":0,"comment_status":"closed","ping_status":"closed","template":"","meta":{"_et_pb_use_builder":"on","_et_pb_old_content":"","_et_gb_content_width":"","inline_featured_image":false,"footnotes":""},"class_list":["post-4407","page","type-page","status-publish","hentry"],"yoast_head":"<!-- This site is optimized with the Yoast SEO plugin v27.4 - https:\/\/yoast.com\/product\/yoast-seo-wordpress\/ -->\n<title>The opera train - Opera p\u00e5 Sk\u00e4ret<\/title>\n<meta name=\"robots\" content=\"index, follow, max-snippet:-1, max-image-preview:large, max-video-preview:-1\" \/>\n<link rel=\"canonical\" href=\"https:\/\/operapaskaret.se\/en\/the-opera-train\/\" \/>\n<meta property=\"og:locale\" content=\"en_US\" \/>\n<meta property=\"og:type\" content=\"article\" \/>\n<meta property=\"og:title\" content=\"The opera train - Opera p\u00e5 Sk\u00e4ret\" \/>\n<meta property=\"og:description\" content=\"The Opera Train to Sk\u00e4ret \u2013 a unique summertime tradition Train package including opera ticket, travel, and meals For many years now, trips have been made with vintage trains from Stockholm Central directly to Opera p\u00e5 Sk\u00e4ret. Here, at Bergslagsbanan, Opera p\u00e5 Sk\u00e4ret has its very own platform, just a couple of minute\u2019s walk from [&hellip;]\" \/>\n<meta property=\"og:url\" content=\"https:\/\/operapaskaret.se\/en\/the-opera-train\/\" \/>\n<meta property=\"og:site_name\" content=\"Opera p\u00e5 Sk\u00e4ret\" \/>\n<meta property=\"article:publisher\" content=\"https:\/\/www.facebook.com\/operapaskaret\" \/>\n<meta property=\"article:modified_time\" content=\"2025-11-11T11:30:47+00:00\" \/>\n<meta name=\"twitter:card\" content=\"summary_large_image\" \/>\n<meta name=\"twitter:label1\" content=\"Est. reading time\" \/>\n\t<meta name=\"twitter:data1\" content=\"1 minute\" \/>\n<script type=\"application\/ld+json\" class=\"yoast-schema-graph\">{\"@context\":\"https:\\\/\\\/schema.org\",\"@graph\":[{\"@type\":\"WebPage\",\"@id\":\"https:\\\/\\\/operapaskaret.se\\\/en\\\/the-opera-train\\\/\",\"url\":\"https:\\\/\\\/operapaskaret.se\\\/en\\\/the-opera-train\\\/\",\"name\":\"The opera train - Opera p\u00e5 Sk\u00e4ret\",\"isPartOf\":{\"@id\":\"https:\\\/\\\/operapaskaret.se\\\/#website\"},\"datePublished\":\"2023-03-28T06:03:16+00:00\",\"dateModified\":\"2025-11-11T11:30:47+00:00\",\"breadcrumb\":{\"@id\":\"https:\\\/\\\/operapaskaret.se\\\/en\\\/the-opera-train\\\/#breadcrumb\"},\"inLanguage\":\"en-US\",\"potentialAction\":[{\"@type\":\"ReadAction\",\"target\":[\"https:\\\/\\\/operapaskaret.se\\\/en\\\/the-opera-train\\\/\"]}]},{\"@type\":\"BreadcrumbList\",\"@id\":\"https:\\\/\\\/operapaskaret.se\\\/en\\\/the-opera-train\\\/#breadcrumb\",\"itemListElement\":[{\"@type\":\"ListItem\",\"position\":1,\"name\":\"Hem\",\"item\":\"https:\\\/\\\/operapaskaret.se\\\/en\\\/\"},{\"@type\":\"ListItem\",\"position\":2,\"name\":\"The opera train\"}]},{\"@type\":\"WebSite\",\"@id\":\"https:\\\/\\\/operapaskaret.se\\\/#website\",\"url\":\"https:\\\/\\\/operapaskaret.se\\\/\",\"name\":\"Opera p\u00e5 Sk\u00e4ret\",\"description\":\"The Opera Festival in the heart of Sweden\",\"publisher\":{\"@id\":\"https:\\\/\\\/operapaskaret.se\\\/#organization\"},\"potentialAction\":[{\"@type\":\"SearchAction\",\"target\":{\"@type\":\"EntryPoint\",\"urlTemplate\":\"https:\\\/\\\/operapaskaret.se\\\/?s={search_term_string}\"},\"query-input\":{\"@type\":\"PropertyValueSpecification\",\"valueRequired\":true,\"valueName\":\"search_term_string\"}}],\"inLanguage\":\"en-US\"},{\"@type\":\"Organization\",\"@id\":\"https:\\\/\\\/operapaskaret.se\\\/#organization\",\"name\":\"Opera p\u00e5 Sk\u00e4ret\",\"url\":\"https:\\\/\\\/operapaskaret.se\\\/\",\"logo\":{\"@type\":\"ImageObject\",\"inLanguage\":\"en-US\",\"@id\":\"https:\\\/\\\/operapaskaret.se\\\/#\\\/schema\\\/logo\\\/image\\\/\",\"url\":\"https:\\\/\\\/operapaskaret.se\\\/wp-content\\\/uploads\\\/2023\\\/01\\\/OPS_Logo_2023_b.svg\",\"contentUrl\":\"https:\\\/\\\/operapaskaret.se\\\/wp-content\\\/uploads\\\/2023\\\/01\\\/OPS_Logo_2023_b.svg\",\"width\":\"1024\",\"height\":\"1024\",\"caption\":\"Opera p\u00e5 Sk\u00e4ret\"},\"image\":{\"@id\":\"https:\\\/\\\/operapaskaret.se\\\/#\\\/schema\\\/logo\\\/image\\\/\"},\"sameAs\":[\"https:\\\/\\\/www.facebook.com\\\/operapaskaret\",\"https:\\\/\\\/www.instagram.com\\\/operapaskaret\\\/\"]}]}<\/script>\n<!-- \/ Yoast SEO plugin. -->","yoast_head_json":{"title":"The opera train - Opera p\u00e5 Sk\u00e4ret","robots":{"index":"index","follow":"follow","max-snippet":"max-snippet:-1","max-image-preview":"max-image-preview:large","max-video-preview":"max-video-preview:-1"},"canonical":"https:\/\/operapaskaret.se\/en\/the-opera-train\/","og_locale":"en_US","og_type":"article","og_title":"The opera train - Opera p\u00e5 Sk\u00e4ret","og_description":"The Opera Train to Sk\u00e4ret \u2013 a unique summertime tradition Train package including opera ticket, travel, and meals For many years now, trips have been made with vintage trains from Stockholm Central directly to Opera p\u00e5 Sk\u00e4ret. Here, at Bergslagsbanan, Opera p\u00e5 Sk\u00e4ret has its very own platform, just a couple of minute\u2019s walk from [&hellip;]","og_url":"https:\/\/operapaskaret.se\/en\/the-opera-train\/","og_site_name":"Opera p\u00e5 Sk\u00e4ret","article_publisher":"https:\/\/www.facebook.com\/operapaskaret","article_modified_time":"2025-11-11T11:30:47+00:00","twitter_card":"summary_large_image","twitter_misc":{"Est. reading time":"1 minute"},"schema":{"@context":"https:\/\/schema.org","@graph":[{"@type":"WebPage","@id":"https:\/\/operapaskaret.se\/en\/the-opera-train\/","url":"https:\/\/operapaskaret.se\/en\/the-opera-train\/","name":"The opera train - Opera p\u00e5 Sk\u00e4ret","isPartOf":{"@id":"https:\/\/operapaskaret.se\/#website"},"datePublished":"2023-03-28T06:03:16+00:00","dateModified":"2025-11-11T11:30:47+00:00","breadcrumb":{"@id":"https:\/\/operapaskaret.se\/en\/the-opera-train\/#breadcrumb"},"inLanguage":"en-US","potentialAction":[{"@type":"ReadAction","target":["https:\/\/operapaskaret.se\/en\/the-opera-train\/"]}]},{"@type":"BreadcrumbList","@id":"https:\/\/operapaskaret.se\/en\/the-opera-train\/#breadcrumb","itemListElement":[{"@type":"ListItem","position":1,"name":"Hem","item":"https:\/\/operapaskaret.se\/en\/"},{"@type":"ListItem","position":2,"name":"The opera train"}]},{"@type":"WebSite","@id":"https:\/\/operapaskaret.se\/#website","url":"https:\/\/operapaskaret.se\/","name":"Opera p\u00e5 Sk\u00e4ret","description":"The Opera Festival in the heart of Sweden","publisher":{"@id":"https:\/\/operapaskaret.se\/#organization"},"potentialAction":[{"@type":"SearchAction","target":{"@type":"EntryPoint","urlTemplate":"https:\/\/operapaskaret.se\/?s={search_term_string}"},"query-input":{"@type":"PropertyValueSpecification","valueRequired":true,"valueName":"search_term_string"}}],"inLanguage":"en-US"},{"@type":"Organization","@id":"https:\/\/operapaskaret.se\/#organization","name":"Opera p\u00e5 Sk\u00e4ret","url":"https:\/\/operapaskaret.se\/","logo":{"@type":"ImageObject","inLanguage":"en-US","@id":"https:\/\/operapaskaret.se\/#\/schema\/logo\/image\/","url":"https:\/\/operapaskaret.se\/wp-content\/uploads\/2023\/01\/OPS_Logo_2023_b.svg","contentUrl":"https:\/\/operapaskaret.se\/wp-content\/uploads\/2023\/01\/OPS_Logo_2023_b.svg","width":"1024","height":"1024","caption":"Opera p\u00e5 Sk\u00e4ret"},"image":{"@id":"https:\/\/operapaskaret.se\/#\/schema\/logo\/image\/"},"sameAs":["https:\/\/www.facebook.com\/operapaskaret","https:\/\/www.instagram.com\/operapaskaret\/"]}]}},"_links":{"self":[{"href":"https:\/\/operapaskaret.se\/en\/wp-json\/wp\/v2\/pages\/4407","targetHints":{"allow":["GET"]}}],"collection":[{"href":"https:\/\/operapaskaret.se\/en\/wp-json\/wp\/v2\/pages"}],"about":[{"href":"https:\/\/operapaskaret.se\/en\/wp-json\/wp\/v2\/types\/page"}],"author":[{"embeddable":true,"href":"https:\/\/operapaskaret.se\/en\/wp-json\/wp\/v2\/users\/1"}],"replies":[{"embeddable":true,"href":"https:\/\/operapaskaret.se\/en\/wp-json\/wp\/v2\/comments?post=4407"}],"version-history":[{"count":26,"href":"https:\/\/operapaskaret.se\/en\/wp-json\/wp\/v2\/pages\/4407\/revisions"}],"predecessor-version":[{"id":11171,"href":"https:\/\/operapaskaret.se\/en\/wp-json\/wp\/v2\/pages\/4407\/revisions\/11171"}],"wp:attachment":[{"href":"https:\/\/operapaskaret.se\/en\/wp-json\/wp\/v2\/media?parent=4407"}],"curies":[{"name":"wp","href":"https:\/\/api.w.org\/{rel}","templated":true}]}}