{"id":4467,"date":"2022-11-24T20:56:48","date_gmt":"2022-11-24T18:56:48","guid":{"rendered":"https:\/\/operapaskaret.se\/?page_id=4467"},"modified":"2025-10-03T12:23:35","modified_gmt":"2025-10-03T10:23:35","slug":"contact","status":"publish","type":"page","link":"https:\/\/operapaskaret.se\/en\/contact\/","title":{"rendered":"Kontakt"},"content":{"rendered":"<p>[et_pb_section fb_built=&#8221;1&#8243; _builder_version=&#8221;4.19.5&#8243; _module_preset=&#8221;default&#8221; global_colors_info=&#8221;{}&#8221;][et_pb_row _builder_version=&#8221;4.19.5&#8243; _module_preset=&#8221;default&#8221; global_colors_info=&#8221;{}&#8221;][et_pb_column type=&#8221;4_4&#8243; _builder_version=&#8221;4.19.5&#8243; _module_preset=&#8221;default&#8221; global_colors_info=&#8221;{}&#8221;][et_pb_text _builder_version=&#8221;4.22.2&#8243; _module_preset=&#8221;default&#8221; global_colors_info=&#8221;{}&#8221;]<\/p>\n<h1 style=\"text-align: center;\">Contact Opera p\u00e5 Sk\u00e4ret<\/h1>\n<p>[\/et_pb_text][\/et_pb_column][\/et_pb_row][et_pb_row column_structure=&#8221;3_5,2_5&#8243; _builder_version=&#8221;4.19.5&#8243; _module_preset=&#8221;default&#8221; global_colors_info=&#8221;{}&#8221;][et_pb_column type=&#8221;3_5&#8243; _builder_version=&#8221;4.19.5&#8243; _module_preset=&#8221;default&#8221; global_colors_info=&#8221;{}&#8221;][et_pb_text _builder_version=&#8221;4.27.4&#8243; _module_preset=&#8221;default&#8221; global_colors_info=&#8221;{}&#8221;]<\/p>\n<p>The ticket office is open on Mondays, Wednesdays and Thursdays from 10 AM to 12 PM.<\/p>\n<p><strong>Tickets<\/strong><br \/>Phone: +46 580-711 00<br \/>E-mail:<a href=\"mailto:biljetter@operapaskaret.se\"> biljetter@operapaskaret.se<\/a><\/p>\n<p><strong>Customer service<\/strong><br \/>E-mail:<a href=\"mailto:info@operapaskaret.se\"> info@operapaskaret.se<\/a><\/p>\n<p>&nbsp;<\/p>\n<p>[\/et_pb_text][\/et_pb_column][et_pb_column type=&#8221;2_5&#8243; _builder_version=&#8221;4.19.5&#8243; _module_preset=&#8221;default&#8221; global_colors_info=&#8221;{}&#8221;][et_pb_text _builder_version=&#8221;4.22.1&#8243; _module_preset=&#8221;default&#8221; global_colors_info=&#8221;{}&#8221;]<strong>Press<br \/>\n<\/strong><a href=\"mailto:press@operapaskaret.se\">press@operapaskaret.se<\/a>[\/et_pb_text][\/et_pb_column][\/et_pb_row][\/et_pb_section]<\/p>\n","protected":false},"excerpt":{"rendered":"<p>Contact Opera p\u00e5 Sk\u00e4retThe ticket office is open on Mondays, Wednesdays and Thursdays from 10 AM to 12 PM. TicketsPhone: +46 580-711 00E-mail: biljetter@operapaskaret.se Customer serviceE-mail: info@operapaskaret.se &nbsp;Press press@operapaskaret.se<\/p>\n","protected":false},"author":1,"featured_media":0,"parent":0,"menu_order":0,"comment_status":"closed","ping_status":"closed","template":"","meta":{"_et_pb_use_builder":"on","_et_pb_old_content":"","_et_gb_content_width":"","inline_featured_image":false,"footnotes":""},"class_list":["post-4467","page","type-page","status-publish","hentry"],"yoast_head":"<!-- This site is optimized with the Yoast SEO plugin v27.5 - https:\/\/yoast.com\/product\/yoast-seo-wordpress\/ -->\n<title>Kontakt - Opera p\u00e5 Sk\u00e4ret<\/title>\n<meta name=\"robots\" content=\"index, follow, max-snippet:-1, max-image-preview:large, max-video-preview:-1\" \/>\n<link rel=\"canonical\" href=\"https:\/\/operapaskaret.se\/en\/contact\/\" \/>\n<meta property=\"og:locale\" content=\"en_US\" \/>\n<meta property=\"og:type\" content=\"article\" \/>\n<meta property=\"og:title\" content=\"Kontakt - Opera p\u00e5 Sk\u00e4ret\" \/>\n<meta property=\"og:description\" content=\"Contact Opera p\u00e5 Sk\u00e4retThe ticket office is open on Mondays, Wednesdays and Thursdays from 10 AM to 12 PM. TicketsPhone: +46 580-711 00E-mail: biljetter@operapaskaret.se Customer serviceE-mail: info@operapaskaret.se &nbsp;Press press@operapaskaret.se\" \/>\n<meta property=\"og:url\" content=\"https:\/\/operapaskaret.se\/en\/contact\/\" \/>\n<meta property=\"og:site_name\" content=\"Opera p\u00e5 Sk\u00e4ret\" \/>\n<meta property=\"article:publisher\" content=\"https:\/\/www.facebook.com\/operapaskaret\" \/>\n<meta property=\"article:modified_time\" content=\"2025-10-03T10:23:35+00:00\" \/>\n<meta name=\"twitter:card\" content=\"summary_large_image\" \/>\n<meta name=\"twitter:label1\" content=\"Est. reading time\" \/>\n\t<meta name=\"twitter:data1\" content=\"1 minute\" \/>\n<script type=\"application\/ld+json\" class=\"yoast-schema-graph\">{\"@context\":\"https:\\\/\\\/schema.org\",\"@graph\":[{\"@type\":\"WebPage\",\"@id\":\"https:\\\/\\\/operapaskaret.se\\\/en\\\/contact\\\/\",\"url\":\"https:\\\/\\\/operapaskaret.se\\\/en\\\/contact\\\/\",\"name\":\"Kontakt - Opera p\u00e5 Sk\u00e4ret\",\"isPartOf\":{\"@id\":\"https:\\\/\\\/operapaskaret.se\\\/#website\"},\"datePublished\":\"2022-11-24T18:56:48+00:00\",\"dateModified\":\"2025-10-03T10:23:35+00:00\",\"breadcrumb\":{\"@id\":\"https:\\\/\\\/operapaskaret.se\\\/en\\\/contact\\\/#breadcrumb\"},\"inLanguage\":\"en-US\",\"potentialAction\":[{\"@type\":\"ReadAction\",\"target\":[\"https:\\\/\\\/operapaskaret.se\\\/en\\\/contact\\\/\"]}]},{\"@type\":\"BreadcrumbList\",\"@id\":\"https:\\\/\\\/operapaskaret.se\\\/en\\\/contact\\\/#breadcrumb\",\"itemListElement\":[{\"@type\":\"ListItem\",\"position\":1,\"name\":\"Hem\",\"item\":\"https:\\\/\\\/operapaskaret.se\\\/en\\\/\"},{\"@type\":\"ListItem\",\"position\":2,\"name\":\"Kontakt\"}]},{\"@type\":\"WebSite\",\"@id\":\"https:\\\/\\\/operapaskaret.se\\\/#website\",\"url\":\"https:\\\/\\\/operapaskaret.se\\\/\",\"name\":\"Opera p\u00e5 Sk\u00e4ret\",\"description\":\"The Opera Festival in the heart of Sweden\",\"publisher\":{\"@id\":\"https:\\\/\\\/operapaskaret.se\\\/#organization\"},\"potentialAction\":[{\"@type\":\"SearchAction\",\"target\":{\"@type\":\"EntryPoint\",\"urlTemplate\":\"https:\\\/\\\/operapaskaret.se\\\/?s={search_term_string}\"},\"query-input\":{\"@type\":\"PropertyValueSpecification\",\"valueRequired\":true,\"valueName\":\"search_term_string\"}}],\"inLanguage\":\"en-US\"},{\"@type\":\"Organization\",\"@id\":\"https:\\\/\\\/operapaskaret.se\\\/#organization\",\"name\":\"Opera p\u00e5 Sk\u00e4ret\",\"url\":\"https:\\\/\\\/operapaskaret.se\\\/\",\"logo\":{\"@type\":\"ImageObject\",\"inLanguage\":\"en-US\",\"@id\":\"https:\\\/\\\/operapaskaret.se\\\/#\\\/schema\\\/logo\\\/image\\\/\",\"url\":\"https:\\\/\\\/operapaskaret.se\\\/wp-content\\\/uploads\\\/2023\\\/01\\\/OPS_Logo_2023_b.svg\",\"contentUrl\":\"https:\\\/\\\/operapaskaret.se\\\/wp-content\\\/uploads\\\/2023\\\/01\\\/OPS_Logo_2023_b.svg\",\"width\":\"1024\",\"height\":\"1024\",\"caption\":\"Opera p\u00e5 Sk\u00e4ret\"},\"image\":{\"@id\":\"https:\\\/\\\/operapaskaret.se\\\/#\\\/schema\\\/logo\\\/image\\\/\"},\"sameAs\":[\"https:\\\/\\\/www.facebook.com\\\/operapaskaret\",\"https:\\\/\\\/www.instagram.com\\\/operapaskaret\\\/\"]}]}<\/script>\n<!-- \/ Yoast SEO plugin. -->","yoast_head_json":{"title":"Kontakt - Opera p\u00e5 Sk\u00e4ret","robots":{"index":"index","follow":"follow","max-snippet":"max-snippet:-1","max-image-preview":"max-image-preview:large","max-video-preview":"max-video-preview:-1"},"canonical":"https:\/\/operapaskaret.se\/en\/contact\/","og_locale":"en_US","og_type":"article","og_title":"Kontakt - Opera p\u00e5 Sk\u00e4ret","og_description":"Contact Opera p\u00e5 Sk\u00e4retThe ticket office is open on Mondays, Wednesdays and Thursdays from 10 AM to 12 PM. TicketsPhone: +46 580-711 00E-mail: biljetter@operapaskaret.se Customer serviceE-mail: info@operapaskaret.se &nbsp;Press press@operapaskaret.se","og_url":"https:\/\/operapaskaret.se\/en\/contact\/","og_site_name":"Opera p\u00e5 Sk\u00e4ret","article_publisher":"https:\/\/www.facebook.com\/operapaskaret","article_modified_time":"2025-10-03T10:23:35+00:00","twitter_card":"summary_large_image","twitter_misc":{"Est. reading time":"1 minute"},"schema":{"@context":"https:\/\/schema.org","@graph":[{"@type":"WebPage","@id":"https:\/\/operapaskaret.se\/en\/contact\/","url":"https:\/\/operapaskaret.se\/en\/contact\/","name":"Kontakt - Opera p\u00e5 Sk\u00e4ret","isPartOf":{"@id":"https:\/\/operapaskaret.se\/#website"},"datePublished":"2022-11-24T18:56:48+00:00","dateModified":"2025-10-03T10:23:35+00:00","breadcrumb":{"@id":"https:\/\/operapaskaret.se\/en\/contact\/#breadcrumb"},"inLanguage":"en-US","potentialAction":[{"@type":"ReadAction","target":["https:\/\/operapaskaret.se\/en\/contact\/"]}]},{"@type":"BreadcrumbList","@id":"https:\/\/operapaskaret.se\/en\/contact\/#breadcrumb","itemListElement":[{"@type":"ListItem","position":1,"name":"Hem","item":"https:\/\/operapaskaret.se\/en\/"},{"@type":"ListItem","position":2,"name":"Kontakt"}]},{"@type":"WebSite","@id":"https:\/\/operapaskaret.se\/#website","url":"https:\/\/operapaskaret.se\/","name":"Opera p\u00e5 Sk\u00e4ret","description":"The Opera Festival in the heart of Sweden","publisher":{"@id":"https:\/\/operapaskaret.se\/#organization"},"potentialAction":[{"@type":"SearchAction","target":{"@type":"EntryPoint","urlTemplate":"https:\/\/operapaskaret.se\/?s={search_term_string}"},"query-input":{"@type":"PropertyValueSpecification","valueRequired":true,"valueName":"search_term_string"}}],"inLanguage":"en-US"},{"@type":"Organization","@id":"https:\/\/operapaskaret.se\/#organization","name":"Opera p\u00e5 Sk\u00e4ret","url":"https:\/\/operapaskaret.se\/","logo":{"@type":"ImageObject","inLanguage":"en-US","@id":"https:\/\/operapaskaret.se\/#\/schema\/logo\/image\/","url":"https:\/\/operapaskaret.se\/wp-content\/uploads\/2023\/01\/OPS_Logo_2023_b.svg","contentUrl":"https:\/\/operapaskaret.se\/wp-content\/uploads\/2023\/01\/OPS_Logo_2023_b.svg","width":"1024","height":"1024","caption":"Opera p\u00e5 Sk\u00e4ret"},"image":{"@id":"https:\/\/operapaskaret.se\/#\/schema\/logo\/image\/"},"sameAs":["https:\/\/www.facebook.com\/operapaskaret","https:\/\/www.instagram.com\/operapaskaret\/"]}]}},"_links":{"self":[{"href":"https:\/\/operapaskaret.se\/en\/wp-json\/wp\/v2\/pages\/4467","targetHints":{"allow":["GET"]}}],"collection":[{"href":"https:\/\/operapaskaret.se\/en\/wp-json\/wp\/v2\/pages"}],"about":[{"href":"https:\/\/operapaskaret.se\/en\/wp-json\/wp\/v2\/types\/page"}],"author":[{"embeddable":true,"href":"https:\/\/operapaskaret.se\/en\/wp-json\/wp\/v2\/users\/1"}],"replies":[{"embeddable":true,"href":"https:\/\/operapaskaret.se\/en\/wp-json\/wp\/v2\/comments?post=4467"}],"version-history":[{"count":11,"href":"https:\/\/operapaskaret.se\/en\/wp-json\/wp\/v2\/pages\/4467\/revisions"}],"predecessor-version":[{"id":11030,"href":"https:\/\/operapaskaret.se\/en\/wp-json\/wp\/v2\/pages\/4467\/revisions\/11030"}],"wp:attachment":[{"href":"https:\/\/operapaskaret.se\/en\/wp-json\/wp\/v2\/media?parent=4467"}],"curies":[{"name":"wp","href":"https:\/\/api.w.org\/{rel}","templated":true}]}}