{"id":4694,"date":"2023-03-30T11:47:51","date_gmt":"2023-03-30T11:47:51","guid":{"rendered":"https:\/\/operapaskaret.se\/?page_id=4694"},"modified":"2023-11-16T08:36:02","modified_gmt":"2023-11-16T08:36:02","slug":"friends-of-opera-pa-skaret","status":"publish","type":"page","link":"https:\/\/operapaskaret.se\/en\/friends-of-opera-pa-skaret\/","title":{"rendered":"Friends of Opera p\u00e5 Sk\u00e4ret\u00a0"},"content":{"rendered":"<p>[et_pb_section fb_built=&#8221;1&#8243; _builder_version=&#8221;4.22.2&#8243; _module_preset=&#8221;default&#8221; background_color=&#8221;#B1B1B1&#8243; background_image=&#8221;https:\/\/operapaskaret.se\/wp-content\/uploads\/2022\/11\/OPS-9303.jpg&#8221; background_position=&#8221;bottom_left&#8221; background_blend=&#8221;multiply&#8221; height=&#8221;670px&#8221; height_tablet=&#8221;670px&#8221; height_phone=&#8221;540px&#8221; height_last_edited=&#8221;on|phone&#8221; locked=&#8221;off&#8221; global_colors_info=&#8221;{}&#8221;][et_pb_row _builder_version=&#8221;4.19.5&#8243; _module_preset=&#8221;default&#8221; global_colors_info=&#8221;{}&#8221;][et_pb_column type=&#8221;4_4&#8243; _builder_version=&#8221;4.19.5&#8243; _module_preset=&#8221;default&#8221; global_colors_info=&#8221;{}&#8221;][et_pb_divider show_divider=&#8221;off&#8221; disabled_on=&#8221;off|off|off&#8221; _builder_version=&#8221;4.22.2&#8243; _module_preset=&#8221;default&#8221; height=&#8221;150px&#8221; global_colors_info=&#8221;{}&#8221;][\/et_pb_divider][et_pb_text _builder_version=&#8221;4.22.2&#8243; _module_preset=&#8221;default&#8221; header_text_align=&#8221;right&#8221; background_layout=&#8221;dark&#8221; max_width=&#8221;325px&#8221; max_width_tablet=&#8221;525px&#8221; max_width_phone=&#8221;525px&#8221; max_width_last_edited=&#8221;on|phone&#8221; module_alignment=&#8221;right&#8221; header_text_align_tablet=&#8221;right&#8221; header_text_align_phone=&#8221;center&#8221; header_text_align_last_edited=&#8221;on|phone&#8221; global_colors_info=&#8221;{}&#8221;]<\/p>\n<h1>Friends of Opera p\u00e5 Sk\u00e4ret<\/h1>\n<p>[\/et_pb_text][\/et_pb_column][\/et_pb_row][\/et_pb_section][et_pb_section fb_built=&#8221;1&#8243; _builder_version=&#8221;4.22.2&#8243; _module_preset=&#8221;default&#8221; custom_padding=&#8221;||||false|false&#8221; global_colors_info=&#8221;{}&#8221;][et_pb_row _builder_version=&#8221;4.22.2&#8243; _module_preset=&#8221;default&#8221; custom_padding=&#8221;0px||0px||false|false&#8221; global_colors_info=&#8221;{}&#8221;][et_pb_column type=&#8221;4_4&#8243; _builder_version=&#8221;4.22.2&#8243; _module_preset=&#8221;default&#8221; global_colors_info=&#8221;{}&#8221;][et_pb_image src=&#8221;https:\/\/operapaskaret.se\/wp-content\/uploads\/2023\/10\/OPS_skarets_vanner-300&#215;205.jpg&#8221; title_text=&#8221;OPS_skarets_vanner&#8221; align=&#8221;center&#8221; _builder_version=&#8221;4.22.2&#8243; _module_preset=&#8221;default&#8221; custom_margin=&#8221;0px||0px||false|false&#8221; custom_padding=&#8221;0px||0px||false|false&#8221; global_colors_info=&#8221;{}&#8221;][\/et_pb_image][\/et_pb_column][\/et_pb_row][et_pb_row column_structure=&#8221;3_5,2_5&#8243; _builder_version=&#8221;4.22.2&#8243; _module_preset=&#8221;default&#8221; min_height=&#8221;169px&#8221; global_colors_info=&#8221;{}&#8221;][et_pb_column type=&#8221;3_5&#8243; _builder_version=&#8221;4.19.5&#8243; _module_preset=&#8221;default&#8221; global_colors_info=&#8221;{}&#8221;][et_pb_text _builder_version=&#8221;4.23.1&#8243; _module_preset=&#8221;default&#8221; hover_enabled=&#8221;0&#8243; global_colors_info=&#8221;{}&#8221; sticky_enabled=&#8221;0&#8243;]<\/p>\n<h2>Friends of Opera p\u00e5 Sk\u00e4ret<\/h2>\n<p>Friends of Opera p\u00e5 Sk\u00e4ret is a non-profit association with the aim to support Opera p\u00e5 Sk\u00e4ret. The members give their support by paying the members fee, which financially supports the ongoing projects at Opera p\u00e5 Sk\u00e4ret.<\/p>\n<p>Several members also take part in our summer productions as volunteers. As a member, you will receive a discount on tickets to all our opera performances and other events. To use the discount, tickets must be purchased at the box office, via tel. or email and state that you are a member.<\/p>\n<p>[\/et_pb_text][et_pb_text _builder_version=&#8221;4.22.2&#8243; _module_preset=&#8221;default&#8221; ul_line_height=&#8221;1.6em&#8221; ol_line_height=&#8221;1.5em&#8221; global_colors_info=&#8221;{}&#8221;]<\/p>\n<p>A few examples of implemented efforts:<\/p>\n<ul>\n<li>Purchase of text machines for the opera salon<\/li>\n<li>Contribution to the renovation of the restaurant<\/li>\n<li>Purchase of sewing machines for the costume department<\/li>\n<li>Purchase of washing machines for the costume department<\/li>\n<li>Purchase of a grand piano for the Chamber stage<\/li>\n<li>Contribution to under floor heating in the orchestra pit<\/li>\n<li>Contribution to tent roofs in the catering area<\/li>\n<li>Contribution to the development of the parking area<\/li>\n<\/ul>\n<p>[\/et_pb_text][et_pb_text _builder_version=&#8221;4.22.2&#8243; _module_preset=&#8221;default&#8221; global_colors_info=&#8221;{}&#8221;]<\/p>\n<h3>Become a member<\/h3>\n<p>Transfer 200 SEK to Bankgiro 5827-7104 or alternatively pay via Swish on 1230259713. <strong>State your name, postal address and email address.<\/strong> If you would like to support us with a higher amount that is of course extra welcome and much appreciated.<\/p>\n<p>[\/et_pb_text][\/et_pb_column][et_pb_column type=&#8221;2_5&#8243; _builder_version=&#8221;4.19.5&#8243; _module_preset=&#8221;default&#8221; global_colors_info=&#8221;{}&#8221;][et_pb_image src=&#8221;https:\/\/operapaskaret.se\/wp-content\/uploads\/2023\/04\/OPS_Orkester_Publik_2010_1.jpeg&#8221; title_text=&#8221;OPS_Orkester_Publik_2010_1&#8243; _builder_version=&#8221;4.20.4&#8243; _module_preset=&#8221;default&#8221; global_colors_info=&#8221;{}&#8221;][\/et_pb_image][et_pb_image src=&#8221;https:\/\/operapaskaret.se\/wp-content\/uploads\/2022\/11\/OPS_Maskeradbalen_2.jpg&#8221; title_text=&#8221;OPS_Maskeradbalen_2&#8243; _builder_version=&#8221;4.20.4&#8243; _module_preset=&#8221;default&#8221; global_colors_info=&#8221;{}&#8221;][\/et_pb_image][\/et_pb_column][\/et_pb_row][\/et_pb_section]<\/p>\n","protected":false},"excerpt":{"rendered":"<p>Friends of Opera p\u00e5 Sk\u00e4retFriends of Opera p\u00e5 Sk\u00e4ret Friends of Opera p\u00e5 Sk\u00e4ret is a non-profit association with the aim to support Opera p\u00e5 Sk\u00e4ret. The members give their support by paying the members fee, which financially supports the ongoing projects at Opera p\u00e5 Sk\u00e4ret. Several members also take part in our summer productions [&hellip;]<\/p>\n","protected":false},"author":1,"featured_media":0,"parent":0,"menu_order":0,"comment_status":"closed","ping_status":"closed","template":"","meta":{"_et_pb_use_builder":"on","_et_pb_old_content":"","_et_gb_content_width":"","inline_featured_image":false,"footnotes":""},"class_list":["post-4694","page","type-page","status-publish","hentry"],"yoast_head":"<!-- This site is optimized with the Yoast SEO plugin v27.5 - https:\/\/yoast.com\/product\/yoast-seo-wordpress\/ -->\n<title>Friends of Opera p\u00e5 Sk\u00e4ret\u00a0 - Opera p\u00e5 Sk\u00e4ret<\/title>\n<meta name=\"robots\" content=\"index, follow, max-snippet:-1, max-image-preview:large, max-video-preview:-1\" \/>\n<link rel=\"canonical\" href=\"https:\/\/operapaskaret.se\/en\/friends-of-opera-pa-skaret\/\" \/>\n<meta property=\"og:locale\" content=\"en_US\" \/>\n<meta property=\"og:type\" content=\"article\" \/>\n<meta property=\"og:title\" content=\"Friends of Opera p\u00e5 Sk\u00e4ret\u00a0 - Opera p\u00e5 Sk\u00e4ret\" \/>\n<meta property=\"og:description\" content=\"Friends of Opera p\u00e5 Sk\u00e4retFriends of Opera p\u00e5 Sk\u00e4ret Friends of Opera p\u00e5 Sk\u00e4ret is a non-profit association with the aim to support Opera p\u00e5 Sk\u00e4ret. The members give their support by paying the members fee, which financially supports the ongoing projects at Opera p\u00e5 Sk\u00e4ret. Several members also take part in our summer productions [&hellip;]\" \/>\n<meta property=\"og:url\" content=\"https:\/\/operapaskaret.se\/en\/friends-of-opera-pa-skaret\/\" \/>\n<meta property=\"og:site_name\" content=\"Opera p\u00e5 Sk\u00e4ret\" \/>\n<meta property=\"article:publisher\" content=\"https:\/\/www.facebook.com\/operapaskaret\" \/>\n<meta property=\"article:modified_time\" content=\"2023-11-16T08:36:02+00:00\" \/>\n<meta name=\"twitter:card\" content=\"summary_large_image\" \/>\n<meta name=\"twitter:label1\" content=\"Est. reading time\" \/>\n\t<meta name=\"twitter:data1\" content=\"2 minutes\" \/>\n<script type=\"application\/ld+json\" class=\"yoast-schema-graph\">{\"@context\":\"https:\\\/\\\/schema.org\",\"@graph\":[{\"@type\":\"WebPage\",\"@id\":\"https:\\\/\\\/operapaskaret.se\\\/en\\\/friends-of-opera-pa-skaret\\\/\",\"url\":\"https:\\\/\\\/operapaskaret.se\\\/en\\\/friends-of-opera-pa-skaret\\\/\",\"name\":\"Friends of Opera p\u00e5 Sk\u00e4ret\u00a0 - Opera p\u00e5 Sk\u00e4ret\",\"isPartOf\":{\"@id\":\"https:\\\/\\\/operapaskaret.se\\\/#website\"},\"datePublished\":\"2023-03-30T11:47:51+00:00\",\"dateModified\":\"2023-11-16T08:36:02+00:00\",\"breadcrumb\":{\"@id\":\"https:\\\/\\\/operapaskaret.se\\\/en\\\/friends-of-opera-pa-skaret\\\/#breadcrumb\"},\"inLanguage\":\"en-US\",\"potentialAction\":[{\"@type\":\"ReadAction\",\"target\":[\"https:\\\/\\\/operapaskaret.se\\\/en\\\/friends-of-opera-pa-skaret\\\/\"]}]},{\"@type\":\"BreadcrumbList\",\"@id\":\"https:\\\/\\\/operapaskaret.se\\\/en\\\/friends-of-opera-pa-skaret\\\/#breadcrumb\",\"itemListElement\":[{\"@type\":\"ListItem\",\"position\":1,\"name\":\"Hem\",\"item\":\"https:\\\/\\\/operapaskaret.se\\\/en\\\/\"},{\"@type\":\"ListItem\",\"position\":2,\"name\":\"Friends of Opera p\u00e5 Sk\u00e4ret\u00a0\"}]},{\"@type\":\"WebSite\",\"@id\":\"https:\\\/\\\/operapaskaret.se\\\/#website\",\"url\":\"https:\\\/\\\/operapaskaret.se\\\/\",\"name\":\"Opera p\u00e5 Sk\u00e4ret\",\"description\":\"The Opera Festival in the heart of Sweden\",\"publisher\":{\"@id\":\"https:\\\/\\\/operapaskaret.se\\\/#organization\"},\"potentialAction\":[{\"@type\":\"SearchAction\",\"target\":{\"@type\":\"EntryPoint\",\"urlTemplate\":\"https:\\\/\\\/operapaskaret.se\\\/?s={search_term_string}\"},\"query-input\":{\"@type\":\"PropertyValueSpecification\",\"valueRequired\":true,\"valueName\":\"search_term_string\"}}],\"inLanguage\":\"en-US\"},{\"@type\":\"Organization\",\"@id\":\"https:\\\/\\\/operapaskaret.se\\\/#organization\",\"name\":\"Opera p\u00e5 Sk\u00e4ret\",\"url\":\"https:\\\/\\\/operapaskaret.se\\\/\",\"logo\":{\"@type\":\"ImageObject\",\"inLanguage\":\"en-US\",\"@id\":\"https:\\\/\\\/operapaskaret.se\\\/#\\\/schema\\\/logo\\\/image\\\/\",\"url\":\"https:\\\/\\\/operapaskaret.se\\\/wp-content\\\/uploads\\\/2023\\\/01\\\/OPS_Logo_2023_b.svg\",\"contentUrl\":\"https:\\\/\\\/operapaskaret.se\\\/wp-content\\\/uploads\\\/2023\\\/01\\\/OPS_Logo_2023_b.svg\",\"width\":\"1024\",\"height\":\"1024\",\"caption\":\"Opera p\u00e5 Sk\u00e4ret\"},\"image\":{\"@id\":\"https:\\\/\\\/operapaskaret.se\\\/#\\\/schema\\\/logo\\\/image\\\/\"},\"sameAs\":[\"https:\\\/\\\/www.facebook.com\\\/operapaskaret\",\"https:\\\/\\\/www.instagram.com\\\/operapaskaret\\\/\"]}]}<\/script>\n<!-- \/ Yoast SEO plugin. -->","yoast_head_json":{"title":"Friends of Opera p\u00e5 Sk\u00e4ret\u00a0 - Opera p\u00e5 Sk\u00e4ret","robots":{"index":"index","follow":"follow","max-snippet":"max-snippet:-1","max-image-preview":"max-image-preview:large","max-video-preview":"max-video-preview:-1"},"canonical":"https:\/\/operapaskaret.se\/en\/friends-of-opera-pa-skaret\/","og_locale":"en_US","og_type":"article","og_title":"Friends of Opera p\u00e5 Sk\u00e4ret\u00a0 - Opera p\u00e5 Sk\u00e4ret","og_description":"Friends of Opera p\u00e5 Sk\u00e4retFriends of Opera p\u00e5 Sk\u00e4ret Friends of Opera p\u00e5 Sk\u00e4ret is a non-profit association with the aim to support Opera p\u00e5 Sk\u00e4ret. The members give their support by paying the members fee, which financially supports the ongoing projects at Opera p\u00e5 Sk\u00e4ret. Several members also take part in our summer productions [&hellip;]","og_url":"https:\/\/operapaskaret.se\/en\/friends-of-opera-pa-skaret\/","og_site_name":"Opera p\u00e5 Sk\u00e4ret","article_publisher":"https:\/\/www.facebook.com\/operapaskaret","article_modified_time":"2023-11-16T08:36:02+00:00","twitter_card":"summary_large_image","twitter_misc":{"Est. reading time":"2 minutes"},"schema":{"@context":"https:\/\/schema.org","@graph":[{"@type":"WebPage","@id":"https:\/\/operapaskaret.se\/en\/friends-of-opera-pa-skaret\/","url":"https:\/\/operapaskaret.se\/en\/friends-of-opera-pa-skaret\/","name":"Friends of Opera p\u00e5 Sk\u00e4ret\u00a0 - Opera p\u00e5 Sk\u00e4ret","isPartOf":{"@id":"https:\/\/operapaskaret.se\/#website"},"datePublished":"2023-03-30T11:47:51+00:00","dateModified":"2023-11-16T08:36:02+00:00","breadcrumb":{"@id":"https:\/\/operapaskaret.se\/en\/friends-of-opera-pa-skaret\/#breadcrumb"},"inLanguage":"en-US","potentialAction":[{"@type":"ReadAction","target":["https:\/\/operapaskaret.se\/en\/friends-of-opera-pa-skaret\/"]}]},{"@type":"BreadcrumbList","@id":"https:\/\/operapaskaret.se\/en\/friends-of-opera-pa-skaret\/#breadcrumb","itemListElement":[{"@type":"ListItem","position":1,"name":"Hem","item":"https:\/\/operapaskaret.se\/en\/"},{"@type":"ListItem","position":2,"name":"Friends of Opera p\u00e5 Sk\u00e4ret\u00a0"}]},{"@type":"WebSite","@id":"https:\/\/operapaskaret.se\/#website","url":"https:\/\/operapaskaret.se\/","name":"Opera p\u00e5 Sk\u00e4ret","description":"The Opera Festival in the heart of Sweden","publisher":{"@id":"https:\/\/operapaskaret.se\/#organization"},"potentialAction":[{"@type":"SearchAction","target":{"@type":"EntryPoint","urlTemplate":"https:\/\/operapaskaret.se\/?s={search_term_string}"},"query-input":{"@type":"PropertyValueSpecification","valueRequired":true,"valueName":"search_term_string"}}],"inLanguage":"en-US"},{"@type":"Organization","@id":"https:\/\/operapaskaret.se\/#organization","name":"Opera p\u00e5 Sk\u00e4ret","url":"https:\/\/operapaskaret.se\/","logo":{"@type":"ImageObject","inLanguage":"en-US","@id":"https:\/\/operapaskaret.se\/#\/schema\/logo\/image\/","url":"https:\/\/operapaskaret.se\/wp-content\/uploads\/2023\/01\/OPS_Logo_2023_b.svg","contentUrl":"https:\/\/operapaskaret.se\/wp-content\/uploads\/2023\/01\/OPS_Logo_2023_b.svg","width":"1024","height":"1024","caption":"Opera p\u00e5 Sk\u00e4ret"},"image":{"@id":"https:\/\/operapaskaret.se\/#\/schema\/logo\/image\/"},"sameAs":["https:\/\/www.facebook.com\/operapaskaret","https:\/\/www.instagram.com\/operapaskaret\/"]}]}},"_links":{"self":[{"href":"https:\/\/operapaskaret.se\/en\/wp-json\/wp\/v2\/pages\/4694","targetHints":{"allow":["GET"]}}],"collection":[{"href":"https:\/\/operapaskaret.se\/en\/wp-json\/wp\/v2\/pages"}],"about":[{"href":"https:\/\/operapaskaret.se\/en\/wp-json\/wp\/v2\/types\/page"}],"author":[{"embeddable":true,"href":"https:\/\/operapaskaret.se\/en\/wp-json\/wp\/v2\/users\/1"}],"replies":[{"embeddable":true,"href":"https:\/\/operapaskaret.se\/en\/wp-json\/wp\/v2\/comments?post=4694"}],"version-history":[{"count":5,"href":"https:\/\/operapaskaret.se\/en\/wp-json\/wp\/v2\/pages\/4694\/revisions"}],"predecessor-version":[{"id":5135,"href":"https:\/\/operapaskaret.se\/en\/wp-json\/wp\/v2\/pages\/4694\/revisions\/5135"}],"wp:attachment":[{"href":"https:\/\/operapaskaret.se\/en\/wp-json\/wp\/v2\/media?parent=4694"}],"curies":[{"name":"wp","href":"https:\/\/api.w.org\/{rel}","templated":true}]}}