{"id":6403,"date":"2024-04-09T14:12:45","date_gmt":"2024-04-09T12:12:45","guid":{"rendered":"https:\/\/operapaskaret.se\/mat-dryck-operapubmeny\/"},"modified":"2026-03-03T00:02:06","modified_gmt":"2026-03-02T22:02:06","slug":"mat-dryck-operapubmeny","status":"publish","type":"page","link":"https:\/\/operapaskaret.se\/en\/mat-dryck-operapubmeny\/","title":{"rendered":"Food &amp; Drink &#8211; Opera Pub Menu"},"content":{"rendered":"<p>[et_pb_section fb_built=&#8221;1&#8243; specialty=&#8221;on&#8221; _builder_version=&#8221;4.24.3&#8243; _module_preset=&#8221;default&#8221; global_colors_info=&#8221;{}&#8221;][et_pb_column type=&#8221;2_3&#8243; specialty_columns=&#8221;2&#8243; _builder_version=&#8221;4.16&#8243; custom_padding=&#8221;|||&#8221; global_colors_info=&#8221;{}&#8221; custom_padding__hover=&#8221;|||&#8221;][et_pb_row_inner _builder_version=&#8221;4.24.3&#8243; _module_preset=&#8221;default&#8221; global_colors_info=&#8221;{}&#8221;][et_pb_column_inner saved_specialty_column_type=&#8221;2_3&#8243; _builder_version=&#8221;4.24.3&#8243; _module_preset=&#8221;default&#8221; global_colors_info=&#8221;{}&#8221;][et_pb_text _builder_version=&#8221;4.27.6&#8243; _module_preset=&#8221;default&#8221; locked=&#8221;off&#8221; global_colors_info=&#8221;{}&#8221;]<\/p>\n<h1>Opera pub menu<\/h1>\n<p style=\"font-weight: 400;\">Opera at Sk\u00e4ret\u2019s very own Opera Pub is an event featuring world-class singing in a relaxed and convivial atmosphere. With a glass of something delightful in hand \u2014 and perhaps a bite to eat \u2014 you may find yourself enjoying a favorite aria performed just a few meters away, sung by a powerful and magnificent voice.<\/p>\n<p style=\"font-weight: 400;\">We kindly recommend purchasing in advance. Advance bookings must be made no later than 10 days before your visit. It is also possible to purchase on site, subject to availability, as some items may sell out.<\/p>\n<p style=\"font-weight: 400;\">Food service begins at 6:00 PM.<\/p>\n<p>&nbsp;<\/p>\n<p>[\/et_pb_text][et_pb_button button_url=&#8221;https:\/\/operapaskaret.se\/en\/tickets\/#matdryck&#8221; button_text=&#8221;Purchase in advance&#8221; button_alignment=&#8221;center&#8221; _builder_version=&#8221;4.27.4&#8243; _module_preset=&#8221;default&#8221; global_colors_info=&#8221;{}&#8221;][\/et_pb_button][et_pb_text disabled_on=&#8221;off|off|off&#8221; _builder_version=&#8221;4.25.0&#8243; _module_preset=&#8221;default&#8221; header_5_line_height=&#8221;1.9em&#8221; background_color=&#8221;rgba(206,221,221,0.55)&#8221; custom_margin_tablet=&#8221;&#8221; custom_margin_phone=&#8221;&#8221; custom_margin_last_edited=&#8221;on|desktop&#8221; custom_padding=&#8221;50px|50px|50px|50px|false|true&#8221; custom_padding_tablet=&#8221;50px|50px|50px|50px|false|false&#8221; custom_padding_phone=&#8221;30px|30px|30px|30px|false|false&#8221; custom_padding_last_edited=&#8221;on|phone&#8221; header_5_line_height_tablet=&#8221;1.9em&#8221; header_5_line_height_phone=&#8221;1.9em&#8221; header_5_line_height_last_edited=&#8221;on|phone&#8221; locked=&#8221;off&#8221; global_colors_info=&#8221;{}&#8221;]<\/p>\n<h3 style=\"font-weight: 400;\">food and drink menu<br \/><strong><\/strong><strong><\/strong><\/h3>\n<p style=\"font-weight: 400;\"><strong>Shrimp Sandwich<br \/><\/strong>Swedish tea cake, shrimps, mayonnaise, egg, dill, cucumber, tomato, lettuce, lemon. Contains gluten, but gluten-free bread is available as an option.<br \/>245 SEK<\/p>\n<p style=\"font-weight: 400;\"><strong data-start=\"0\" data-end=\"42\" data-is-only-node=\"\">Pannoumi &amp; Vegetable Skewers\u00a0<\/strong><br data-start=\"42\" data-end=\"45\" \/><span>Swedish grilled cheese, zucchini, bell pepper, onion. Served with roasted potatoes, Caf\u00e9 de Paris sauce, and greens.<\/span> Contains egg and lactose.<br \/>255 SEK<\/p>\n<p style=\"font-weight: 400;\"><strong data-start=\"0\" data-end=\"37\" data-is-only-node=\"\">Grilled Pork Tenderloin<\/strong><br data-start=\"37\" data-end=\"40\" \/><span>Served with roasted potatoes, Caf\u00e9 de Paris sauce, and greens.<\/span><br data-start=\"102\" data-end=\"105\" \/>Contains e<span>gg and lactose.<br \/>255 SEK<\/span><\/p>\n<p><span><\/span><strong><\/strong><\/p>\n<p style=\"font-weight: 400;\"><strong>White Wine, glass<br \/><\/strong>Forte Ambrone<br \/>99 SEK<strong><\/strong><\/p>\n<p style=\"font-weight: 400;\"><strong>Red Wine, glass<br \/><\/strong>Forte Ambrone Rosso<br \/>99 SEK<\/p>\n<p><strong>Sparkling Wine, glass<br \/><\/strong>Castellblanc Cava<br \/>109 SEK<\/p>\n<p><strong>Sparkling Wine, glass, non-alcoholic<br \/><\/strong>Nozeco<br \/>89 SEK<\/p>\n<p><strong>Champagne, glass<\/strong><br \/>Bonvalet Epop\u00e9e<br \/>169 SEK<\/p>\n<p><strong>Champagne, bottle<\/strong><br \/>Bonvalet Epop\u00e9e<br \/>899 SEK<\/p>\n<p style=\"font-weight: 400;\"><strong>Beer, 50 cl<br \/><\/strong><span style=\"font-size: 20px;\">H\u00f6ga Kusten<br \/><\/span>85 SEK<\/p>\n<p style=\"font-weight: 400;\"><strong>Soft drinks, mineral water<\/strong><br \/>39 SEK<\/p>\n<p style=\"font-weight: 400;\">\n<p style=\"font-weight: 400;\">\n<p>[\/et_pb_text][\/et_pb_column_inner][\/et_pb_row_inner][\/et_pb_column][et_pb_column type=&#8221;1_3&#8243; _builder_version=&#8221;4.16&#8243; custom_padding=&#8221;|||&#8221; global_colors_info=&#8221;{}&#8221; custom_padding__hover=&#8221;|||&#8221;][et_pb_text _builder_version=&#8221;4.25.0&#8243; _module_preset=&#8221;default&#8221; saved_tabs=&#8221;all&#8221; global_colors_info=&#8221;{}&#8221;]<\/p>\n<p><strong>Food &amp; Drink<\/strong><\/p>\n<hr style=\"height: 1px; border-width: 0; color: gray; background-color: gray; margin-top: 10px; margin-bottom: 20px;\" \/>\n<p><a href=\"https:\/\/operapaskaret.se\/en\/mat-dryck-fore-efter-forestallningen\/\">Before &amp; After the Opera Performance<\/a><\/p>\n<hr style=\"height: 1px; border-width: 0; color: gray; background-color: gray; margin-top: 10px; margin-bottom: 20px;\" \/>\n<p><a href=\"https:\/\/operapaskaret.se\/en\/mat-dryck-pausservering\/\">Intermission refreshments<\/a><\/p>\n<hr style=\"height: 1px; border-width: 0; color: gray; background-color: gray; margin-top: 10px; margin-bottom: 20px;\" \/>\n<p><a href=\"https:\/\/operapaskaret.se\/en\/mat-dryck-lunch-cafe\/\">Lunch<\/a><\/p>\n<hr style=\"height: 1px; border-width: 0; color: gray; background-color: gray; margin-top: 10px; margin-bottom: 20px;\" \/>\n<p><a href=\"https:\/\/operapaskaret.se\/en\/mat-dryck-operapubmeny\/\">Opera Pub Menu<\/a><\/p>\n<hr style=\"height: 1px; border-width: 0; color: gray; background-color: gray; margin-top: 10px; margin-bottom: 20px;\" \/>\n<p>&nbsp;<\/p>\n<p>[\/et_pb_text][\/et_pb_column][\/et_pb_section]<\/p>\n","protected":false},"excerpt":{"rendered":"<p>Opera pub menu Opera at Sk\u00e4ret\u2019s very own Opera Pub is an event featuring world-class singing in a relaxed and convivial atmosphere. With a glass of something delightful in hand \u2014 and perhaps a bite to eat \u2014 you may find yourself enjoying a favorite aria performed just a few meters away, sung by a [&hellip;]<\/p>\n","protected":false},"author":1,"featured_media":0,"parent":0,"menu_order":0,"comment_status":"closed","ping_status":"closed","template":"","meta":{"_et_pb_use_builder":"on","_et_pb_old_content":"","_et_gb_content_width":"","inline_featured_image":false,"footnotes":""},"class_list":["post-6403","page","type-page","status-publish","hentry"],"yoast_head":"<!-- This site is optimized with the Yoast SEO plugin v27.5 - https:\/\/yoast.com\/product\/yoast-seo-wordpress\/ -->\n<title>Food &amp; Drink - Opera Pub Menu - Opera p\u00e5 Sk\u00e4ret<\/title>\n<meta name=\"robots\" content=\"index, follow, max-snippet:-1, max-image-preview:large, max-video-preview:-1\" \/>\n<link rel=\"canonical\" href=\"https:\/\/operapaskaret.se\/en\/mat-dryck-operapubmeny\/\" \/>\n<meta property=\"og:locale\" content=\"en_US\" \/>\n<meta property=\"og:type\" content=\"article\" \/>\n<meta property=\"og:title\" content=\"Food &amp; Drink - Opera Pub Menu - Opera p\u00e5 Sk\u00e4ret\" \/>\n<meta property=\"og:description\" content=\"Opera pub menu Opera at Sk\u00e4ret\u2019s very own Opera Pub is an event featuring world-class singing in a relaxed and convivial atmosphere. With a glass of something delightful in hand \u2014 and perhaps a bite to eat \u2014 you may find yourself enjoying a favorite aria performed just a few meters away, sung by a [&hellip;]\" \/>\n<meta property=\"og:url\" content=\"https:\/\/operapaskaret.se\/en\/mat-dryck-operapubmeny\/\" \/>\n<meta property=\"og:site_name\" content=\"Opera p\u00e5 Sk\u00e4ret\" \/>\n<meta property=\"article:publisher\" content=\"https:\/\/www.facebook.com\/operapaskaret\" \/>\n<meta property=\"article:modified_time\" content=\"2026-03-02T22:02:06+00:00\" \/>\n<meta name=\"twitter:card\" content=\"summary_large_image\" \/>\n<meta name=\"twitter:label1\" content=\"Est. reading time\" \/>\n\t<meta name=\"twitter:data1\" content=\"1 minute\" \/>\n<script type=\"application\/ld+json\" class=\"yoast-schema-graph\">{\"@context\":\"https:\\\/\\\/schema.org\",\"@graph\":[{\"@type\":\"WebPage\",\"@id\":\"https:\\\/\\\/operapaskaret.se\\\/en\\\/mat-dryck-operapubmeny\\\/\",\"url\":\"https:\\\/\\\/operapaskaret.se\\\/en\\\/mat-dryck-operapubmeny\\\/\",\"name\":\"Food &amp; Drink - Opera Pub Menu - Opera p\u00e5 Sk\u00e4ret\",\"isPartOf\":{\"@id\":\"https:\\\/\\\/operapaskaret.se\\\/#website\"},\"datePublished\":\"2024-04-09T12:12:45+00:00\",\"dateModified\":\"2026-03-02T22:02:06+00:00\",\"breadcrumb\":{\"@id\":\"https:\\\/\\\/operapaskaret.se\\\/en\\\/mat-dryck-operapubmeny\\\/#breadcrumb\"},\"inLanguage\":\"en-US\",\"potentialAction\":[{\"@type\":\"ReadAction\",\"target\":[\"https:\\\/\\\/operapaskaret.se\\\/en\\\/mat-dryck-operapubmeny\\\/\"]}]},{\"@type\":\"BreadcrumbList\",\"@id\":\"https:\\\/\\\/operapaskaret.se\\\/en\\\/mat-dryck-operapubmeny\\\/#breadcrumb\",\"itemListElement\":[{\"@type\":\"ListItem\",\"position\":1,\"name\":\"Hem\",\"item\":\"https:\\\/\\\/operapaskaret.se\\\/en\\\/\"},{\"@type\":\"ListItem\",\"position\":2,\"name\":\"Food &amp; Drink &#8211; Opera Pub Menu\"}]},{\"@type\":\"WebSite\",\"@id\":\"https:\\\/\\\/operapaskaret.se\\\/#website\",\"url\":\"https:\\\/\\\/operapaskaret.se\\\/\",\"name\":\"Opera p\u00e5 Sk\u00e4ret\",\"description\":\"The Opera Festival in the heart of Sweden\",\"publisher\":{\"@id\":\"https:\\\/\\\/operapaskaret.se\\\/#organization\"},\"potentialAction\":[{\"@type\":\"SearchAction\",\"target\":{\"@type\":\"EntryPoint\",\"urlTemplate\":\"https:\\\/\\\/operapaskaret.se\\\/?s={search_term_string}\"},\"query-input\":{\"@type\":\"PropertyValueSpecification\",\"valueRequired\":true,\"valueName\":\"search_term_string\"}}],\"inLanguage\":\"en-US\"},{\"@type\":\"Organization\",\"@id\":\"https:\\\/\\\/operapaskaret.se\\\/#organization\",\"name\":\"Opera p\u00e5 Sk\u00e4ret\",\"url\":\"https:\\\/\\\/operapaskaret.se\\\/\",\"logo\":{\"@type\":\"ImageObject\",\"inLanguage\":\"en-US\",\"@id\":\"https:\\\/\\\/operapaskaret.se\\\/#\\\/schema\\\/logo\\\/image\\\/\",\"url\":\"https:\\\/\\\/operapaskaret.se\\\/wp-content\\\/uploads\\\/2023\\\/01\\\/OPS_Logo_2023_b.svg\",\"contentUrl\":\"https:\\\/\\\/operapaskaret.se\\\/wp-content\\\/uploads\\\/2023\\\/01\\\/OPS_Logo_2023_b.svg\",\"width\":\"1024\",\"height\":\"1024\",\"caption\":\"Opera p\u00e5 Sk\u00e4ret\"},\"image\":{\"@id\":\"https:\\\/\\\/operapaskaret.se\\\/#\\\/schema\\\/logo\\\/image\\\/\"},\"sameAs\":[\"https:\\\/\\\/www.facebook.com\\\/operapaskaret\",\"https:\\\/\\\/www.instagram.com\\\/operapaskaret\\\/\"]}]}<\/script>\n<!-- \/ Yoast SEO plugin. -->","yoast_head_json":{"title":"Food &amp; Drink - Opera Pub Menu - Opera p\u00e5 Sk\u00e4ret","robots":{"index":"index","follow":"follow","max-snippet":"max-snippet:-1","max-image-preview":"max-image-preview:large","max-video-preview":"max-video-preview:-1"},"canonical":"https:\/\/operapaskaret.se\/en\/mat-dryck-operapubmeny\/","og_locale":"en_US","og_type":"article","og_title":"Food &amp; Drink - Opera Pub Menu - Opera p\u00e5 Sk\u00e4ret","og_description":"Opera pub menu Opera at Sk\u00e4ret\u2019s very own Opera Pub is an event featuring world-class singing in a relaxed and convivial atmosphere. With a glass of something delightful in hand \u2014 and perhaps a bite to eat \u2014 you may find yourself enjoying a favorite aria performed just a few meters away, sung by a [&hellip;]","og_url":"https:\/\/operapaskaret.se\/en\/mat-dryck-operapubmeny\/","og_site_name":"Opera p\u00e5 Sk\u00e4ret","article_publisher":"https:\/\/www.facebook.com\/operapaskaret","article_modified_time":"2026-03-02T22:02:06+00:00","twitter_card":"summary_large_image","twitter_misc":{"Est. reading time":"1 minute"},"schema":{"@context":"https:\/\/schema.org","@graph":[{"@type":"WebPage","@id":"https:\/\/operapaskaret.se\/en\/mat-dryck-operapubmeny\/","url":"https:\/\/operapaskaret.se\/en\/mat-dryck-operapubmeny\/","name":"Food &amp; Drink - Opera Pub Menu - Opera p\u00e5 Sk\u00e4ret","isPartOf":{"@id":"https:\/\/operapaskaret.se\/#website"},"datePublished":"2024-04-09T12:12:45+00:00","dateModified":"2026-03-02T22:02:06+00:00","breadcrumb":{"@id":"https:\/\/operapaskaret.se\/en\/mat-dryck-operapubmeny\/#breadcrumb"},"inLanguage":"en-US","potentialAction":[{"@type":"ReadAction","target":["https:\/\/operapaskaret.se\/en\/mat-dryck-operapubmeny\/"]}]},{"@type":"BreadcrumbList","@id":"https:\/\/operapaskaret.se\/en\/mat-dryck-operapubmeny\/#breadcrumb","itemListElement":[{"@type":"ListItem","position":1,"name":"Hem","item":"https:\/\/operapaskaret.se\/en\/"},{"@type":"ListItem","position":2,"name":"Food &amp; Drink &#8211; Opera Pub Menu"}]},{"@type":"WebSite","@id":"https:\/\/operapaskaret.se\/#website","url":"https:\/\/operapaskaret.se\/","name":"Opera p\u00e5 Sk\u00e4ret","description":"The Opera Festival in the heart of Sweden","publisher":{"@id":"https:\/\/operapaskaret.se\/#organization"},"potentialAction":[{"@type":"SearchAction","target":{"@type":"EntryPoint","urlTemplate":"https:\/\/operapaskaret.se\/?s={search_term_string}"},"query-input":{"@type":"PropertyValueSpecification","valueRequired":true,"valueName":"search_term_string"}}],"inLanguage":"en-US"},{"@type":"Organization","@id":"https:\/\/operapaskaret.se\/#organization","name":"Opera p\u00e5 Sk\u00e4ret","url":"https:\/\/operapaskaret.se\/","logo":{"@type":"ImageObject","inLanguage":"en-US","@id":"https:\/\/operapaskaret.se\/#\/schema\/logo\/image\/","url":"https:\/\/operapaskaret.se\/wp-content\/uploads\/2023\/01\/OPS_Logo_2023_b.svg","contentUrl":"https:\/\/operapaskaret.se\/wp-content\/uploads\/2023\/01\/OPS_Logo_2023_b.svg","width":"1024","height":"1024","caption":"Opera p\u00e5 Sk\u00e4ret"},"image":{"@id":"https:\/\/operapaskaret.se\/#\/schema\/logo\/image\/"},"sameAs":["https:\/\/www.facebook.com\/operapaskaret","https:\/\/www.instagram.com\/operapaskaret\/"]}]}},"_links":{"self":[{"href":"https:\/\/operapaskaret.se\/en\/wp-json\/wp\/v2\/pages\/6403","targetHints":{"allow":["GET"]}}],"collection":[{"href":"https:\/\/operapaskaret.se\/en\/wp-json\/wp\/v2\/pages"}],"about":[{"href":"https:\/\/operapaskaret.se\/en\/wp-json\/wp\/v2\/types\/page"}],"author":[{"embeddable":true,"href":"https:\/\/operapaskaret.se\/en\/wp-json\/wp\/v2\/users\/1"}],"replies":[{"embeddable":true,"href":"https:\/\/operapaskaret.se\/en\/wp-json\/wp\/v2\/comments?post=6403"}],"version-history":[{"count":37,"href":"https:\/\/operapaskaret.se\/en\/wp-json\/wp\/v2\/pages\/6403\/revisions"}],"predecessor-version":[{"id":11749,"href":"https:\/\/operapaskaret.se\/en\/wp-json\/wp\/v2\/pages\/6403\/revisions\/11749"}],"wp:attachment":[{"href":"https:\/\/operapaskaret.se\/en\/wp-json\/wp\/v2\/media?parent=6403"}],"curies":[{"name":"wp","href":"https:\/\/api.w.org\/{rel}","templated":true}]}}