{"id":6901,"date":"2024-05-22T09:31:18","date_gmt":"2024-05-22T07:31:18","guid":{"rendered":"https:\/\/operapaskaret.se\/?page_id=6901"},"modified":"2026-03-06T11:05:23","modified_gmt":"2026-03-06T09:05:23","slug":"operabus","status":"publish","type":"page","link":"https:\/\/operapaskaret.se\/en\/operabus\/","title":{"rendered":"Operabuss"},"content":{"rendered":"<p>[et_pb_section fb_built=&#8221;1&#8243; _builder_version=&#8221;4.25.1&#8243; _module_preset=&#8221;default&#8221; background_color=&#8221;#B1B1B1&#8243; background_image=&#8221;https:\/\/operapaskaret.se\/wp-content\/uploads\/2024\/05\/vastanhede_hero.jpg&#8221; background_blend=&#8221;multiply&#8221; height=&#8221;670px&#8221; height_tablet=&#8221;670px&#8221; height_phone=&#8221;540px&#8221; height_last_edited=&#8221;on|phone&#8221; locked=&#8221;off&#8221; global_colors_info=&#8221;{}&#8221;][et_pb_row _builder_version=&#8221;4.19.5&#8243; _module_preset=&#8221;default&#8221; global_colors_info=&#8221;{}&#8221;][et_pb_column type=&#8221;4_4&#8243; _builder_version=&#8221;4.19.5&#8243; _module_preset=&#8221;default&#8221; global_colors_info=&#8221;{}&#8221;][et_pb_divider show_divider=&#8221;off&#8221; disabled_on=&#8221;off|off|off&#8221; _builder_version=&#8221;4.22.2&#8243; _module_preset=&#8221;default&#8221; height=&#8221;120px&#8221; global_colors_info=&#8221;{}&#8221;][\/et_pb_divider][et_pb_text _builder_version=&#8221;4.25.1&#8243; _module_preset=&#8221;default&#8221; header_text_align=&#8221;right&#8221; background_layout=&#8221;dark&#8221; max_width=&#8221;470px&#8221; max_width_tablet=&#8221;525px&#8221; max_width_phone=&#8221;525px&#8221; max_width_last_edited=&#8221;on|phone&#8221; module_alignment=&#8221;right&#8221; header_text_align_tablet=&#8221;right&#8221; header_text_align_phone=&#8221;center&#8221; header_text_align_last_edited=&#8221;on|phone&#8221; header_font_size_tablet=&#8221;&#8221; header_font_size_phone=&#8221;40px&#8221; header_font_size_last_edited=&#8221;on|phone&#8221; global_colors_info=&#8221;{}&#8221;]<\/p>\n<h1>Buses to and from <br \/>Opera at Sk\u00e4ret<\/h1>\n<p>[\/et_pb_text][\/et_pb_column][\/et_pb_row][\/et_pb_section][et_pb_section fb_built=&#8221;1&#8243; _builder_version=&#8221;4.27.0&#8243; _module_preset=&#8221;default&#8221; custom_padding=&#8221;0px||||false|false&#8221; global_colors_info=&#8221;{}&#8221;][et_pb_row _builder_version=&#8221;4.25.1&#8243; _module_preset=&#8221;default&#8221; custom_margin=&#8221;32px|auto||auto|false|false&#8221; custom_padding=&#8221;61px||0px||false|false&#8221; global_colors_info=&#8221;{}&#8221;][et_pb_column type=&#8221;4_4&#8243; _builder_version=&#8221;4.19.5&#8243; _module_preset=&#8221;default&#8221; global_colors_info=&#8221;{}&#8221;][et_pb_image src=&#8221;https:\/\/operapaskaret.se\/wp-content\/uploads\/2024\/05\/vastanhede_cooperation.jpg&#8221; title_text=&#8221;vastanhede_cooperation&#8221; _builder_version=&#8221;4.25.1&#8243; _module_preset=&#8221;default&#8221; max_width=&#8221;350px&#8221; global_colors_info=&#8221;{}&#8221;][\/et_pb_image][et_pb_text _builder_version=&#8221;4.25.1&#8243; _module_preset=&#8221;default&#8221; global_colors_info=&#8221;{}&#8221;]<\/p>\n<p>The Opera bus operates four different routes in Sweden and stops at several different stops along the way. It is a convenient option for those who want to easily travel to Opera at Sk\u00e4ret to experience fantastic opera in a wonderful environment. You arrive in good time and do not have to worry about any delays. The Opera bus departs only on certain performance dates.<\/p>\n<p>[\/et_pb_text][\/et_pb_column][\/et_pb_row][\/et_pb_section][et_pb_section fb_built=&#8221;1&#8243; disabled_on=&#8221;off|off|off&#8221; _builder_version=&#8221;4.27.4&#8243; _module_preset=&#8221;default&#8221; custom_padding=&#8221;0px||0px||false|false&#8221; global_colors_info=&#8221;{}&#8221;][et_pb_row _builder_version=&#8221;4.25.1&#8243; _module_preset=&#8221;default&#8221; custom_margin=&#8221;32px|auto||auto|false|false&#8221; custom_padding=&#8221;8px||0px||false|false&#8221; global_colors_info=&#8221;{}&#8221;][et_pb_column type=&#8221;4_4&#8243; _builder_version=&#8221;4.19.5&#8243; _module_preset=&#8221;default&#8221; global_colors_info=&#8221;{}&#8221;][et_pb_button button_url=&#8221;https:\/\/operapaskaret.se\/en\/tickets\/&#8221; button_text=&#8221;Book the Opera Bus&#8221; button_alignment=&#8221;center&#8221; _builder_version=&#8221;4.25.1&#8243; _module_preset=&#8221;default&#8221; custom_margin=&#8221;||20px||false|false&#8221; locked=&#8221;off&#8221; global_colors_info=&#8221;{}&#8221;][\/et_pb_button][\/et_pb_column][\/et_pb_row][et_pb_row column_structure=&#8221;3_5,2_5&#8243; _builder_version=&#8221;4.22.2&#8243; _module_preset=&#8221;default&#8221; min_height=&#8221;169px&#8221; custom_margin=&#8221;32px|auto||auto|false|false&#8221; custom_padding=&#8221;0px||||false|false&#8221; global_colors_info=&#8221;{}&#8221;][et_pb_column type=&#8221;3_5&#8243; _builder_version=&#8221;4.19.5&#8243; _module_preset=&#8221;default&#8221; global_colors_info=&#8221;{}&#8221;][et_pb_text _builder_version=&#8221;4.25.1&#8243; _module_preset=&#8221;default&#8221; ul_line_height=&#8221;1.7em&#8221; global_colors_info=&#8221;{}&#8221;]<\/p>\n<h4>About ticket purchase<\/h4>\n<ul>\n<li>\n<div><span lang=\"EN-GB\">Can only be purchased in advance online or through our ticket office. Tickets cannot be purchased on board the bus. A service fee of 50 SEK applies for purchases through the ticket office. No fee for online purchases.<\/span><\/div>\n<\/li>\n<li>\n<div><span lang=\"EN-GB\"><\/span><span lang=\"EN-GB\"><span>Bus tickets are purchased individually and are not part of a ticket package.<\/span><\/span><\/div>\n<\/li>\n<li>\n<div><span lang=\"EN-GB\"><span><\/span><span>Prices refer to round-trip travel.<\/span><\/span><\/div>\n<\/li>\n<li>\n<div><span lang=\"EN-GB\"><span><\/span><span>Purchase of bus tickets can be made until 10:00 AM the day before the trip.<\/span><\/span><\/div>\n<\/li>\n<li>\n<div><span lang=\"EN-GB\"><span><\/span><span>Paid tickets are non-refundable.<\/span><\/span><\/div>\n<\/li>\n<li>\n<div><span lang=\"EN-GB\"><span><\/span><span>If you wish to change stops or travel days, please contact the ticket office at least 7 days before the travel date.<\/span><\/span><\/div>\n<\/li>\n<li>\n<div><span lang=\"EN-GB\"><span><\/span><span>Reservations for bus tickets must be paid 14 days before the trip.<\/span><\/span><\/div>\n<\/li>\n<li>\n<div>\n<p><span lang=\"EN-GB\"><span><\/span><span>In case of force majeure or other external circumstances beyond our control that affect the trip or travel time, no compensation will be provided.<\/span><\/p>\n<p><\/span><\/div>\n<div><\/div>\n<\/li>\n<\/ul>\n<p>[\/et_pb_text][\/et_pb_column][et_pb_column type=&#8221;2_5&#8243; _builder_version=&#8221;4.19.5&#8243; _module_preset=&#8221;default&#8221; global_colors_info=&#8221;{}&#8221;][et_pb_text _builder_version=&#8221;4.25.1&#8243; _module_preset=&#8221;default&#8221; ul_line_height=&#8221;1.7em&#8221; header_4_font_size=&#8221;24px&#8221; header_4_font_size_tablet=&#8221;24px&#8221; header_4_font_size_phone=&#8221;24px&#8221; header_4_font_size_last_edited=&#8221;on|phone&#8221; global_colors_info=&#8221;{}&#8221;]<\/p>\n<h4>Bus Routes<\/h4>\n<p>[\/et_pb_text][et_pb_accordion icon_color=&#8221;#575756&#8243; module_class=&#8221;my_accordion&#8221; _builder_version=&#8221;4.27.6&#8243; _module_preset=&#8221;default&#8221; hover_enabled=&#8221;0&#8243; global_colors_info=&#8221;{}&#8221; sticky_enabled=&#8221;0&#8243;][et_pb_accordion_item title=&#8221;Stockholm-Sk\u00e4ret Stops&#8221; open=&#8221;off&#8221; _builder_version=&#8221;4.27.4&#8243; _module_preset=&#8221;default&#8221; body_font_size=&#8221;13px&#8221; body_line_height=&#8221;1.6em&#8221; body_ul_font_size=&#8221;13px&#8221; body_ul_line_height=&#8221;1.6em&#8221; global_colors_info=&#8221;{}&#8221;]<\/p>\n<ul>\n<li><strong>Stockholm<\/strong><br \/>The City Terminal, info screen<br \/>Adress: Klarabergsviadukten 72<\/li>\n<li><strong>B\u00e5lsta<\/strong><br \/>Station, stop D2<br \/>Adress: Stockholmsv\u00e4gen<\/li>\n<li><strong>Enk\u00f6ping<\/strong><br \/>Resecentrum<br \/>Stora parkeringen<br \/>Adress: Herrg\u00e5rden<\/li>\n<li><strong>V\u00e4ster\u00e5s<\/strong><br \/>The Central Station, stop i<br \/>Adress: S\u00f6dra Ringv\u00e4gen 1<\/li>\n<li><strong>Surahammar<\/strong><br \/>Kapellgatan<br \/>Adress: Kapellgatan<\/li>\n<li><strong>Skinnskatteberg<\/strong><br \/>Station<br \/>Adress: Bergslagsv\u00e4gen 2<\/li>\n<li><strong>Kloten Nature Resort<\/strong><br \/>Korsningen\/parkering<br \/>Adress: S\u00e5gkullev\u00e4gen 15<\/li>\n<li><strong>Kopparberg<br \/><\/strong>Station<br \/>Adress: Ljusnarsv\u00e4gen 1<span class=\"Apple-converted-space\"> <\/span><\/li>\n<li><strong><span style=\"font-size: 13px;\">Sk\u00e4ret<\/span><\/strong><\/li>\n<\/ul>\n<p style=\"text-align: right;\"><a href=\"https:\/\/www.google.com\/maps\/d\/u\/0\/edit?mid=1Y0515crIDLId0gq0daqSxoMmZBW7Ym4&amp;ll=59.60493311803977%2C16.491799399999998&amp;z=9\" target=\"_blank\" rel=\"noopener\">MAP<\/a><\/p>\n<p>[\/et_pb_accordion_item][et_pb_accordion_item title=&#8221;\u00d6rebro-Sk\u00e4ret Stops&#8221; _builder_version=&#8221;4.27.4&#8243; _module_preset=&#8221;default&#8221; body_font_size=&#8221;13px&#8221; body_line_height=&#8221;1.6em&#8221; body_ul_font_size=&#8221;13px&#8221; body_ul_line_height=&#8221;1.6em&#8221; global_colors_info=&#8221;{}&#8221; open=&#8221;off&#8221;]<\/p>\n<ul>\n<li><strong>\u00d6rebro Airport<\/strong><br \/>The terminal<br \/>The entrance<br \/>Adress: Flygf\u00e4ltsv\u00e4gen 8<\/li>\n<li><strong>\u00d6rebro<\/strong><br \/>Resecentrum, stop M<br \/>Adress: \u00d6stra Bangatan 1<\/li>\n<li><strong>Lindesberg<\/strong><br \/>Station, stop A<br \/>Adress: J\u00e4rnv\u00e4gsgatan 2<\/li>\n<li><strong>Guldsmedshyttan<\/strong><br \/>Parkering<br \/>Ingo bensinstation<br \/>Adress: Solv\u00e4gen 4<\/li>\n<li><strong>B\u00e5ngbro<br \/><\/strong>Kata Dalstr\u00f6msv\u00e4g<br \/>\u00c5tervinningsstationen<br \/>Adress: Kata Dalstr\u00f6msv\u00e4g 71<\/li>\n<li><strong>Kopparberg<\/strong><br \/>Station<br \/>Adress: Ljusnarsbergsv\u00e4gen 1<\/li>\n<li><strong>Sk\u00e4ret<\/strong><\/li>\n<\/ul>\n<p style=\"text-align: right;\"><a href=\"https:\/\/www.google.com\/maps\/d\/u\/0\/edit?mid=1Zdw_p7wh1OHAuo5c7Scx850lhEg6vtM&amp;ll=59.53119776195477%2C14.954287208593751&amp;z=10\" target=\"_blank\" rel=\"noopener\">MAP<\/a><\/p>\n<p>[\/et_pb_accordion_item][et_pb_accordion_item title=&#8221;Karlstad-Sk\u00e4ret Stops&#8221; _builder_version=&#8221;4.27.6&#8243; _module_preset=&#8221;default&#8221; body_font_size=&#8221;13px&#8221; body_line_height=&#8221;1.6em&#8221; body_ul_font_size=&#8221;13px&#8221; body_ul_line_height=&#8221;1.6em&#8221; hover_enabled=&#8221;0&#8243; global_colors_info=&#8221;{}&#8221; open=&#8221;on&#8221; sticky_enabled=&#8221;0&#8243;]<\/p>\n<ul>\n<li><strong>Karlstad<\/strong><br \/>Central, stop L<br \/>Adress: Drottninggatan 43<\/li>\n<li><strong>Molkom<br \/><\/strong>Busstation<br \/>Adress: Viktoriagatan<\/li>\n<li><strong>Filipstad<br \/><\/strong>Busstation<br \/>Adress: Viktoriagatan<\/li>\n<li><strong>Grythyttan<\/strong><br \/>Ingo<br \/>Adress: Pr\u00e4stgatan 29<\/li>\n<li><strong>H\u00e4llefors<\/strong><br \/>H\u00e4llefors station<br \/>Adress: Stationsv\u00e4gen<\/li>\n<li><strong>Kopparberg<\/strong><br \/>Station<br \/>Adress: Ljusnarsv\u00e4gen 1<\/li>\n<li><strong>Sk\u00e4ret<\/strong><\/li>\n<\/ul>\n<p style=\"text-align: right;\"><a href=\"https:\/\/www.google.com\/maps\/d\/u\/0\/edit?mid=1JIPsGmQvkswn-gKFINqtjfKsCXaCXck&amp;ll=59.73980265130382%2C14.670526446335188&amp;z=10\" target=\"_blank\" rel=\"noopener\">MAP<\/a><\/p>\n<p>[\/et_pb_accordion_item][et_pb_accordion_item title=&#8221;Falun-Sk\u00e4ret STOPS&#8221; _builder_version=&#8221;4.27.4&#8243; _module_preset=&#8221;default&#8221; body_font_size=&#8221;13px&#8221; body_line_height=&#8221;1.6em&#8221; body_ul_font_size=&#8221;13px&#8221; body_ul_line_height=&#8221;1.6em&#8221; global_colors_info=&#8221;{}&#8221; open=&#8221;off&#8221;]<\/p>\n<ul>\n<li><strong>Falun<\/strong><br \/>Resecentrum, stop 1<br \/>Adress: Promenaden 5<\/li>\n<li><strong>Borl\u00e4nge<\/strong><br \/>Resecentrum, stop A<br \/>Adress: Ovanbrogatan 7<\/li>\n<li><strong>Ludvika<\/strong><br \/>Resecentrum, stop 1<br \/>Adress: Bergslagsgatan 10<\/li>\n<li><strong>Gr\u00e4ngesberg<\/strong><br \/>Station<br \/>Adress: Kopparbergsv. 53<\/li>\n<li><strong>St\u00e4lldalen<\/strong><br \/>J\u00e4rnv\u00e4gsstation<br \/>Adress: St\u00e4llbergsv\u00e4gen<\/li>\n<li><strong>Sk\u00e4ret<\/strong><\/li>\n<\/ul>\n<p style=\"text-align: right;\"><span style=\"text-decoration: underline;\"><a href=\"https:\/\/www.google.com\/maps\/d\/u\/0\/embed?mid=1ykxexYW3HqtNab1H9RYAQwxpkWtevEI&amp;ehbc=2E312F&amp;noprof=1&amp;ll=60.17954369384052%2C15.27546415390626&amp;z=10\" target=\"_blank\" rel=\"noopener\">MAP<\/a><\/span><\/p>\n<p style=\"text-align: right;\"><span style=\"text-decoration: underline;\"><\/span><\/p>\n<p>[\/et_pb_accordion_item][\/et_pb_accordion][\/et_pb_column][\/et_pb_row][et_pb_row _builder_version=&#8221;4.22.2&#8243; _module_preset=&#8221;default&#8221; min_height=&#8221;169px&#8221; custom_margin=&#8221;32px|auto||auto|false|false&#8221; custom_padding=&#8221;0px||||false|false&#8221; global_colors_info=&#8221;{}&#8221;][et_pb_column type=&#8221;4_4&#8243; _builder_version=&#8221;4.19.5&#8243; _module_preset=&#8221;default&#8221; global_colors_info=&#8221;{}&#8221;][et_pb_text _builder_version=&#8221;4.25.1&#8243; _module_preset=&#8221;default&#8221; ul_line_height=&#8221;1.7em&#8221; global_colors_info=&#8221;{}&#8221;]<\/p>\n<h4>About the trip<\/h4>\n<ul style=\"font-weight: 400;\">\n<li>The bus ticket is not personal but is linked to the time, day, and stop you booked.<\/li>\n<li>Boarding takes place at the bus stop you booked, and the return trip goes to the same bus stop. As a passenger, you are responsible for being at the right place at the right time for departure.<\/li>\n<li>The bus from Stockholm arrives at Sk\u00e4ret 1 hour and 30 min before the performance. Buses from other locations arrives 1 hour and 15 min before.<\/li>\n<li>The return trip from Sk\u00e4ret departs about 20 minutes after the performance; there is no timetable for the return trip from Sk\u00e4ret.<\/li>\n<li>The bus departs from its parking spot after the performance ends. You travel home with the same bus you arrived on; check the bus number and keep your ticket for your return trip.<\/li>\n<li>Bringing your own food and drink is allowed on board.<\/li>\n<li>There is a toilet on the bus.<\/li>\n<\/ul>\n<p>[\/et_pb_text][\/et_pb_column][\/et_pb_row][et_pb_row _builder_version=&#8221;4.25.1&#8243; _module_preset=&#8221;default&#8221; global_colors_info=&#8221;{}&#8221;][et_pb_column type=&#8221;4_4&#8243; _builder_version=&#8221;4.25.1&#8243; _module_preset=&#8221;default&#8221; global_colors_info=&#8221;{}&#8221;][et_pb_code _builder_version=&#8221;4.27.4&#8243; _module_preset=&#8221;default&#8221; global_colors_info=&#8221;{}&#8221;]<iframe loading=\"lazy\" src=\"https:\/\/www.google.com\/maps\/d\/embed?mid=1E0_9NzDTT7SUhwV-56Lg8UqpWFRQOfk&#038;ehbc=2E312F&#038;noprof=1\" width=\"100%\" height=\"480\"><\/iframe>[\/et_pb_code][\/et_pb_column][\/et_pb_row][\/et_pb_section]<\/p>\n","protected":false},"excerpt":{"rendered":"<p>Buses to and from Opera at Sk\u00e4retThe Opera bus operates four different routes in Sweden and stops at several different stops along the way. It is a convenient option for those who want to easily travel to Opera at Sk\u00e4ret to experience fantastic opera in a wonderful environment. You arrive in good time and do [&hellip;]<\/p>\n","protected":false},"author":1,"featured_media":6643,"parent":0,"menu_order":0,"comment_status":"closed","ping_status":"closed","template":"","meta":{"_et_pb_use_builder":"on","_et_pb_old_content":"","_et_gb_content_width":"","inline_featured_image":false,"footnotes":""},"class_list":["post-6901","page","type-page","status-publish","has-post-thumbnail","hentry"],"yoast_head":"<!-- This site is optimized with the Yoast SEO plugin v27.5 - https:\/\/yoast.com\/product\/yoast-seo-wordpress\/ -->\n<title>Operabuss - Opera p\u00e5 Sk\u00e4ret<\/title>\n<meta name=\"robots\" content=\"index, follow, max-snippet:-1, max-image-preview:large, max-video-preview:-1\" \/>\n<link rel=\"canonical\" href=\"https:\/\/operapaskaret.se\/en\/operabus\/\" \/>\n<meta property=\"og:locale\" content=\"en_US\" \/>\n<meta property=\"og:type\" content=\"article\" \/>\n<meta property=\"og:title\" content=\"Operabuss - Opera p\u00e5 Sk\u00e4ret\" \/>\n<meta property=\"og:description\" content=\"Buses to and from Opera at Sk\u00e4retThe Opera bus operates four different routes in Sweden and stops at several different stops along the way. It is a convenient option for those who want to easily travel to Opera at Sk\u00e4ret to experience fantastic opera in a wonderful environment. You arrive in good time and do [&hellip;]\" \/>\n<meta property=\"og:url\" content=\"https:\/\/operapaskaret.se\/en\/operabus\/\" \/>\n<meta property=\"og:site_name\" content=\"Opera p\u00e5 Sk\u00e4ret\" \/>\n<meta property=\"article:publisher\" content=\"https:\/\/www.facebook.com\/operapaskaret\" \/>\n<meta property=\"article:modified_time\" content=\"2026-03-06T09:05:23+00:00\" \/>\n<meta property=\"og:image\" content=\"https:\/\/operapaskaret.se\/wp-content\/uploads\/2024\/05\/vastanhede_hero.jpg\" \/>\n\t<meta property=\"og:image:width\" content=\"1920\" \/>\n\t<meta property=\"og:image:height\" content=\"1013\" \/>\n\t<meta property=\"og:image:type\" content=\"image\/jpeg\" \/>\n<meta name=\"twitter:card\" content=\"summary_large_image\" \/>\n<meta name=\"twitter:label1\" content=\"Est. reading time\" \/>\n\t<meta name=\"twitter:data1\" content=\"3 minutes\" \/>\n<script type=\"application\/ld+json\" class=\"yoast-schema-graph\">{\"@context\":\"https:\\\/\\\/schema.org\",\"@graph\":[{\"@type\":\"WebPage\",\"@id\":\"https:\\\/\\\/operapaskaret.se\\\/en\\\/operabus\\\/\",\"url\":\"https:\\\/\\\/operapaskaret.se\\\/en\\\/operabus\\\/\",\"name\":\"Operabuss - Opera p\u00e5 Sk\u00e4ret\",\"isPartOf\":{\"@id\":\"https:\\\/\\\/operapaskaret.se\\\/#website\"},\"primaryImageOfPage\":{\"@id\":\"https:\\\/\\\/operapaskaret.se\\\/en\\\/operabus\\\/#primaryimage\"},\"image\":{\"@id\":\"https:\\\/\\\/operapaskaret.se\\\/en\\\/operabus\\\/#primaryimage\"},\"thumbnailUrl\":\"https:\\\/\\\/operapaskaret.se\\\/wp-content\\\/uploads\\\/2024\\\/05\\\/vastanhede_hero.jpg\",\"datePublished\":\"2024-05-22T07:31:18+00:00\",\"dateModified\":\"2026-03-06T09:05:23+00:00\",\"breadcrumb\":{\"@id\":\"https:\\\/\\\/operapaskaret.se\\\/en\\\/operabus\\\/#breadcrumb\"},\"inLanguage\":\"en-US\",\"potentialAction\":[{\"@type\":\"ReadAction\",\"target\":[\"https:\\\/\\\/operapaskaret.se\\\/en\\\/operabus\\\/\"]}]},{\"@type\":\"ImageObject\",\"inLanguage\":\"en-US\",\"@id\":\"https:\\\/\\\/operapaskaret.se\\\/en\\\/operabus\\\/#primaryimage\",\"url\":\"https:\\\/\\\/operapaskaret.se\\\/wp-content\\\/uploads\\\/2024\\\/05\\\/vastanhede_hero.jpg\",\"contentUrl\":\"https:\\\/\\\/operapaskaret.se\\\/wp-content\\\/uploads\\\/2024\\\/05\\\/vastanhede_hero.jpg\",\"width\":1920,\"height\":1013},{\"@type\":\"BreadcrumbList\",\"@id\":\"https:\\\/\\\/operapaskaret.se\\\/en\\\/operabus\\\/#breadcrumb\",\"itemListElement\":[{\"@type\":\"ListItem\",\"position\":1,\"name\":\"Hem\",\"item\":\"https:\\\/\\\/operapaskaret.se\\\/en\\\/\"},{\"@type\":\"ListItem\",\"position\":2,\"name\":\"Operabuss\"}]},{\"@type\":\"WebSite\",\"@id\":\"https:\\\/\\\/operapaskaret.se\\\/#website\",\"url\":\"https:\\\/\\\/operapaskaret.se\\\/\",\"name\":\"Opera p\u00e5 Sk\u00e4ret\",\"description\":\"The Opera Festival in the heart of Sweden\",\"publisher\":{\"@id\":\"https:\\\/\\\/operapaskaret.se\\\/#organization\"},\"potentialAction\":[{\"@type\":\"SearchAction\",\"target\":{\"@type\":\"EntryPoint\",\"urlTemplate\":\"https:\\\/\\\/operapaskaret.se\\\/?s={search_term_string}\"},\"query-input\":{\"@type\":\"PropertyValueSpecification\",\"valueRequired\":true,\"valueName\":\"search_term_string\"}}],\"inLanguage\":\"en-US\"},{\"@type\":\"Organization\",\"@id\":\"https:\\\/\\\/operapaskaret.se\\\/#organization\",\"name\":\"Opera p\u00e5 Sk\u00e4ret\",\"url\":\"https:\\\/\\\/operapaskaret.se\\\/\",\"logo\":{\"@type\":\"ImageObject\",\"inLanguage\":\"en-US\",\"@id\":\"https:\\\/\\\/operapaskaret.se\\\/#\\\/schema\\\/logo\\\/image\\\/\",\"url\":\"https:\\\/\\\/operapaskaret.se\\\/wp-content\\\/uploads\\\/2023\\\/01\\\/OPS_Logo_2023_b.svg\",\"contentUrl\":\"https:\\\/\\\/operapaskaret.se\\\/wp-content\\\/uploads\\\/2023\\\/01\\\/OPS_Logo_2023_b.svg\",\"width\":\"1024\",\"height\":\"1024\",\"caption\":\"Opera p\u00e5 Sk\u00e4ret\"},\"image\":{\"@id\":\"https:\\\/\\\/operapaskaret.se\\\/#\\\/schema\\\/logo\\\/image\\\/\"},\"sameAs\":[\"https:\\\/\\\/www.facebook.com\\\/operapaskaret\",\"https:\\\/\\\/www.instagram.com\\\/operapaskaret\\\/\"]}]}<\/script>\n<!-- \/ Yoast SEO plugin. -->","yoast_head_json":{"title":"Operabuss - Opera p\u00e5 Sk\u00e4ret","robots":{"index":"index","follow":"follow","max-snippet":"max-snippet:-1","max-image-preview":"max-image-preview:large","max-video-preview":"max-video-preview:-1"},"canonical":"https:\/\/operapaskaret.se\/en\/operabus\/","og_locale":"en_US","og_type":"article","og_title":"Operabuss - Opera p\u00e5 Sk\u00e4ret","og_description":"Buses to and from Opera at Sk\u00e4retThe Opera bus operates four different routes in Sweden and stops at several different stops along the way. It is a convenient option for those who want to easily travel to Opera at Sk\u00e4ret to experience fantastic opera in a wonderful environment. You arrive in good time and do [&hellip;]","og_url":"https:\/\/operapaskaret.se\/en\/operabus\/","og_site_name":"Opera p\u00e5 Sk\u00e4ret","article_publisher":"https:\/\/www.facebook.com\/operapaskaret","article_modified_time":"2026-03-06T09:05:23+00:00","og_image":[{"width":1920,"height":1013,"url":"https:\/\/operapaskaret.se\/wp-content\/uploads\/2024\/05\/vastanhede_hero.jpg","type":"image\/jpeg"}],"twitter_card":"summary_large_image","twitter_misc":{"Est. reading time":"3 minutes"},"schema":{"@context":"https:\/\/schema.org","@graph":[{"@type":"WebPage","@id":"https:\/\/operapaskaret.se\/en\/operabus\/","url":"https:\/\/operapaskaret.se\/en\/operabus\/","name":"Operabuss - Opera p\u00e5 Sk\u00e4ret","isPartOf":{"@id":"https:\/\/operapaskaret.se\/#website"},"primaryImageOfPage":{"@id":"https:\/\/operapaskaret.se\/en\/operabus\/#primaryimage"},"image":{"@id":"https:\/\/operapaskaret.se\/en\/operabus\/#primaryimage"},"thumbnailUrl":"https:\/\/operapaskaret.se\/wp-content\/uploads\/2024\/05\/vastanhede_hero.jpg","datePublished":"2024-05-22T07:31:18+00:00","dateModified":"2026-03-06T09:05:23+00:00","breadcrumb":{"@id":"https:\/\/operapaskaret.se\/en\/operabus\/#breadcrumb"},"inLanguage":"en-US","potentialAction":[{"@type":"ReadAction","target":["https:\/\/operapaskaret.se\/en\/operabus\/"]}]},{"@type":"ImageObject","inLanguage":"en-US","@id":"https:\/\/operapaskaret.se\/en\/operabus\/#primaryimage","url":"https:\/\/operapaskaret.se\/wp-content\/uploads\/2024\/05\/vastanhede_hero.jpg","contentUrl":"https:\/\/operapaskaret.se\/wp-content\/uploads\/2024\/05\/vastanhede_hero.jpg","width":1920,"height":1013},{"@type":"BreadcrumbList","@id":"https:\/\/operapaskaret.se\/en\/operabus\/#breadcrumb","itemListElement":[{"@type":"ListItem","position":1,"name":"Hem","item":"https:\/\/operapaskaret.se\/en\/"},{"@type":"ListItem","position":2,"name":"Operabuss"}]},{"@type":"WebSite","@id":"https:\/\/operapaskaret.se\/#website","url":"https:\/\/operapaskaret.se\/","name":"Opera p\u00e5 Sk\u00e4ret","description":"The Opera Festival in the heart of Sweden","publisher":{"@id":"https:\/\/operapaskaret.se\/#organization"},"potentialAction":[{"@type":"SearchAction","target":{"@type":"EntryPoint","urlTemplate":"https:\/\/operapaskaret.se\/?s={search_term_string}"},"query-input":{"@type":"PropertyValueSpecification","valueRequired":true,"valueName":"search_term_string"}}],"inLanguage":"en-US"},{"@type":"Organization","@id":"https:\/\/operapaskaret.se\/#organization","name":"Opera p\u00e5 Sk\u00e4ret","url":"https:\/\/operapaskaret.se\/","logo":{"@type":"ImageObject","inLanguage":"en-US","@id":"https:\/\/operapaskaret.se\/#\/schema\/logo\/image\/","url":"https:\/\/operapaskaret.se\/wp-content\/uploads\/2023\/01\/OPS_Logo_2023_b.svg","contentUrl":"https:\/\/operapaskaret.se\/wp-content\/uploads\/2023\/01\/OPS_Logo_2023_b.svg","width":"1024","height":"1024","caption":"Opera p\u00e5 Sk\u00e4ret"},"image":{"@id":"https:\/\/operapaskaret.se\/#\/schema\/logo\/image\/"},"sameAs":["https:\/\/www.facebook.com\/operapaskaret","https:\/\/www.instagram.com\/operapaskaret\/"]}]}},"_links":{"self":[{"href":"https:\/\/operapaskaret.se\/en\/wp-json\/wp\/v2\/pages\/6901","targetHints":{"allow":["GET"]}}],"collection":[{"href":"https:\/\/operapaskaret.se\/en\/wp-json\/wp\/v2\/pages"}],"about":[{"href":"https:\/\/operapaskaret.se\/en\/wp-json\/wp\/v2\/types\/page"}],"author":[{"embeddable":true,"href":"https:\/\/operapaskaret.se\/en\/wp-json\/wp\/v2\/users\/1"}],"replies":[{"embeddable":true,"href":"https:\/\/operapaskaret.se\/en\/wp-json\/wp\/v2\/comments?post=6901"}],"version-history":[{"count":50,"href":"https:\/\/operapaskaret.se\/en\/wp-json\/wp\/v2\/pages\/6901\/revisions"}],"predecessor-version":[{"id":11827,"href":"https:\/\/operapaskaret.se\/en\/wp-json\/wp\/v2\/pages\/6901\/revisions\/11827"}],"wp:featuredmedia":[{"embeddable":true,"href":"https:\/\/operapaskaret.se\/en\/wp-json\/wp\/v2\/media\/6643"}],"wp:attachment":[{"href":"https:\/\/operapaskaret.se\/en\/wp-json\/wp\/v2\/media?parent=6901"}],"curies":[{"name":"wp","href":"https:\/\/api.w.org\/{rel}","templated":true}]}}