{"id":7295,"date":"2024-06-27T08:59:24","date_gmt":"2024-06-27T08:59:24","guid":{"rendered":"https:\/\/operapaskaret.se\/?page_id=7295"},"modified":"2025-08-20T09:16:58","modified_gmt":"2025-08-20T07:16:58","slug":"welcome","status":"publish","type":"page","link":"https:\/\/operapaskaret.se\/en\/welcome\/","title":{"rendered":"Welcome to Opera p\u00e5 Sk\u00e4ret"},"content":{"rendered":"<p>[et_pb_section fb_built=&#8221;1&#8243; fullwidth=&#8221;on&#8221; disabled_on=&#8221;off|off|off&#8221; _builder_version=&#8221;4.27.4&#8243; _module_preset=&#8221;default&#8221; hover_enabled=&#8221;0&#8243; locked=&#8221;off&#8221; global_colors_info=&#8221;{}&#8221; sticky_enabled=&#8221;0&#8243;][et_pb_fullwidth_header title=&#8221;Welcome to Opera p\u00e5 Sk\u00e4ret in Sweden&#8221; subhead=&#8221; \u2013   an internationally established arena for summer opera!&#8221; header_fullscreen=&#8221;on&#8221; button_one_url=&#8221;\/en\/tickets\/&#8221; background_overlay_color=&#8221;rgba(28,28,28,0.23)&#8221; background_overlay_color_tablet=&#8221;RGBA(255,255,255,0)&#8221; background_overlay_color_phone=&#8221;rgba(28,28,28,0.4)&#8221; background_overlay_color_last_edited=&#8221;on|desktop&#8221; _builder_version=&#8221;4.27.4&#8243; _module_preset=&#8221;default&#8221; title_font_size=&#8221;70px&#8221; content_font=&#8221;|600|||||||&#8221; content_text_color=&#8221;#ffffff&#8221; content_font_size=&#8221;25px&#8221; content_line_height=&#8221;1.3em&#8221; subhead_font=&#8221;|600|||||||&#8221; subhead_font_size=&#8221;34px&#8221; subhead_line_height=&#8221;1.1em&#8221; background_enable_color=&#8221;off&#8221; use_background_color_gradient=&#8221;on&#8221; background_color_gradient_direction=&#8221;83deg&#8221; background_color_gradient_stops=&#8221;#b1b1b1 0%|rgba(255,255,255,0) 87%&#8221; background_image=&#8221;https:\/\/operapaskaret.se\/wp-content\/uploads\/2025\/07\/\u00a9andreas-hylthen_0065_D-Redigerad.jpg&#8221; background_enable_video_mp4=&#8221;off&#8221; custom_button_one=&#8221;on&#8221; button_one_text_color=&#8221;#ffffff&#8221; button_one_bg_color=&#8221;#1C1C1C&#8221; button_one_border_color=&#8221;#1C1C1C&#8221; button_one_use_icon=&#8221;off&#8221; custom_button_two=&#8221;on&#8221; button_two_text_color=&#8221;#ECECEC&#8221; button_two_bg_color=&#8221;#1c1c1c&#8221; button_two_border_color=&#8221;#1c1c1c&#8221; button_two_use_icon=&#8221;off&#8221; hover_enabled=&#8221;0&#8243; title_font_size_tablet=&#8221;80px&#8221; title_font_size_phone=&#8221;51px&#8221; title_font_size_last_edited=&#8221;on|desktop&#8221; content_font_size_tablet=&#8221;25px&#8221; content_font_size_phone=&#8221;20px&#8221; content_font_size_last_edited=&#8221;on|phone&#8221; subhead_font_size_tablet=&#8221;39px&#8221; subhead_font_size_phone=&#8221;29px&#8221; subhead_font_size_last_edited=&#8221;on|phone&#8221; custom_css_content=&#8221;margin-top: 20px;||width: 850px;&#8221; title_text_shadow_style=&#8221;preset1&#8243; title_text_shadow_vertical_length=&#8221;0.06em&#8221; title_text_shadow_blur_strength=&#8221;0.14em&#8221; content_text_shadow_style=&#8221;preset1&#8243; content_text_shadow_vertical_length=&#8221;0.04em&#8221; content_text_shadow_blur_strength=&#8221;0.3em&#8221; global_colors_info=&#8221;{}&#8221; custom_css_title_last_edited=&#8221;on|phone&#8221; custom_css_title_phone=&#8221;width: 100%;&#8221; custom_css_content_last_edited=&#8221;on|phone&#8221; custom_css_content_phone=&#8221;width: 100%;&#8221; custom_css_subtitle_last_edited=&#8221;on|phone&#8221; custom_css_subtitle_phone=&#8221;width: 100%;&#8221; custom_css_title_tablet=&#8221;width: 450px;&#8221; custom_css_content_tablet=&#8221;width: 450px;&#8221; custom_css_subtitle_tablet=&#8221;width: 450px;&#8221; button_one_border_width__hover_enabled=&#8221;on|desktop&#8221; button_one_border_color__hover_enabled=&#8221;on|desktop&#8221; button_one_border_color__hover=&#8221;#ECECEC&#8221; button_one_bg_color__hover_enabled=&#8221;on|hover&#8221; button_one_bg_color__hover=&#8221;#ECECEC&#8221; button_one_bg_enable_color__hover=&#8221;on&#8221; button_two_bg_color__hover_enabled=&#8221;on|hover&#8221; button_two_bg_color__hover=&#8221;#ECECEC&#8221; button_two_bg_enable_color__hover=&#8221;on&#8221; button_two_text_color__hover_enabled=&#8221;on|hover&#8221; button_two_text_color__hover=&#8221;#000000&#8243; button_two_border_color__hover_enabled=&#8221;on|hover&#8221; button_two_border_color__hover=&#8221;#ECECEC&#8221; button_one_text_color__hover=&#8221;#1C1C1C&#8221; button_one_text_color__hover_enabled=&#8221;on|desktop&#8221; alt=&#8221;\u00d6versiktsbild \u00f6ver ett somrigt Sk\u00e4ret&#8221; title_text=&#8221;\u00a9andreas-hylthen_0065_D-Redigerad&#8221; sticky_enabled=&#8221;0&#8243;][\/et_pb_fullwidth_header][\/et_pb_section][et_pb_section fb_built=&#8221;1&#8243; admin_label=&#8221;FeatureVideo&#8221; _builder_version=&#8221;4.25.2&#8243; _module_preset=&#8221;default&#8221; background_color=&#8221;#1C1C1C&#8221; locked=&#8221;off&#8221; global_colors_info=&#8221;{}&#8221;][et_pb_row column_structure=&#8221;1_2,1_2&#8243; _builder_version=&#8221;4.19.0&#8243; _module_preset=&#8221;default&#8221; global_colors_info=&#8221;{}&#8221;][et_pb_column type=&#8221;1_2&#8243; _builder_version=&#8221;4.19.0&#8243; _module_preset=&#8221;default&#8221; global_colors_info=&#8221;{}&#8221;][et_pb_video src=&#8221;https:\/\/youtu.be\/nIYTxdIT2Sk&#8221; _builder_version=&#8221;4.27.4&#8243; _module_preset=&#8221;default&#8221; global_colors_info=&#8221;{}&#8221;][\/et_pb_video][\/et_pb_column][et_pb_column type=&#8221;1_2&#8243; _builder_version=&#8221;4.19.0&#8243; _module_preset=&#8221;default&#8221; global_colors_info=&#8221;{}&#8221;][et_pb_text _builder_version=&#8221;4.25.2&#8243; _module_preset=&#8221;default&#8221; background_layout=&#8221;dark&#8221; global_colors_info=&#8221;{}&#8221;]<\/p>\n<h2>About Opera p\u00e5 Sk\u00e4ret<\/h2>\n<p class=\"p1\">A former sawmill on the shore of a vast lake houses one of the world\u2019s most unique opera houses, renowned globally for its acoustics. After two decades of high-class opera and great artistic experiences, the Swedish opera house Opera p\u00e5 Sk\u00e4ret is an internationally established arena for summer opera.<\/p>\n<p>[\/et_pb_text][\/et_pb_column][\/et_pb_row][\/et_pb_section][et_pb_section fb_built=&#8221;1&#8243; _builder_version=&#8221;4.27.4&#8243; _module_preset=&#8221;default&#8221; background_color=&#8221;#ECECEC&#8221; hover_enabled=&#8221;0&#8243; locked=&#8221;off&#8221; global_colors_info=&#8221;{}&#8221; disabled_on=&#8221;on|on|on&#8221; disabled=&#8221;on&#8221; sticky_enabled=&#8221;0&#8243;][et_pb_row column_structure=&#8221;2_5,3_5&#8243; disabled_on=&#8221;off|off|off&#8221; _builder_version=&#8221;4.19.2&#8243; _module_preset=&#8221;default&#8221; global_colors_info=&#8221;{}&#8221;][et_pb_column type=&#8221;2_5&#8243; _builder_version=&#8221;4.19.2&#8243; _module_preset=&#8221;default&#8221; global_colors_info=&#8221;{}&#8221;][et_pb_image src=&#8221;https:\/\/operapaskaret.se\/wp-content\/uploads\/2025\/01\/turandot_affisch-724&#215;1024.jpg&#8221; title_text=&#8221;turandot_affisch&#8221; _builder_version=&#8221;4.27.4&#8243; _module_preset=&#8221;default&#8221; global_colors_info=&#8221;{}&#8221;][\/et_pb_image][\/et_pb_column][et_pb_column type=&#8221;3_5&#8243; _builder_version=&#8221;4.19.2&#8243; _module_preset=&#8221;default&#8221; global_colors_info=&#8221;{}&#8221;][et_pb_text _builder_version=&#8221;4.27.4&#8243; _module_preset=&#8221;default&#8221; global_colors_info=&#8221;{}&#8221;]<\/p>\n<h3>Turandot<\/h3>\n<p>Turandot became Giacomo Puccini\u2019s final opera and is today immensely beloved worldwide. This is the operatic tale of an oppressed people under an imperial dynasty in China. The merciless Princess Turandot is set to marry according to tradition but refuses to face the same fate as an ancestor who was murdered after getting married. She does not want to be reduced to being subordinate to a man and has therefore, in order to delay marriage, imposed the condition that a suitor must correctly answer three riddles. If the suitor fails, he is executed.<\/p>\n<p>Puccini wrote this opera while he was very ill and never managed to complete the work. Instead, his student Alfano finished it according to Puccini\u2019s notes. Since its premiere in 1926 at La Scala in Milan, Turandot has held an unquestioned place in the repertoire of major opera houses. The magnificent music and the setting at the centre of power in China is very captivating, not least through the challenging vocal parts that demands dramatic voices.<\/p>\n<p>By the summer of 2025, we will be able to offer our audience this beloved opera, with the famous aria Nessun dorma, in one of the world\u2019s most unique opera houses, a former sawmill located by the shore of a vast lake, now famous for its acoustics. It is now possible to buy tickets for the first five performances.<\/p>\n<p>[\/et_pb_text][et_pb_button button_url=&#8221;https:\/\/operapaskaret.se\/en\/tickets\/&#8221; button_text=&#8221;Buy Tickets&#8221; button_alignment=&#8221;center&#8221; disabled_on=&#8221;off|off|off&#8221; _builder_version=&#8221;4.25.2&#8243; _module_preset=&#8221;default&#8221; locked=&#8221;off&#8221; global_colors_info=&#8221;{}&#8221;][\/et_pb_button][\/et_pb_column][\/et_pb_row][\/et_pb_section][et_pb_section fb_built=&#8221;1&#8243; _builder_version=&#8221;4.25.2&#8243; _module_preset=&#8221;default&#8221; background_color=&#8221;RGBA(255,255,255,0)&#8221; custom_padding=&#8221;||||false|false&#8221; locked=&#8221;off&#8221; global_colors_info=&#8221;{}&#8221;][et_pb_row _builder_version=&#8221;4.22.1&#8243; _module_preset=&#8221;default&#8221; custom_padding=&#8221;||0px|||&#8221; locked=&#8221;off&#8221; global_colors_info=&#8221;{}&#8221;][et_pb_column type=&#8221;4_4&#8243; _builder_version=&#8221;4.22.1&#8243; _module_preset=&#8221;default&#8221; global_colors_info=&#8221;{}&#8221;][et_pb_gallery gallery_ids=&#8221;1636,1599,1491,322,1422,1386,1326&#8243; gallery_orderby=&#8221;rand&#8221; fullwidth=&#8221;on&#8221; _builder_version=&#8221;4.22.2&#8243; _module_preset=&#8221;default&#8221; title_text_color=&#8221;#ECECEC&#8221; text_orientation=&#8221;center&#8221; background_layout=&#8221;dark&#8221; max_width=&#8221;100%&#8221; custom_margin=&#8221;|0px||0px|false|false&#8221; custom_padding=&#8221;|0px||0px|false|false&#8221; auto=&#8221;on&#8221; auto_speed=&#8221;4000&#8243; locked=&#8221;off&#8221; global_colors_info=&#8221;{}&#8221;][\/et_pb_gallery][\/et_pb_column][\/et_pb_row][et_pb_row _builder_version=&#8221;4.22.2&#8243; _module_preset=&#8221;default&#8221; custom_padding=&#8221;||0px|||&#8221; global_colors_info=&#8221;{}&#8221;][et_pb_column type=&#8221;4_4&#8243; _builder_version=&#8221;4.22.2&#8243; _module_preset=&#8221;default&#8221; global_colors_info=&#8221;{}&#8221;][et_pb_text _builder_version=&#8221;4.25.2&#8243; _module_preset=&#8221;default&#8221; global_colors_info=&#8221;{}&#8221;]<\/p>\n<h2 style=\"text-align: center;\">20 years of opera history<\/h2>\n<p>[\/et_pb_text][\/et_pb_column][\/et_pb_row][et_pb_row column_structure=&#8221;1_2,1_2&#8243; _builder_version=&#8221;4.22.2&#8243; _module_preset=&#8221;default&#8221; global_colors_info=&#8221;{}&#8221;][et_pb_column type=&#8221;1_2&#8243; _builder_version=&#8221;4.22.2&#8243; _module_preset=&#8221;default&#8221; global_colors_info=&#8221;{}&#8221;][et_pb_text _builder_version=&#8221;4.25.2&#8243; _module_preset=&#8221;default&#8221; global_colors_info=&#8221;{}&#8221;]<\/p>\n<p>The story began on a late summer day in 1996 when the opera singer and violinist Sten Niclasson discovered the mighty timber warehouse at a closed sawmill and conceived the idea of creating an opera house there.<\/p>\n<p>It took eight years before he was able to organize the two opera galas that marked the inception of Opera p\u00e5 Sk\u00e4ret in the summer of 2004.<\/p>\n<p>Since then, almost 130,000 people have enjoyed opera performances with international star soloists, superior orchestras and choral song by Opera p\u00e5 Sk\u00e4ret\u2019s own opera choir.<\/p>\n<p>[\/et_pb_text][\/et_pb_column][et_pb_column type=&#8221;1_2&#8243; _builder_version=&#8221;4.22.2&#8243; _module_preset=&#8221;default&#8221; global_colors_info=&#8221;{}&#8221;][et_pb_text _builder_version=&#8221;4.25.2&#8243; _module_preset=&#8221;default&#8221; global_colors_info=&#8221;{}&#8221;]<\/p>\n<p class=\"p3\">Above all, works by great Italian masters, such as Verdi, Puccini, Rossini, Donizetti and Leoncavallo have been played here, as well as works by Wagner and Mozart.<\/p>\n<p class=\"p3\">In the summer of 2023, Opera p\u00e5 Sk\u00e4ret celebrated its 20-year anniversary with a new production of Verdi\u2019s Rigoletto, the work that put the opera house on the international map in 2006.<\/p>\n<p>[\/et_pb_text][\/et_pb_column][\/et_pb_row][et_pb_row _builder_version=&#8221;4.25.2&#8243; _module_preset=&#8221;default&#8221; background_color=&#8221;#ECECEC&#8221; global_colors_info=&#8221;{}&#8221;][et_pb_column type=&#8221;4_4&#8243; _builder_version=&#8221;4.22.2&#8243; _module_preset=&#8221;default&#8221; global_colors_info=&#8221;{}&#8221;][et_pb_text _builder_version=&#8221;4.25.2&#8243; _module_preset=&#8221;default&#8221; text_font=&#8221;|600|||||||&#8221; text_text_color=&#8221;#1C1C1C&#8221; text_font_size=&#8221;22px&#8221; text_line_height=&#8221;1.3em&#8221; max_width=&#8221;750px&#8221; module_alignment=&#8221;center&#8221; custom_padding=&#8221;|30px||30px|false|false&#8221; global_colors_info=&#8221;{}&#8221;]<\/p>\n<h4>How to get there<\/h4>\n<p>You can travel to Sk\u00e4ret in many ways. If you are coming from abroad, by plane, the nearest airports are in Stockholm and \u00d6rebro. More information on how to travel within Sweden to and from Opera p\u00e5 Sk\u00e4ret <a href=\"https:\/\/operapaskaret.se\/en\/your-visit\/\">can be found here &gt;&gt;<\/a>[\/et_pb_text][\/et_pb_column][\/et_pb_row][\/et_pb_section][et_pb_section fb_built=&#8221;1&#8243; fullwidth=&#8221;on&#8221; _builder_version=&#8221;4.19.0&#8243; _module_preset=&#8221;default&#8221; global_colors_info=&#8221;{}&#8221;][et_pb_fullwidth_image src=&#8221;https:\/\/operapaskaret.se\/wp-content\/uploads\/2022\/11\/OPS-9303.jpg&#8221; title_text=&#8221;OPS-9303&#8243; _builder_version=&#8221;4.19.0&#8243; _module_preset=&#8221;default&#8221; global_colors_info=&#8221;{}&#8221;][\/et_pb_fullwidth_image][\/et_pb_section]<\/p>\n","protected":false},"excerpt":{"rendered":"<p>About Opera p\u00e5 Sk\u00e4ret A former sawmill on the shore of a vast lake houses one of the world\u2019s most unique opera houses, renowned globally for its acoustics. After two decades of high-class opera and great artistic experiences, the Swedish opera house Opera p\u00e5 Sk\u00e4ret is an internationally established arena for summer opera.Turandot Turandot became [&hellip;]<\/p>\n","protected":false},"author":1,"featured_media":0,"parent":0,"menu_order":0,"comment_status":"closed","ping_status":"closed","template":"","meta":{"_et_pb_use_builder":"on","_et_pb_old_content":"","_et_gb_content_width":"","inline_featured_image":false,"footnotes":""},"class_list":["post-7295","page","type-page","status-publish","hentry"],"yoast_head":"<!-- This site is optimized with the Yoast SEO plugin v27.5 - https:\/\/yoast.com\/product\/yoast-seo-wordpress\/ -->\n<title>Welcome to Opera p\u00e5 Sk\u00e4ret - Opera p\u00e5 Sk\u00e4ret<\/title>\n<meta name=\"robots\" content=\"index, follow, max-snippet:-1, max-image-preview:large, max-video-preview:-1\" \/>\n<link rel=\"canonical\" href=\"https:\/\/operapaskaret.se\/en\/welcome\/\" \/>\n<meta property=\"og:locale\" content=\"en_US\" \/>\n<meta property=\"og:type\" content=\"article\" \/>\n<meta property=\"og:title\" content=\"Welcome to Opera p\u00e5 Sk\u00e4ret - Opera p\u00e5 Sk\u00e4ret\" \/>\n<meta property=\"og:description\" content=\"About Opera p\u00e5 Sk\u00e4ret A former sawmill on the shore of a vast lake houses one of the world\u2019s most unique opera houses, renowned globally for its acoustics. After two decades of high-class opera and great artistic experiences, the Swedish opera house Opera p\u00e5 Sk\u00e4ret is an internationally established arena for summer opera.Turandot Turandot became [&hellip;]\" \/>\n<meta property=\"og:url\" content=\"https:\/\/operapaskaret.se\/en\/welcome\/\" \/>\n<meta property=\"og:site_name\" content=\"Opera p\u00e5 Sk\u00e4ret\" \/>\n<meta property=\"article:publisher\" content=\"https:\/\/www.facebook.com\/operapaskaret\" \/>\n<meta property=\"article:modified_time\" content=\"2025-08-20T07:16:58+00:00\" \/>\n<meta property=\"og:image\" content=\"https:\/\/operapaskaret.se\/wp-content\/uploads\/2024\/06\/DroneHero_operapaskaret.jpg\" \/>\n\t<meta property=\"og:image:width\" content=\"1915\" \/>\n\t<meta property=\"og:image:height\" content=\"1075\" \/>\n\t<meta property=\"og:image:type\" content=\"image\/jpeg\" \/>\n<meta name=\"twitter:card\" content=\"summary_large_image\" \/>\n<meta name=\"twitter:image\" content=\"https:\/\/operapaskaret.se\/wp-content\/uploads\/2024\/06\/DroneHero_operapaskaret.jpg\" \/>\n<meta name=\"twitter:label1\" content=\"Est. reading time\" \/>\n\t<meta name=\"twitter:data1\" content=\"4 minutes\" \/>\n<script type=\"application\/ld+json\" class=\"yoast-schema-graph\">{\"@context\":\"https:\\\/\\\/schema.org\",\"@graph\":[{\"@type\":\"WebPage\",\"@id\":\"https:\\\/\\\/operapaskaret.se\\\/en\\\/welcome\\\/\",\"url\":\"https:\\\/\\\/operapaskaret.se\\\/en\\\/welcome\\\/\",\"name\":\"Welcome to Opera p\u00e5 Sk\u00e4ret - Opera p\u00e5 Sk\u00e4ret\",\"isPartOf\":{\"@id\":\"https:\\\/\\\/operapaskaret.se\\\/#website\"},\"datePublished\":\"2024-06-27T08:59:24+00:00\",\"dateModified\":\"2025-08-20T07:16:58+00:00\",\"breadcrumb\":{\"@id\":\"https:\\\/\\\/operapaskaret.se\\\/en\\\/welcome\\\/#breadcrumb\"},\"inLanguage\":\"en-US\",\"potentialAction\":[{\"@type\":\"ReadAction\",\"target\":[\"https:\\\/\\\/operapaskaret.se\\\/en\\\/welcome\\\/\"]}]},{\"@type\":\"BreadcrumbList\",\"@id\":\"https:\\\/\\\/operapaskaret.se\\\/en\\\/welcome\\\/#breadcrumb\",\"itemListElement\":[{\"@type\":\"ListItem\",\"position\":1,\"name\":\"Hem\",\"item\":\"https:\\\/\\\/operapaskaret.se\\\/en\\\/\"},{\"@type\":\"ListItem\",\"position\":2,\"name\":\"Welcome to Opera p\u00e5 Sk\u00e4ret\"}]},{\"@type\":\"WebSite\",\"@id\":\"https:\\\/\\\/operapaskaret.se\\\/#website\",\"url\":\"https:\\\/\\\/operapaskaret.se\\\/\",\"name\":\"Opera p\u00e5 Sk\u00e4ret\",\"description\":\"The Opera Festival in the heart of Sweden\",\"publisher\":{\"@id\":\"https:\\\/\\\/operapaskaret.se\\\/#organization\"},\"potentialAction\":[{\"@type\":\"SearchAction\",\"target\":{\"@type\":\"EntryPoint\",\"urlTemplate\":\"https:\\\/\\\/operapaskaret.se\\\/?s={search_term_string}\"},\"query-input\":{\"@type\":\"PropertyValueSpecification\",\"valueRequired\":true,\"valueName\":\"search_term_string\"}}],\"inLanguage\":\"en-US\"},{\"@type\":\"Organization\",\"@id\":\"https:\\\/\\\/operapaskaret.se\\\/#organization\",\"name\":\"Opera p\u00e5 Sk\u00e4ret\",\"url\":\"https:\\\/\\\/operapaskaret.se\\\/\",\"logo\":{\"@type\":\"ImageObject\",\"inLanguage\":\"en-US\",\"@id\":\"https:\\\/\\\/operapaskaret.se\\\/#\\\/schema\\\/logo\\\/image\\\/\",\"url\":\"https:\\\/\\\/operapaskaret.se\\\/wp-content\\\/uploads\\\/2023\\\/01\\\/OPS_Logo_2023_b.svg\",\"contentUrl\":\"https:\\\/\\\/operapaskaret.se\\\/wp-content\\\/uploads\\\/2023\\\/01\\\/OPS_Logo_2023_b.svg\",\"width\":\"1024\",\"height\":\"1024\",\"caption\":\"Opera p\u00e5 Sk\u00e4ret\"},\"image\":{\"@id\":\"https:\\\/\\\/operapaskaret.se\\\/#\\\/schema\\\/logo\\\/image\\\/\"},\"sameAs\":[\"https:\\\/\\\/www.facebook.com\\\/operapaskaret\",\"https:\\\/\\\/www.instagram.com\\\/operapaskaret\\\/\"]}]}<\/script>\n<!-- \/ Yoast SEO plugin. -->","yoast_head_json":{"title":"Welcome to Opera p\u00e5 Sk\u00e4ret - Opera p\u00e5 Sk\u00e4ret","robots":{"index":"index","follow":"follow","max-snippet":"max-snippet:-1","max-image-preview":"max-image-preview:large","max-video-preview":"max-video-preview:-1"},"canonical":"https:\/\/operapaskaret.se\/en\/welcome\/","og_locale":"en_US","og_type":"article","og_title":"Welcome to Opera p\u00e5 Sk\u00e4ret - Opera p\u00e5 Sk\u00e4ret","og_description":"About Opera p\u00e5 Sk\u00e4ret A former sawmill on the shore of a vast lake houses one of the world\u2019s most unique opera houses, renowned globally for its acoustics. After two decades of high-class opera and great artistic experiences, the Swedish opera house Opera p\u00e5 Sk\u00e4ret is an internationally established arena for summer opera.Turandot Turandot became [&hellip;]","og_url":"https:\/\/operapaskaret.se\/en\/welcome\/","og_site_name":"Opera p\u00e5 Sk\u00e4ret","article_publisher":"https:\/\/www.facebook.com\/operapaskaret","article_modified_time":"2025-08-20T07:16:58+00:00","og_image":[{"width":1915,"height":1075,"url":"https:\/\/operapaskaret.se\/wp-content\/uploads\/2024\/06\/DroneHero_operapaskaret.jpg","type":"image\/jpeg"}],"twitter_card":"summary_large_image","twitter_image":"https:\/\/operapaskaret.se\/wp-content\/uploads\/2024\/06\/DroneHero_operapaskaret.jpg","twitter_misc":{"Est. reading time":"4 minutes"},"schema":{"@context":"https:\/\/schema.org","@graph":[{"@type":"WebPage","@id":"https:\/\/operapaskaret.se\/en\/welcome\/","url":"https:\/\/operapaskaret.se\/en\/welcome\/","name":"Welcome to Opera p\u00e5 Sk\u00e4ret - Opera p\u00e5 Sk\u00e4ret","isPartOf":{"@id":"https:\/\/operapaskaret.se\/#website"},"datePublished":"2024-06-27T08:59:24+00:00","dateModified":"2025-08-20T07:16:58+00:00","breadcrumb":{"@id":"https:\/\/operapaskaret.se\/en\/welcome\/#breadcrumb"},"inLanguage":"en-US","potentialAction":[{"@type":"ReadAction","target":["https:\/\/operapaskaret.se\/en\/welcome\/"]}]},{"@type":"BreadcrumbList","@id":"https:\/\/operapaskaret.se\/en\/welcome\/#breadcrumb","itemListElement":[{"@type":"ListItem","position":1,"name":"Hem","item":"https:\/\/operapaskaret.se\/en\/"},{"@type":"ListItem","position":2,"name":"Welcome to Opera p\u00e5 Sk\u00e4ret"}]},{"@type":"WebSite","@id":"https:\/\/operapaskaret.se\/#website","url":"https:\/\/operapaskaret.se\/","name":"Opera p\u00e5 Sk\u00e4ret","description":"The Opera Festival in the heart of Sweden","publisher":{"@id":"https:\/\/operapaskaret.se\/#organization"},"potentialAction":[{"@type":"SearchAction","target":{"@type":"EntryPoint","urlTemplate":"https:\/\/operapaskaret.se\/?s={search_term_string}"},"query-input":{"@type":"PropertyValueSpecification","valueRequired":true,"valueName":"search_term_string"}}],"inLanguage":"en-US"},{"@type":"Organization","@id":"https:\/\/operapaskaret.se\/#organization","name":"Opera p\u00e5 Sk\u00e4ret","url":"https:\/\/operapaskaret.se\/","logo":{"@type":"ImageObject","inLanguage":"en-US","@id":"https:\/\/operapaskaret.se\/#\/schema\/logo\/image\/","url":"https:\/\/operapaskaret.se\/wp-content\/uploads\/2023\/01\/OPS_Logo_2023_b.svg","contentUrl":"https:\/\/operapaskaret.se\/wp-content\/uploads\/2023\/01\/OPS_Logo_2023_b.svg","width":"1024","height":"1024","caption":"Opera p\u00e5 Sk\u00e4ret"},"image":{"@id":"https:\/\/operapaskaret.se\/#\/schema\/logo\/image\/"},"sameAs":["https:\/\/www.facebook.com\/operapaskaret","https:\/\/www.instagram.com\/operapaskaret\/"]}]}},"_links":{"self":[{"href":"https:\/\/operapaskaret.se\/en\/wp-json\/wp\/v2\/pages\/7295","targetHints":{"allow":["GET"]}}],"collection":[{"href":"https:\/\/operapaskaret.se\/en\/wp-json\/wp\/v2\/pages"}],"about":[{"href":"https:\/\/operapaskaret.se\/en\/wp-json\/wp\/v2\/types\/page"}],"author":[{"embeddable":true,"href":"https:\/\/operapaskaret.se\/en\/wp-json\/wp\/v2\/users\/1"}],"replies":[{"embeddable":true,"href":"https:\/\/operapaskaret.se\/en\/wp-json\/wp\/v2\/comments?post=7295"}],"version-history":[{"count":23,"href":"https:\/\/operapaskaret.se\/en\/wp-json\/wp\/v2\/pages\/7295\/revisions"}],"predecessor-version":[{"id":10859,"href":"https:\/\/operapaskaret.se\/en\/wp-json\/wp\/v2\/pages\/7295\/revisions\/10859"}],"wp:attachment":[{"href":"https:\/\/operapaskaret.se\/en\/wp-json\/wp\/v2\/media?parent=7295"}],"curies":[{"name":"wp","href":"https:\/\/api.w.org\/{rel}","templated":true}]}}