{"id":9593,"date":"2025-03-25T16:42:04","date_gmt":"2025-03-25T14:42:04","guid":{"rendered":"https:\/\/operapaskaret.se\/?page_id=9593"},"modified":"2026-03-02T23:55:08","modified_gmt":"2026-03-02T21:55:08","slug":"bevarandefond","status":"publish","type":"page","link":"https:\/\/operapaskaret.se\/en\/bevarandefond\/","title":{"rendered":"Bevarandefond"},"content":{"rendered":"<p>[et_pb_section fb_built=&#8221;1&#8243; fullwidth=&#8221;on&#8221; disabled_on=&#8221;off|off|off&#8221; _builder_version=&#8221;4.27.0&#8243; _module_preset=&#8221;default&#8221; locked=&#8221;off&#8221; global_colors_info=&#8221;{}&#8221;][et_pb_fullwidth_header title=&#8221;preservation fund&#8221; subhead=&#8221;Feel free to contribute&#8221; header_fullscreen=&#8221;on&#8221; button_one_url=&#8221;https:\/\/operapaskaret.se\/biljetter\/&#8221; button_two_url=&#8221;@ET-DC@eyJkeW5hbWljIjp0cnVlLCJjb250ZW50IjoicG9zdF9saW5rX3VybF9wYWdlIiwic2V0dGluZ3MiOnsicG9zdF9pZCI6IjQzMzgifX0=@&#8221; background_overlay_color=&#8221;RGBA(255,255,255,0)&#8221; background_overlay_color_tablet=&#8221;RGBA(255,255,255,0)&#8221; background_overlay_color_phone=&#8221;rgba(28,28,28,0.4)&#8221; background_overlay_color_last_edited=&#8221;on|desktop&#8221; _builder_version=&#8221;4.27.4&#8243; _dynamic_attributes=&#8221;button_two_url&#8221; _module_preset=&#8221;default&#8221; title_font_size=&#8221;96px&#8221; content_font=&#8221;||||||||&#8221; content_text_color=&#8221;#ffffff&#8221; content_line_height=&#8221;1.4em&#8221; subhead_font=&#8221;|600|||||||&#8221; subhead_font_size=&#8221;25px&#8221; subhead_line_height=&#8221;1.3em&#8221; background_enable_color=&#8221;off&#8221; use_background_color_gradient=&#8221;on&#8221; background_color_gradient_direction=&#8221;83deg&#8221; background_color_gradient_stops=&#8221;#333333 0%|rgba(255,255,255,0) 100%&#8221; background_image=&#8221;https:\/\/operapaskaret.se\/wp-content\/uploads\/2025\/03\/OPS-operahuset-bevarandefonden.jpg&#8221; background_blend=&#8221;multiply&#8221; background_enable_video_mp4=&#8221;off&#8221; custom_button_one=&#8221;on&#8221; button_one_text_color=&#8221;#ffffff&#8221; button_one_bg_color=&#8221;#772e10&#8243; button_one_border_color=&#8221;#772e10&#8243; button_one_use_icon=&#8221;off&#8221; custom_button_two=&#8221;on&#8221; button_two_text_color=&#8221;#ECECEC&#8221; button_two_bg_color=&#8221;#1c1c1c&#8221; button_two_border_color=&#8221;#1c1c1c&#8221; button_two_use_icon=&#8221;off&#8221; title_font_size_tablet=&#8221;100px&#8221; title_font_size_phone=&#8221;63px&#8221; title_font_size_last_edited=&#8221;on|phone&#8221; custom_css_title=&#8221;width: 450px;&#8221; custom_css_content=&#8221;margin-top: 20px;||width: 450px;&#8221; custom_css_subtitle=&#8221;width: 500px;&#8221; title_text_shadow_style=&#8221;preset1&#8243; title_text_shadow_vertical_length=&#8221;0.06em&#8221; title_text_shadow_blur_strength=&#8221;0.14em&#8221; content_text_shadow_style=&#8221;preset1&#8243; content_text_shadow_vertical_length=&#8221;0.04em&#8221; content_text_shadow_blur_strength=&#8221;0.3em&#8221; global_colors_info=&#8221;{}&#8221; custom_css_title_last_edited=&#8221;on|phone&#8221; custom_css_title_phone=&#8221;width: 100%;&#8221; custom_css_content_last_edited=&#8221;on|phone&#8221; custom_css_content_phone=&#8221;width: 100%;&#8221; custom_css_subtitle_last_edited=&#8221;on|phone&#8221; custom_css_subtitle_phone=&#8221;width: 100%;&#8221; custom_css_title_tablet=&#8221;width: 450px;&#8221; custom_css_content_tablet=&#8221;width: 450px;&#8221; custom_css_subtitle_tablet=&#8221;width: 450px;&#8221; button_one_border_width__hover_enabled=&#8221;on|desktop&#8221; button_one_border_color__hover_enabled=&#8221;on|desktop&#8221; button_one_border_color__hover=&#8221;#ECECEC&#8221; button_one_bg_color__hover_enabled=&#8221;on|hover&#8221; button_one_bg_color__hover=&#8221;#ECECEC&#8221; button_one_bg_enable_color__hover=&#8221;on&#8221; button_two_bg_color__hover_enabled=&#8221;on|hover&#8221; button_two_bg_color__hover=&#8221;#ECECEC&#8221; button_two_bg_enable_color__hover=&#8221;on&#8221; button_two_text_color__hover_enabled=&#8221;on|hover&#8221; button_two_text_color__hover=&#8221;#000000&#8243; button_two_border_color__hover_enabled=&#8221;on|hover&#8221; button_two_border_color__hover=&#8221;#ECECEC&#8221; button_one_text_color__hover_enabled=&#8221;on|desktop&#8221; button_one_text_color__hover=&#8221;#1C1C1C&#8221;][\/et_pb_fullwidth_header][\/et_pb_section][et_pb_section fb_built=&#8221;1&#8243; _builder_version=&#8221;4.27.4&#8243; _module_preset=&#8221;default&#8221; global_colors_info=&#8221;{}&#8221;][et_pb_row column_structure=&#8221;2_3,1_3&#8243; _builder_version=&#8221;4.27.4&#8243; _module_preset=&#8221;default&#8221; locked=&#8221;off&#8221; global_colors_info=&#8221;{}&#8221;][et_pb_column type=&#8221;2_3&#8243; _builder_version=&#8221;4.27.4&#8243; _module_preset=&#8221;default&#8221; global_colors_info=&#8221;{}&#8221;][et_pb_text _builder_version=&#8221;4.27.4&#8243; _module_preset=&#8221;default&#8221; global_colors_info=&#8221;{}&#8221;]<\/p>\n<p style=\"font-weight: 400;\">In the coming years, our historic buildings will face significant maintenance needs. We need to replace roofs, renovate and replace windows and interiors, improve dressing rooms, and ensure better mobile coverage, among many other tasks. To finance these essential measures, we invite all our friends, our audience, and opera lovers from near and far to contribute to this fund, which we call Opera p\u00e5 Sk\u00e4ret\u2019s Preservation Fund.<\/p>\n<p style=\"font-weight: 400;\">There is rarely any money left for the development of the opera facilities once the performance costs are covered. All funds raised for the preservation fund will be exclusively used for the maintenance and development of Opera p\u00e5 Sk\u00e4ret\u2019s facilities through the Ljusnarsberg Cultural Center Foundation, which manages the operations. Every donation, regardless of size, makes a difference. We estimate the costs for upcoming maintenance work to be around 500,000 SEK per year over the next decade.<\/p>\n<p style=\"font-weight: 400;\">Opera p\u00e5 Sk\u00e4ret is financed 20% through contributions from Region \u00d6rebro, the Swedish Arts Council, \u00d6rebro Municipality, and Ljusnarsberg Municipality. Approximately 10% comes from private sponsors, while the remaining 70% is financed through ticket sales.<\/p>\n<p>[\/et_pb_text][et_pb_text disabled_on=&#8221;on|on|on&#8221; _builder_version=&#8221;4.27.6&#8243; _module_preset=&#8221;default&#8221; background_color=&#8221;#A2CDDF&#8221; custom_padding=&#8221;30px|30px|30px|30px|false|false&#8221; disabled=&#8221;on&#8221; global_colors_info=&#8221;{}&#8221;]<\/p>\n<p><strong>You can easily support us in any of the following ways:<\/strong><\/p>\n<ul>\n<li style=\"font-weight: 400;\">Via bank account number: 8191-9 14 038 676 &#8211; 4. Please mark your contribution with \u201cGift\u201d.<\/li>\n<li style=\"font-weight: 400;\">It is also possible to make a donation when purchasing tickets.<\/li>\n<\/ul>\n<p style=\"font-weight: 400;\">For larger donations, please feel free <a href=\"https:\/\/operapaskaret.se\/en\/organisation\/\">to contact Sten Niclasson<\/a>, founder of Opera p\u00e5 Sk\u00e4ret.<\/p>\n<p>[\/et_pb_text][et_pb_text _builder_version=&#8221;4.27.6&#8243; _module_preset=&#8221;default&#8221; background_color=&#8221;#A2CDDF&#8221; custom_padding=&#8221;30px|30px|30px|30px|false|false&#8221; hover_enabled=&#8221;0&#8243; locked=&#8221;off&#8221; global_colors_info=&#8221;{}&#8221; sticky_enabled=&#8221;0&#8243;]<\/p>\n<p><strong>You can easily support us in one of the following ways:<\/strong><\/p>\n<p>\u00b7 Click <a href=\"https:\/\/www.nortic.se\/ticket\/event\/72277?language=en\" target=\"_blank\" rel=\"noopener\">here<\/a> to support us quickly and easily.<strong><\/strong><\/p>\n<p>\u00b7 You can make a Swish payment (available only in Sweden) to 123 525 73 73. You can also use the QR code shown above on the right.<\/p>\n<p><!--\u00b7 Via kontonummer 8191-9 14 038 676 - 4. M\u00e4rk ditt bidrag med \"G\u00e5va\". -->\u00b7 It is also possible to make a donation in connection with your ticket purchase.<\/p>\n<p>For larger donations, please feel free <a href=\"https:\/\/operapaskaret.se\/en\/organisation\/\">to contact Sten Niclasson<\/a>, founder of Opera p\u00e5 Sk\u00e4ret.<\/p>\n<p>[\/et_pb_text][et_pb_text _builder_version=&#8221;4.27.4&#8243; _module_preset=&#8221;default&#8221; global_colors_info=&#8221;{}&#8221;]<\/p>\n<p style=\"font-weight: 400;\">We would be delighted to have the opportunity to thank you, so please email your name and the date of your contribution to <span><a href=\"mailto:Bevarandefonden@operapaskaret.se\">Bevarandefonden@operapaskaret.se<\/a><\/span>. We will keep you informed about the progress of the work through our newsletter and website.<\/p>\n<p style=\"font-weight: 400;\">Together, we can ensure that Opera p\u00e5 Sk\u00e4ret, on the shores of Lake Ljusnaren, continues to be a place where nature and culture meet in extraordinary opera performances.<\/p>\n<p>[\/et_pb_text][\/et_pb_column][et_pb_column type=&#8221;1_3&#8243; _builder_version=&#8221;4.27.4&#8243; _module_preset=&#8221;default&#8221; global_colors_info=&#8221;{}&#8221;][et_pb_image src=&#8221;https:\/\/operapaskaret.se\/wp-content\/uploads\/2025\/03\/Bevarandefonden-swish-QR-large.gif&#8221; title_text=&#8221;Bevarandefonden Swish QR-kod&#8221; show_in_lightbox=&#8221;on&#8221; _builder_version=&#8221;4.27.4&#8243; _module_preset=&#8221;default&#8221; locked=&#8221;off&#8221; global_colors_info=&#8221;{}&#8221;][\/et_pb_image][et_pb_counters use_percentages=&#8221;off&#8221; disabled_on=&#8221;on|on|on&#8221; _builder_version=&#8221;4.27.4&#8243; _module_preset=&#8221;default&#8221; disabled=&#8221;on&#8221; global_colors_info=&#8221;{}&#8221;][et_pb_counter percent=&#8221;50&#8243; bar_background_color=&#8221;#A2CDDF&#8221; _builder_version=&#8221;4.27.4&#8243; _module_preset=&#8221;default&#8221; title_font_size=&#8221;16px&#8221; height=&#8221;60px&#8221; global_colors_info=&#8221;{}&#8221; bar_background_color_default=&#8221;#8e1315&#8243; use_percentages=&#8221;off&#8221;][\/et_pb_counter][\/et_pb_counters][et_pb_number_counter title=&#8221;Insamlat av 3 500 000 kr&#8221; number=&#8221;510000 kr&#8221; percent_sign=&#8221;off&#8221; disabled_on=&#8221;on|on|on&#8221; _builder_version=&#8221;4.27.4&#8243; _module_preset=&#8221;default&#8221; disabled=&#8221;on&#8221; global_colors_info=&#8221;{}&#8221;][\/et_pb_number_counter][\/et_pb_column][\/et_pb_row][\/et_pb_section]<\/p>\n","protected":false},"excerpt":{"rendered":"<p>In the coming years, our historic buildings will face significant maintenance needs. We need to replace roofs, renovate and replace windows and interiors, improve dressing rooms, and ensure better mobile coverage, among many other tasks. To finance these essential measures, we invite all our friends, our audience, and opera lovers from near and far to [&hellip;]<\/p>\n","protected":false},"author":1,"featured_media":0,"parent":0,"menu_order":0,"comment_status":"closed","ping_status":"closed","template":"","meta":{"_et_pb_use_builder":"on","_et_pb_old_content":"","_et_gb_content_width":"","inline_featured_image":false,"footnotes":""},"class_list":["post-9593","page","type-page","status-publish","hentry"],"yoast_head":"<!-- This site is optimized with the Yoast SEO plugin v27.5 - https:\/\/yoast.com\/product\/yoast-seo-wordpress\/ -->\n<title>Bevarandefond - Opera p\u00e5 Sk\u00e4ret<\/title>\n<meta name=\"robots\" content=\"index, follow, max-snippet:-1, max-image-preview:large, max-video-preview:-1\" \/>\n<link rel=\"canonical\" href=\"https:\/\/operapaskaret.se\/en\/bevarandefond\/\" \/>\n<meta property=\"og:locale\" content=\"en_US\" \/>\n<meta property=\"og:type\" content=\"article\" \/>\n<meta property=\"og:title\" content=\"Bevarandefond - Opera p\u00e5 Sk\u00e4ret\" \/>\n<meta property=\"og:description\" content=\"In the coming years, our historic buildings will face significant maintenance needs. We need to replace roofs, renovate and replace windows and interiors, improve dressing rooms, and ensure better mobile coverage, among many other tasks. To finance these essential measures, we invite all our friends, our audience, and opera lovers from near and far to [&hellip;]\" \/>\n<meta property=\"og:url\" content=\"https:\/\/operapaskaret.se\/en\/bevarandefond\/\" \/>\n<meta property=\"og:site_name\" content=\"Opera p\u00e5 Sk\u00e4ret\" \/>\n<meta property=\"article:publisher\" content=\"https:\/\/www.facebook.com\/operapaskaret\" \/>\n<meta property=\"article:modified_time\" content=\"2026-03-02T21:55:08+00:00\" \/>\n<meta name=\"twitter:card\" content=\"summary_large_image\" \/>\n<meta name=\"twitter:label1\" content=\"Est. reading time\" \/>\n\t<meta name=\"twitter:data1\" content=\"2 minutes\" \/>\n<script type=\"application\/ld+json\" class=\"yoast-schema-graph\">{\"@context\":\"https:\\\/\\\/schema.org\",\"@graph\":[{\"@type\":\"WebPage\",\"@id\":\"https:\\\/\\\/operapaskaret.se\\\/en\\\/bevarandefond\\\/\",\"url\":\"https:\\\/\\\/operapaskaret.se\\\/en\\\/bevarandefond\\\/\",\"name\":\"Bevarandefond - Opera p\u00e5 Sk\u00e4ret\",\"isPartOf\":{\"@id\":\"https:\\\/\\\/operapaskaret.se\\\/#website\"},\"datePublished\":\"2025-03-25T14:42:04+00:00\",\"dateModified\":\"2026-03-02T21:55:08+00:00\",\"breadcrumb\":{\"@id\":\"https:\\\/\\\/operapaskaret.se\\\/en\\\/bevarandefond\\\/#breadcrumb\"},\"inLanguage\":\"en-US\",\"potentialAction\":[{\"@type\":\"ReadAction\",\"target\":[\"https:\\\/\\\/operapaskaret.se\\\/en\\\/bevarandefond\\\/\"]}]},{\"@type\":\"BreadcrumbList\",\"@id\":\"https:\\\/\\\/operapaskaret.se\\\/en\\\/bevarandefond\\\/#breadcrumb\",\"itemListElement\":[{\"@type\":\"ListItem\",\"position\":1,\"name\":\"Hem\",\"item\":\"https:\\\/\\\/operapaskaret.se\\\/en\\\/\"},{\"@type\":\"ListItem\",\"position\":2,\"name\":\"Bevarandefond\"}]},{\"@type\":\"WebSite\",\"@id\":\"https:\\\/\\\/operapaskaret.se\\\/#website\",\"url\":\"https:\\\/\\\/operapaskaret.se\\\/\",\"name\":\"Opera p\u00e5 Sk\u00e4ret\",\"description\":\"The Opera Festival in the heart of Sweden\",\"publisher\":{\"@id\":\"https:\\\/\\\/operapaskaret.se\\\/#organization\"},\"potentialAction\":[{\"@type\":\"SearchAction\",\"target\":{\"@type\":\"EntryPoint\",\"urlTemplate\":\"https:\\\/\\\/operapaskaret.se\\\/?s={search_term_string}\"},\"query-input\":{\"@type\":\"PropertyValueSpecification\",\"valueRequired\":true,\"valueName\":\"search_term_string\"}}],\"inLanguage\":\"en-US\"},{\"@type\":\"Organization\",\"@id\":\"https:\\\/\\\/operapaskaret.se\\\/#organization\",\"name\":\"Opera p\u00e5 Sk\u00e4ret\",\"url\":\"https:\\\/\\\/operapaskaret.se\\\/\",\"logo\":{\"@type\":\"ImageObject\",\"inLanguage\":\"en-US\",\"@id\":\"https:\\\/\\\/operapaskaret.se\\\/#\\\/schema\\\/logo\\\/image\\\/\",\"url\":\"https:\\\/\\\/operapaskaret.se\\\/wp-content\\\/uploads\\\/2023\\\/01\\\/OPS_Logo_2023_b.svg\",\"contentUrl\":\"https:\\\/\\\/operapaskaret.se\\\/wp-content\\\/uploads\\\/2023\\\/01\\\/OPS_Logo_2023_b.svg\",\"width\":\"1024\",\"height\":\"1024\",\"caption\":\"Opera p\u00e5 Sk\u00e4ret\"},\"image\":{\"@id\":\"https:\\\/\\\/operapaskaret.se\\\/#\\\/schema\\\/logo\\\/image\\\/\"},\"sameAs\":[\"https:\\\/\\\/www.facebook.com\\\/operapaskaret\",\"https:\\\/\\\/www.instagram.com\\\/operapaskaret\\\/\"]}]}<\/script>\n<!-- \/ Yoast SEO plugin. -->","yoast_head_json":{"title":"Bevarandefond - Opera p\u00e5 Sk\u00e4ret","robots":{"index":"index","follow":"follow","max-snippet":"max-snippet:-1","max-image-preview":"max-image-preview:large","max-video-preview":"max-video-preview:-1"},"canonical":"https:\/\/operapaskaret.se\/en\/bevarandefond\/","og_locale":"en_US","og_type":"article","og_title":"Bevarandefond - Opera p\u00e5 Sk\u00e4ret","og_description":"In the coming years, our historic buildings will face significant maintenance needs. We need to replace roofs, renovate and replace windows and interiors, improve dressing rooms, and ensure better mobile coverage, among many other tasks. To finance these essential measures, we invite all our friends, our audience, and opera lovers from near and far to [&hellip;]","og_url":"https:\/\/operapaskaret.se\/en\/bevarandefond\/","og_site_name":"Opera p\u00e5 Sk\u00e4ret","article_publisher":"https:\/\/www.facebook.com\/operapaskaret","article_modified_time":"2026-03-02T21:55:08+00:00","twitter_card":"summary_large_image","twitter_misc":{"Est. reading time":"2 minutes"},"schema":{"@context":"https:\/\/schema.org","@graph":[{"@type":"WebPage","@id":"https:\/\/operapaskaret.se\/en\/bevarandefond\/","url":"https:\/\/operapaskaret.se\/en\/bevarandefond\/","name":"Bevarandefond - Opera p\u00e5 Sk\u00e4ret","isPartOf":{"@id":"https:\/\/operapaskaret.se\/#website"},"datePublished":"2025-03-25T14:42:04+00:00","dateModified":"2026-03-02T21:55:08+00:00","breadcrumb":{"@id":"https:\/\/operapaskaret.se\/en\/bevarandefond\/#breadcrumb"},"inLanguage":"en-US","potentialAction":[{"@type":"ReadAction","target":["https:\/\/operapaskaret.se\/en\/bevarandefond\/"]}]},{"@type":"BreadcrumbList","@id":"https:\/\/operapaskaret.se\/en\/bevarandefond\/#breadcrumb","itemListElement":[{"@type":"ListItem","position":1,"name":"Hem","item":"https:\/\/operapaskaret.se\/en\/"},{"@type":"ListItem","position":2,"name":"Bevarandefond"}]},{"@type":"WebSite","@id":"https:\/\/operapaskaret.se\/#website","url":"https:\/\/operapaskaret.se\/","name":"Opera p\u00e5 Sk\u00e4ret","description":"The Opera Festival in the heart of Sweden","publisher":{"@id":"https:\/\/operapaskaret.se\/#organization"},"potentialAction":[{"@type":"SearchAction","target":{"@type":"EntryPoint","urlTemplate":"https:\/\/operapaskaret.se\/?s={search_term_string}"},"query-input":{"@type":"PropertyValueSpecification","valueRequired":true,"valueName":"search_term_string"}}],"inLanguage":"en-US"},{"@type":"Organization","@id":"https:\/\/operapaskaret.se\/#organization","name":"Opera p\u00e5 Sk\u00e4ret","url":"https:\/\/operapaskaret.se\/","logo":{"@type":"ImageObject","inLanguage":"en-US","@id":"https:\/\/operapaskaret.se\/#\/schema\/logo\/image\/","url":"https:\/\/operapaskaret.se\/wp-content\/uploads\/2023\/01\/OPS_Logo_2023_b.svg","contentUrl":"https:\/\/operapaskaret.se\/wp-content\/uploads\/2023\/01\/OPS_Logo_2023_b.svg","width":"1024","height":"1024","caption":"Opera p\u00e5 Sk\u00e4ret"},"image":{"@id":"https:\/\/operapaskaret.se\/#\/schema\/logo\/image\/"},"sameAs":["https:\/\/www.facebook.com\/operapaskaret","https:\/\/www.instagram.com\/operapaskaret\/"]}]}},"_links":{"self":[{"href":"https:\/\/operapaskaret.se\/en\/wp-json\/wp\/v2\/pages\/9593","targetHints":{"allow":["GET"]}}],"collection":[{"href":"https:\/\/operapaskaret.se\/en\/wp-json\/wp\/v2\/pages"}],"about":[{"href":"https:\/\/operapaskaret.se\/en\/wp-json\/wp\/v2\/types\/page"}],"author":[{"embeddable":true,"href":"https:\/\/operapaskaret.se\/en\/wp-json\/wp\/v2\/users\/1"}],"replies":[{"embeddable":true,"href":"https:\/\/operapaskaret.se\/en\/wp-json\/wp\/v2\/comments?post=9593"}],"version-history":[{"count":28,"href":"https:\/\/operapaskaret.se\/en\/wp-json\/wp\/v2\/pages\/9593\/revisions"}],"predecessor-version":[{"id":11743,"href":"https:\/\/operapaskaret.se\/en\/wp-json\/wp\/v2\/pages\/9593\/revisions\/11743"}],"wp:attachment":[{"href":"https:\/\/operapaskaret.se\/en\/wp-json\/wp\/v2\/media?parent=9593"}],"curies":[{"name":"wp","href":"https:\/\/api.w.org\/{rel}","templated":true}]}}