{"id":9779,"date":"2025-04-22T11:51:40","date_gmt":"2025-04-22T09:51:40","guid":{"rendered":"https:\/\/operapaskaret.se\/?page_id=9779"},"modified":"2026-02-05T11:32:45","modified_gmt":"2026-02-05T09:32:45","slug":"fragor-och-svar","status":"publish","type":"page","link":"https:\/\/operapaskaret.se\/en\/fragor-och-svar\/","title":{"rendered":"Fr\u00e5gor och svar"},"content":{"rendered":"<p>[et_pb_section fb_built=&#8221;1&#8243; _builder_version=&#8221;4.27.4&#8243; _module_preset=&#8221;default&#8221; global_colors_info=&#8221;{}&#8221;][et_pb_row column_structure=&#8221;2_3,1_3&#8243; _builder_version=&#8221;4.27.4&#8243; _module_preset=&#8221;default&#8221; global_colors_info=&#8221;{}&#8221;][et_pb_column type=&#8221;2_3&#8243; _builder_version=&#8221;4.27.4&#8243; _module_preset=&#8221;default&#8221; global_colors_info=&#8221;{}&#8221;][et_pb_text _builder_version=&#8221;4.27.4&#8243; _module_preset=&#8221;default&#8221; global_colors_info=&#8221;{}&#8221;]<\/p>\n<h1>questions and answers<\/h1>\n<p>&nbsp;<\/p>\n<p>[\/et_pb_text][et_pb_accordion toggle_icon=&#8221;&#x43;||divi||400&#8243; icon_color=&#8221;#575756&#8243; _builder_version=&#8221;4.27.5&#8243; _module_preset=&#8221;default&#8221; hover_enabled=&#8221;0&#8243; global_colors_info=&#8221;{}&#8221; sticky_enabled=&#8221;0&#8243;][et_pb_accordion_item title=&#8221;THE OPERA TRAIN&#8221; _builder_version=&#8221;4.27.4&#8243; _module_preset=&#8221;default&#8221; global_colors_info=&#8221;{}&#8221; open=&#8221;on&#8221;]<\/p>\n<p style=\"font-weight: 400;\">If you can\u2019t find the answer to your specific question about the Opera Train, there\u2019s a good chance you\u2019ll find it <a href=\"https:\/\/operapaskaret.se\/en\/the-opera-train\/\">here.<\/a><\/p>\n<div>\n<p><b><span><br \/>How do I book tickets to the Opera Train?<br \/><\/span><\/b>Tickets can be booked both online and via the <a href=\"https:\/\/operapaskaret.se\/en\/contact\/\">ticket office<\/a>. A service charge of 50 SEK is charged for purchases through the ticket office. Read more by clicking the link <a href=\"https:\/\/operapaskaret.se\/en\/the-opera-train\/\">Opera Train<\/a>.<br \/><strong><\/strong><\/p>\n<p><strong>Can I buy tickets for the opera performance first, and then buy tickets for the Opera Train a bit\u00a0 later?<\/strong><\/p>\n<\/div>\n<div>\n<p style=\"font-weight: 400;\">Unfortunately not, since the Opera Train package includes a ticket to the performance. You can find more information about the Opera Train and what\u2019s included <a href=\"https:\/\/operapaskaret.se\/en\/the-opera-train\/\">here<\/a>.<\/p>\n<p style=\"font-weight: 400;\"><strong>My friend and I bought tickets for the Opera Train seperately, but we\u2019d like to travel together. Is that possible?<br \/><\/strong>Contact the <a href=\"https:\/\/operapaskaret.se\/kontakt\/https:\/operapaskaret.se\/kontakt\/\">ticket office<\/a> and they will notify the Opera Train staff.<\/p>\n<p><strong>I\u2019d like to travel on the Opera Train but I\u2019m gluten intolerant. Is it possible to arrange gluten-free food and drink?<br \/><\/strong>Of course, that can be arranged. When purchasing your ticket online, you can specify your dietary needs. If you buy your ticket through the ticket office, inform them and they will notify the Opera Train staff.<\/p>\n<\/div>\n<p>[\/et_pb_accordion_item][et_pb_accordion_item title=&#8221;PARKING&#8221; _builder_version=&#8221;4.27.4&#8243; _module_preset=&#8221;default&#8221; global_colors_info=&#8221;{}&#8221; open=&#8221;off&#8221;]<\/p>\n<p style=\"font-weight: 400;\">If you can\u2019t find the answer to your specific question about parking, there is a good chance you will find it <a href=\"https:\/\/operapaskaret.se\/parkering\/\">here<\/a>.<\/p>\n<p style=\"font-weight: 400;\"><strong>How far is the parking from the Opera House?<br \/><\/strong>It\u2019s about 50 meters from one end of the parking lot to the opera house, but walking distance varies depending on where you park and where you\u2019re seated in the opera house. You can see a picture for a better idea of the layout <a href=\"https:\/\/operapaskaret.se\/parkering\/\">here<\/a>. There\u2019s also a map of the area if you click <a href=\"https:\/\/operapaskaret.se\/en\/your-visit\/\">here<\/a> and scroll to the bottom of the page.<\/p>\n<p style=\"font-weight: 400;\"><strong>Is there a parking fee?<br \/><\/strong>Yes, there is. <a href=\"https:\/\/operapaskaret.se\/parkering\/\">Here<\/a> you\u2019ll find information about fees and other practical details.<\/p>\n<p style=\"font-weight: 400;\"><strong>How far is the restaurant from the opera house?<br \/><\/strong>It\u2019s about 100 meters between the opera house and the restaurant. A map of the area is also available if you click <a href=\"https:\/\/operapaskaret.se\/ditt-besok\/https:\/operapaskaret.se\/ditt-besok\/\">here<\/a> and scroll to the bottom of the page.<\/p>\n<p style=\"font-weight: 400;\"><strong>Can we book a motorhome parking spot?<br \/><\/strong>You don\u2019t need to book a motorhome spot. Please read more <a href=\"https:\/\/operapaskaret.se\/parkering\/\">here<\/a> about what applies to motorhomes at Opera p\u00e5 Sk\u00e4ret\u2019s parking area.<\/p>\n<p style=\"font-weight: 400;\"><strong>We\u2019ve bought tickets for the Opera Pub and would like to stay overnight in our caravan in the parking lot. Is that alllowed? <br \/><\/strong>Yes, it\u2019s fine to stay overnight in connection with attending the pub.<\/p>\n<p>[\/et_pb_accordion_item][et_pb_accordion_item title=&#8221;THE OPERA BUSES&#8221; _builder_version=&#8221;4.27.4&#8243; _module_preset=&#8221;default&#8221; global_colors_info=&#8221;{}&#8221; open=&#8221;off&#8221;]<\/p>\n<div>\n<p><span>If you haven\u2019t found the answer to your specific question about the opera buses, there\u2019s a good chance you\u2019ll find it <\/span><span><a href=\"https:\/\/operapaskaret.se\/en\/operabus\/\">here<\/a>.<\/p>\n<p><\/span><\/p>\n<div>\n<p><b><span>If I want to take the opera buses to Sk\u00e4ret, do I buy the performance tickets separately?<br \/><\/span><\/b>Yes, the opera tickets are purchased separately.<\/p>\n<\/div>\n<\/div>\n<p style=\"font-weight: 400;\"><a href=\"https:\/\/operapaskaret.se\/en\/operabus\/\"><\/a><\/p>\n<p>[\/et_pb_accordion_item][et_pb_accordion_item title=&#8221;TICKETS&#8221; _builder_version=&#8221;4.27.4&#8243; _module_preset=&#8221;default&#8221; global_colors_info=&#8221;{}&#8221; open=&#8221;off&#8221;]<\/p>\n<p style=\"font-weight: 400;\">If you don\u2019t find the answer to your specific question about tickets, there is a good chance you\u2019ll find it <a href=\"https:\/\/operapaskaret.se\/en\/tickets\/\">here<\/a><\/p>\n<p style=\"font-weight: 400;\"><strong>We\u2019ve bought tickets but need to change the date\u2014are we able to do that?<br \/><\/strong>It is possible to change the date, provided there are available seats. Contact the <a href=\"https:\/\/operapaskaret.se\/en\/contact\/\">ticket office<\/a> for assistance.<\/p>\n<p style=\"font-weight: 400;\"><strong>I selected two seats during online booking but decided to check another date. When I went back, the two seats were taken\u2014what happened?<br \/><\/strong>Once seats are selected, they are locked in the system for about 15\u201320 minutes, then released.<\/p>\n<p style=\"font-weight: 400;\"><strong>I\u2019ve lost my ticket. Do you have a record of my purchase so I can get a new one?<br \/><\/strong>Contact the <a href=\"https:\/\/operapaskaret.se\/en\/contact\/\">ticket office<\/a> in good time and they will help you<\/p>\n<p style=\"font-weight: 400;\">\u00a0<strong>I bought a ticket but can\u2019t attend. What can I do?<br \/><\/strong>Unfortunately, we do not offer refunds. If you bought the ticket online and added insurance from Nortic, there may be a possibility of reimbursement. Contact Nortic (tel. 0455-619700) for more information.<\/p>\n<p style=\"font-weight: 400;\"><strong>Are the tickets for personal use only, or can I give them away?<br \/><\/strong>You can absolutely give them to someone else.<\/p>\n<p style=\"font-weight: 400;\"><strong>Do you sell gift cards?<br \/><\/strong>Yes, contact the ticket office at phone:<br \/>+46 580 711 00 or email:<span>\u00a0<\/span><a href=\"mailto:biljetter@operapaskaret.se\">biljetter@operapaskaret.se<\/a><span>\u00a0<\/span>if you\u2019re interested in buying a gift card. Please provide the following details:<\/p>\n<ul style=\"font-weight: 400;\">\n<li>Amount<\/li>\n<li>Name of the recipient<\/li>\n<li>Any message, e.g., \u201cHappy Birthday\u2026\u201d<\/li>\n<li>Name and address of the recipient<\/li>\n<\/ul>\n<p style=\"font-weight: 400;\">\u00a0Once we receive this information, we will send you payment details. After payment is received, the gift card will be sent out to you.<span><\/span><\/p>\n<p>[\/et_pb_accordion_item][et_pb_accordion_item title=&#8221;BAG BAN&#8221; _builder_version=&#8221;4.27.4&#8243; _module_preset=&#8221;default&#8221; global_colors_info=&#8221;{}&#8221; open=&#8221;off&#8221;]<\/p>\n<div>\n<p><b><span>Bag bans are in place at many events in Sweden. Does Opera p\u00e5 Sk\u00e4ret enforce this?<br \/><\/span><\/b>We are not subject to the bag ban, but large bags are not allowed. A small handbag that you show to staff at the entrance is fine.<\/p>\n<\/div>\n<p>[\/et_pb_accordion_item][et_pb_accordion_item title=&#8221;INTERMISSION&#8221; _builder_version=&#8221;4.27.4&#8243; _module_preset=&#8221;default&#8221; global_colors_info=&#8221;{}&#8221; open=&#8221;off&#8221;]<\/p>\n<div>\n<p><b><span>How long is the performance?<br \/><\/span><\/b>About 3 hours, including intermission.<\/p>\n<\/div>\n<p>[\/et_pb_accordion_item][et_pb_accordion_item title=&#8221;FOOD &#038; DRINKS&#8221; open=&#8221;off&#8221; _builder_version=&#8221;4.27.5&#8243; _module_preset=&#8221;default&#8221; hover_enabled=&#8221;0&#8243; global_colors_info=&#8221;{}&#8221; sticky_enabled=&#8221;0&#8243;]<\/p>\n<p style=\"font-weight: 400;\">If you haven\u2019t found the answer to your specific question about food and drink, there\u2019s a good chance you\u2019ll find it <a href=\"https:\/\/operapaskaret.se\/mat-dryck\/https:\/operapaskaret.se\/mat-dryck\/\">here<\/a><\/p>\n<p><strong>We would like to eat before the performance begins\u2014what are the options?<br \/><\/strong>At the restaurant in Sk\u00e4ret, you can enjoy our Opera Buffet. The buffet is served before and after the performance.<\/p>\n<p style=\"font-weight: 400;\">After the performance, simpler dishes are also available, but these can only be bought on-site.<\/p>\n<p style=\"font-weight: 400;\">We recommend purchasing the buffet in advance, up to 10 days before your visit.<\/p>\n<p style=\"font-weight: 400;\"><strong>Can we bring our own picnic?<br \/><\/strong>You are welcome to eat your picnic at the tables adjacent to the parking lot. Picnicking is not allowed on the opera grounds.<\/p>\n<p>[\/et_pb_accordion_item][et_pb_accordion_item title=&#8221;ACCESSIBILITY&#8221; _builder_version=&#8221;4.27.4&#8243; _module_preset=&#8221;default&#8221; global_colors_info=&#8221;{}&#8221; open=&#8221;off&#8221;]<\/p>\n<div>\n<p><span>If you haven\u2019t found the answer to your specific question about accessibility, there\u2019s a good chance you\u2019ll find it <\/span><span><a href=\"https:\/\/operapaskaret.se\/en\/accessibility\/\">here.<\/a><\/span><\/p>\n<\/div>\n<div>\n<p><b><span><br \/>Is it okay to bring a walker and fold it next to our seats?<br \/><\/span><\/b>It\u2019s fine to enter with a walker. One of the hosts will help you place it outside the opera house during the performance.<\/p>\n<\/div>\n<p>[\/et_pb_accordion_item][\/et_pb_accordion][\/et_pb_column][et_pb_column type=&#8221;1_3&#8243; _builder_version=&#8221;4.27.4&#8243; _module_preset=&#8221;default&#8221; global_colors_info=&#8221;{}&#8221;][\/et_pb_column][\/et_pb_row][\/et_pb_section]<\/p>\n","protected":false},"excerpt":{"rendered":"<p>questions and answers &nbsp;If you can\u2019t find the answer to your specific question about the Opera Train, there\u2019s a good chance you\u2019ll find it here. How do I book tickets to the Opera Train?Tickets can be booked both online and via the ticket office. A service charge of 50 SEK is charged for purchases through [&hellip;]<\/p>\n","protected":false},"author":1,"featured_media":0,"parent":0,"menu_order":0,"comment_status":"closed","ping_status":"closed","template":"","meta":{"_et_pb_use_builder":"on","_et_pb_old_content":"","_et_gb_content_width":"","inline_featured_image":false,"footnotes":""},"class_list":["post-9779","page","type-page","status-publish","hentry"],"yoast_head":"<!-- This site is optimized with the Yoast SEO plugin v27.5 - https:\/\/yoast.com\/product\/yoast-seo-wordpress\/ -->\n<title>Fr\u00e5gor och svar - Opera p\u00e5 Sk\u00e4ret<\/title>\n<meta name=\"robots\" content=\"index, follow, max-snippet:-1, max-image-preview:large, max-video-preview:-1\" \/>\n<link rel=\"canonical\" href=\"https:\/\/operapaskaret.se\/en\/fragor-och-svar\/\" \/>\n<meta property=\"og:locale\" content=\"en_US\" \/>\n<meta property=\"og:type\" content=\"article\" \/>\n<meta property=\"og:title\" content=\"Fr\u00e5gor och svar - Opera p\u00e5 Sk\u00e4ret\" \/>\n<meta property=\"og:description\" content=\"questions and answers &nbsp;If you can\u2019t find the answer to your specific question about the Opera Train, there\u2019s a good chance you\u2019ll find it here. How do I book tickets to the Opera Train?Tickets can be booked both online and via the ticket office. A service charge of 50 SEK is charged for purchases through [&hellip;]\" \/>\n<meta property=\"og:url\" content=\"https:\/\/operapaskaret.se\/en\/fragor-och-svar\/\" \/>\n<meta property=\"og:site_name\" content=\"Opera p\u00e5 Sk\u00e4ret\" \/>\n<meta property=\"article:publisher\" content=\"https:\/\/www.facebook.com\/operapaskaret\" \/>\n<meta property=\"article:modified_time\" content=\"2026-02-05T09:32:45+00:00\" \/>\n<meta name=\"twitter:card\" content=\"summary_large_image\" \/>\n<meta name=\"twitter:label1\" content=\"Est. reading time\" \/>\n\t<meta name=\"twitter:data1\" content=\"5 minutes\" \/>\n<script type=\"application\/ld+json\" class=\"yoast-schema-graph\">{\"@context\":\"https:\\\/\\\/schema.org\",\"@graph\":[{\"@type\":\"WebPage\",\"@id\":\"https:\\\/\\\/operapaskaret.se\\\/en\\\/fragor-och-svar\\\/\",\"url\":\"https:\\\/\\\/operapaskaret.se\\\/en\\\/fragor-och-svar\\\/\",\"name\":\"Fr\u00e5gor och svar - Opera p\u00e5 Sk\u00e4ret\",\"isPartOf\":{\"@id\":\"https:\\\/\\\/operapaskaret.se\\\/#website\"},\"datePublished\":\"2025-04-22T09:51:40+00:00\",\"dateModified\":\"2026-02-05T09:32:45+00:00\",\"breadcrumb\":{\"@id\":\"https:\\\/\\\/operapaskaret.se\\\/en\\\/fragor-och-svar\\\/#breadcrumb\"},\"inLanguage\":\"en-US\",\"potentialAction\":[{\"@type\":\"ReadAction\",\"target\":[\"https:\\\/\\\/operapaskaret.se\\\/en\\\/fragor-och-svar\\\/\"]}]},{\"@type\":\"BreadcrumbList\",\"@id\":\"https:\\\/\\\/operapaskaret.se\\\/en\\\/fragor-och-svar\\\/#breadcrumb\",\"itemListElement\":[{\"@type\":\"ListItem\",\"position\":1,\"name\":\"Hem\",\"item\":\"https:\\\/\\\/operapaskaret.se\\\/en\\\/\"},{\"@type\":\"ListItem\",\"position\":2,\"name\":\"Fr\u00e5gor och svar\"}]},{\"@type\":\"WebSite\",\"@id\":\"https:\\\/\\\/operapaskaret.se\\\/#website\",\"url\":\"https:\\\/\\\/operapaskaret.se\\\/\",\"name\":\"Opera p\u00e5 Sk\u00e4ret\",\"description\":\"The Opera Festival in the heart of Sweden\",\"publisher\":{\"@id\":\"https:\\\/\\\/operapaskaret.se\\\/#organization\"},\"potentialAction\":[{\"@type\":\"SearchAction\",\"target\":{\"@type\":\"EntryPoint\",\"urlTemplate\":\"https:\\\/\\\/operapaskaret.se\\\/?s={search_term_string}\"},\"query-input\":{\"@type\":\"PropertyValueSpecification\",\"valueRequired\":true,\"valueName\":\"search_term_string\"}}],\"inLanguage\":\"en-US\"},{\"@type\":\"Organization\",\"@id\":\"https:\\\/\\\/operapaskaret.se\\\/#organization\",\"name\":\"Opera p\u00e5 Sk\u00e4ret\",\"url\":\"https:\\\/\\\/operapaskaret.se\\\/\",\"logo\":{\"@type\":\"ImageObject\",\"inLanguage\":\"en-US\",\"@id\":\"https:\\\/\\\/operapaskaret.se\\\/#\\\/schema\\\/logo\\\/image\\\/\",\"url\":\"https:\\\/\\\/operapaskaret.se\\\/wp-content\\\/uploads\\\/2023\\\/01\\\/OPS_Logo_2023_b.svg\",\"contentUrl\":\"https:\\\/\\\/operapaskaret.se\\\/wp-content\\\/uploads\\\/2023\\\/01\\\/OPS_Logo_2023_b.svg\",\"width\":\"1024\",\"height\":\"1024\",\"caption\":\"Opera p\u00e5 Sk\u00e4ret\"},\"image\":{\"@id\":\"https:\\\/\\\/operapaskaret.se\\\/#\\\/schema\\\/logo\\\/image\\\/\"},\"sameAs\":[\"https:\\\/\\\/www.facebook.com\\\/operapaskaret\",\"https:\\\/\\\/www.instagram.com\\\/operapaskaret\\\/\"]}]}<\/script>\n<!-- \/ Yoast SEO plugin. -->","yoast_head_json":{"title":"Fr\u00e5gor och svar - Opera p\u00e5 Sk\u00e4ret","robots":{"index":"index","follow":"follow","max-snippet":"max-snippet:-1","max-image-preview":"max-image-preview:large","max-video-preview":"max-video-preview:-1"},"canonical":"https:\/\/operapaskaret.se\/en\/fragor-och-svar\/","og_locale":"en_US","og_type":"article","og_title":"Fr\u00e5gor och svar - Opera p\u00e5 Sk\u00e4ret","og_description":"questions and answers &nbsp;If you can\u2019t find the answer to your specific question about the Opera Train, there\u2019s a good chance you\u2019ll find it here. How do I book tickets to the Opera Train?Tickets can be booked both online and via the ticket office. A service charge of 50 SEK is charged for purchases through [&hellip;]","og_url":"https:\/\/operapaskaret.se\/en\/fragor-och-svar\/","og_site_name":"Opera p\u00e5 Sk\u00e4ret","article_publisher":"https:\/\/www.facebook.com\/operapaskaret","article_modified_time":"2026-02-05T09:32:45+00:00","twitter_card":"summary_large_image","twitter_misc":{"Est. reading time":"5 minutes"},"schema":{"@context":"https:\/\/schema.org","@graph":[{"@type":"WebPage","@id":"https:\/\/operapaskaret.se\/en\/fragor-och-svar\/","url":"https:\/\/operapaskaret.se\/en\/fragor-och-svar\/","name":"Fr\u00e5gor och svar - Opera p\u00e5 Sk\u00e4ret","isPartOf":{"@id":"https:\/\/operapaskaret.se\/#website"},"datePublished":"2025-04-22T09:51:40+00:00","dateModified":"2026-02-05T09:32:45+00:00","breadcrumb":{"@id":"https:\/\/operapaskaret.se\/en\/fragor-och-svar\/#breadcrumb"},"inLanguage":"en-US","potentialAction":[{"@type":"ReadAction","target":["https:\/\/operapaskaret.se\/en\/fragor-och-svar\/"]}]},{"@type":"BreadcrumbList","@id":"https:\/\/operapaskaret.se\/en\/fragor-och-svar\/#breadcrumb","itemListElement":[{"@type":"ListItem","position":1,"name":"Hem","item":"https:\/\/operapaskaret.se\/en\/"},{"@type":"ListItem","position":2,"name":"Fr\u00e5gor och svar"}]},{"@type":"WebSite","@id":"https:\/\/operapaskaret.se\/#website","url":"https:\/\/operapaskaret.se\/","name":"Opera p\u00e5 Sk\u00e4ret","description":"The Opera Festival in the heart of Sweden","publisher":{"@id":"https:\/\/operapaskaret.se\/#organization"},"potentialAction":[{"@type":"SearchAction","target":{"@type":"EntryPoint","urlTemplate":"https:\/\/operapaskaret.se\/?s={search_term_string}"},"query-input":{"@type":"PropertyValueSpecification","valueRequired":true,"valueName":"search_term_string"}}],"inLanguage":"en-US"},{"@type":"Organization","@id":"https:\/\/operapaskaret.se\/#organization","name":"Opera p\u00e5 Sk\u00e4ret","url":"https:\/\/operapaskaret.se\/","logo":{"@type":"ImageObject","inLanguage":"en-US","@id":"https:\/\/operapaskaret.se\/#\/schema\/logo\/image\/","url":"https:\/\/operapaskaret.se\/wp-content\/uploads\/2023\/01\/OPS_Logo_2023_b.svg","contentUrl":"https:\/\/operapaskaret.se\/wp-content\/uploads\/2023\/01\/OPS_Logo_2023_b.svg","width":"1024","height":"1024","caption":"Opera p\u00e5 Sk\u00e4ret"},"image":{"@id":"https:\/\/operapaskaret.se\/#\/schema\/logo\/image\/"},"sameAs":["https:\/\/www.facebook.com\/operapaskaret","https:\/\/www.instagram.com\/operapaskaret\/"]}]}},"_links":{"self":[{"href":"https:\/\/operapaskaret.se\/en\/wp-json\/wp\/v2\/pages\/9779","targetHints":{"allow":["GET"]}}],"collection":[{"href":"https:\/\/operapaskaret.se\/en\/wp-json\/wp\/v2\/pages"}],"about":[{"href":"https:\/\/operapaskaret.se\/en\/wp-json\/wp\/v2\/types\/page"}],"author":[{"embeddable":true,"href":"https:\/\/operapaskaret.se\/en\/wp-json\/wp\/v2\/users\/1"}],"replies":[{"embeddable":true,"href":"https:\/\/operapaskaret.se\/en\/wp-json\/wp\/v2\/comments?post=9779"}],"version-history":[{"count":26,"href":"https:\/\/operapaskaret.se\/en\/wp-json\/wp\/v2\/pages\/9779\/revisions"}],"predecessor-version":[{"id":11474,"href":"https:\/\/operapaskaret.se\/en\/wp-json\/wp\/v2\/pages\/9779\/revisions\/11474"}],"wp:attachment":[{"href":"https:\/\/operapaskaret.se\/en\/wp-json\/wp\/v2\/media?parent=9779"}],"curies":[{"name":"wp","href":"https:\/\/api.w.org\/{rel}","templated":true}]}}